{"id":44152,"date":"2025-09-22T12:28:56","date_gmt":"2025-09-22T15:28:56","guid":{"rendered":"https:\/\/agenciavicco.com.br\/pontal\/marinas-2\/"},"modified":"2025-12-04T10:05:29","modified_gmt":"2025-12-04T13:05:29","slug":"fotos","status":"publish","type":"page","link":"https:\/\/agenciavicco.com.br\/pontalespanhol\/fotos\/","title":{"rendered":"Fotos"},"content":{"rendered":"\t\t<div data-elementor-type=\"wp-page\" data-elementor-id=\"44152\" class=\"elementor elementor-44152\" data-elementor-post-type=\"page\">\n\t\t\t\t\t\t<section class=\"elementor-section elementor-top-section elementor-element elementor-element-8bf94ab elementor-section-full_width elementor-section-stretched elementor-section-height-default elementor-section-height-default sc_fly_static\" data-id=\"8bf94ab\" data-element_type=\"section\" data-e-type=\"section\" data-settings=\"{&quot;stretch_section&quot;:&quot;section-stretched&quot;,&quot;background_background&quot;:&quot;classic&quot;}\">\n\t\t\t\t\t\t\t<div class=\"elementor-background-overlay\"><\/div>\n\t\t\t\t\t\t\t<div class=\"elementor-container elementor-column-gap-extended\">\n\t\t\t\t\t<div class=\"elementor-column elementor-col-100 elementor-top-column elementor-element elementor-element-a0277b8 sc_content_align_inherit sc_layouts_column_icons_position_left sc_fly_static\" data-id=\"a0277b8\" data-element_type=\"column\" data-e-type=\"column\">\n\t\t\t<div class=\"elementor-widget-wrap elementor-element-populated\">\n\t\t\t\t\t\t<div class=\"elementor-element elementor-element-4d0afac sc_fly_static elementor-widget elementor-widget-spacer\" data-id=\"4d0afac\" data-element_type=\"widget\" data-e-type=\"widget\" data-widget_type=\"spacer.default\">\n\t\t\t\t<div class=\"elementor-widget-container\">\n\t\t\t\t\t\t\t<div class=\"elementor-spacer\">\n\t\t\t<div class=\"elementor-spacer-inner\"><\/div>\n\t\t<\/div>\n\t\t\t\t\t\t<\/div>\n\t\t\t\t<\/div>\n\t\t\t\t<div class=\"elementor-element elementor-element-b12bd6b sc_fly_static elementor-widget elementor-widget-trx_sc_title\" data-id=\"b12bd6b\" data-element_type=\"widget\" data-e-type=\"widget\" data-widget_type=\"trx_sc_title.default\">\n\t\t\t\t<div class=\"elementor-widget-container\">\n\t\t\t\t\t<div\t\tclass=\"sc_title color_style_dark sc_title_default\" ><h1 class=\"sc_item_title sc_title_title sc_align_center sc_item_title_style_default sc_item_title_tag trx_addons_inline_132768777\"\n\t\t\t><span class=\"sc_item_title_text\">GALER\u00cdA DE FOTOS<\/span><\/h1><\/div>\t\t\t\t<\/div>\n\t\t\t\t<\/div>\n\t\t\t\t<div class=\"elementor-element elementor-element-38bcc58 sc_fly_static elementor-widget elementor-widget-spacer\" data-id=\"38bcc58\" data-element_type=\"widget\" data-e-type=\"widget\" data-widget_type=\"spacer.default\">\n\t\t\t\t<div class=\"elementor-widget-container\">\n\t\t\t\t\t\t\t<div class=\"elementor-spacer\">\n\t\t\t<div class=\"elementor-spacer-inner\"><\/div>\n\t\t<\/div>\n\t\t\t\t\t\t<\/div>\n\t\t\t\t<\/div>\n\t\t\t\t\t<\/div>\n\t\t<\/div>\n\t\t\t\t\t<\/div>\n\t\t<\/section>\n\t\t\t\t<section class=\"elementor-section elementor-top-section elementor-element elementor-element-034e3cb elementor-section-full_width elementor-section-height-default elementor-section-height-default sc_fly_static\" data-id=\"034e3cb\" data-element_type=\"section\" data-e-type=\"section\" data-settings=\"{&quot;background_background&quot;:&quot;classic&quot;}\">\n\t\t\t\t\t\t<div class=\"elementor-container elementor-column-gap-extended\">\n\t\t\t\t\t<div class=\"elementor-column elementor-col-100 elementor-top-column elementor-element elementor-element-5458e64 sc_content_align_inherit sc_layouts_column_icons_position_left sc_fly_static\" data-id=\"5458e64\" data-element_type=\"column\" data-e-type=\"column\">\n\t\t\t<div class=\"elementor-widget-wrap elementor-element-populated\">\n\t\t\t\t\t\t<div class=\"elementor-element elementor-element-a5d545e sc_height_large sc_fly_static elementor-widget elementor-widget-spacer\" data-id=\"a5d545e\" data-element_type=\"widget\" data-e-type=\"widget\" data-widget_type=\"spacer.default\">\n\t\t\t\t<div class=\"elementor-widget-container\">\n\t\t\t\t\t\t\t<div class=\"elementor-spacer\">\n\t\t\t<div class=\"elementor-spacer-inner\"><\/div>\n\t\t<\/div>\n\t\t\t\t\t\t<\/div>\n\t\t\t\t<\/div>\n\t\t\t\t<div class=\"elementor-element elementor-element-65f1332 sc_layouts_hide_on_tablet sc_layouts_hide_on_mobile sc_fly_static elementor-widget elementor-widget-spacer\" data-id=\"65f1332\" data-element_type=\"widget\" data-e-type=\"widget\" data-widget_type=\"spacer.default\">\n\t\t\t\t<div class=\"elementor-widget-container\">\n\t\t\t\t\t\t\t<div class=\"elementor-spacer\">\n\t\t\t<div class=\"elementor-spacer-inner\"><\/div>\n\t\t<\/div>\n\t\t\t\t\t\t<\/div>\n\t\t\t\t<\/div>\n\t\t\t\t<section class=\"elementor-section elementor-inner-section elementor-element elementor-element-257dddc elementor-section-full_width elementor-section-height-default elementor-section-height-default sc_fly_static\" data-id=\"257dddc\" data-element_type=\"section\" data-e-type=\"section\">\n\t\t\t\t\t\t<div class=\"elementor-container elementor-column-gap-custom\">\n\t\t\t\t\t<div class=\"elementor-column elementor-col-100 elementor-inner-column elementor-element elementor-element-d49a3d2 sc_content_align_inherit sc_layouts_column_icons_position_left sc_fly_static\" data-id=\"d49a3d2\" data-element_type=\"column\" data-e-type=\"column\">\n\t\t\t<div class=\"elementor-widget-wrap elementor-element-populated\">\n\t\t\t\t\t\t<div data-animation-type=\"char\" data-animation-stagger=\"10\" class=\"elementor-element elementor-element-fb306e1 elementor-widget-tablet__width-initial elementor-widget-mobile__width-inherit animation_type_char sc_fly_static elementor-invisible elementor-widget elementor-widget-trx_sc_title\" data-id=\"fb306e1\" data-element_type=\"widget\" data-e-type=\"widget\" data-settings=\"{&quot;_animation&quot;:&quot;cabana-fadeinup&quot;,&quot;_animation_delay&quot;:0}\" data-widget_type=\"trx_sc_title.default\">\n\t\t\t\t<div class=\"elementor-widget-container\">\n\t\t\t\t\t<div\t\tclass=\"sc_title sc_title_default\" ><h4 class=\"sc_item_title sc_title_title sc_align_center sc_item_title_style_default sc_item_title_tag\"\n\t\t\t><span class=\"sc_item_title_text\">En Pontal do Paran\u00e1 registrar\u00e1s momentos inolvidables.<\/span><\/h4><\/div>\t\t\t\t<\/div>\n\t\t\t\t<\/div>\n\t\t\t\t\t<\/div>\n\t\t<\/div>\n\t\t\t\t\t<\/div>\n\t\t<\/section>\n\t\t\t\t<div class=\"elementor-element elementor-element-b20bb93 sc_height_medium sc_fly_static elementor-widget elementor-widget-spacer\" data-id=\"b20bb93\" data-element_type=\"widget\" data-e-type=\"widget\" data-widget_type=\"spacer.default\">\n\t\t\t\t<div class=\"elementor-widget-container\">\n\t\t\t\t\t\t\t<div class=\"elementor-spacer\">\n\t\t\t<div class=\"elementor-spacer-inner\"><\/div>\n\t\t<\/div>\n\t\t\t\t\t\t<\/div>\n\t\t\t\t<\/div>\n\t\t\t\t\t<\/div>\n\t\t<\/div>\n\t\t\t\t\t<\/div>\n\t\t<\/section>\n\t\t\t\t<section class=\"elementor-section elementor-top-section elementor-element elementor-element-1c6ba14 elementor-section-full_width scheme_default elementor-section-height-default elementor-section-height-default sc_fly_static\" data-id=\"1c6ba14\" data-element_type=\"section\" data-e-type=\"section\" data-settings=\"{&quot;background_background&quot;:&quot;classic&quot;}\">\n\t\t\t\t\t\t<div class=\"elementor-container elementor-column-gap-no\">\n\t\t\t\t\t<div class=\"elementor-column elementor-col-100 elementor-top-column elementor-element elementor-element-aa68f3f sc_content_align_inherit sc_layouts_column_icons_position_left sc_fly_static\" data-id=\"aa68f3f\" data-element_type=\"column\" data-e-type=\"column\">\n\t\t\t<div class=\"elementor-widget-wrap elementor-element-populated\">\n\t\t\t\t\t\t<div class=\"elementor-element elementor-element-c6ce197 sc_fly_static elementor-widget elementor-widget-gallery\" data-id=\"c6ce197\" data-element_type=\"widget\" data-e-type=\"widget\" data-settings=\"{&quot;gallery_layout&quot;:&quot;justified&quot;,&quot;ideal_row_height&quot;:{&quot;unit&quot;:&quot;px&quot;,&quot;size&quot;:400,&quot;sizes&quot;:[]},&quot;lazyload&quot;:&quot;yes&quot;,&quot;ideal_row_height_tablet&quot;:{&quot;unit&quot;:&quot;px&quot;,&quot;size&quot;:150,&quot;sizes&quot;:[]},&quot;ideal_row_height_mobile&quot;:{&quot;unit&quot;:&quot;px&quot;,&quot;size&quot;:150,&quot;sizes&quot;:[]},&quot;gap&quot;:{&quot;unit&quot;:&quot;px&quot;,&quot;size&quot;:10,&quot;sizes&quot;:[]},&quot;gap_tablet&quot;:{&quot;unit&quot;:&quot;px&quot;,&quot;size&quot;:10,&quot;sizes&quot;:[]},&quot;gap_mobile&quot;:{&quot;unit&quot;:&quot;px&quot;,&quot;size&quot;:10,&quot;sizes&quot;:[]},&quot;link_to&quot;:&quot;file&quot;,&quot;overlay_background&quot;:&quot;yes&quot;,&quot;content_hover_animation&quot;:&quot;fade-in&quot;}\" data-widget_type=\"gallery.default\">\n\t\t\t\t<div class=\"elementor-widget-container\">\n\t\t\t\t\t\t\t<div class=\"elementor-gallery__container\">\n\t\t\t\t\t\t\t<a class=\"e-gallery-item elementor-gallery-item elementor-animated-content\" href=\"https:\/\/agenciavicco.com.br\/pontalespanhol\/wp-content\/uploads\/2025\/09\/Atami.webp\" data-elementor-open-lightbox=\"yes\" data-elementor-lightbox-slideshow=\"c6ce197\" data-elementor-lightbox-title=\"Atami\" data-e-action-hash=\"#elementor-action%3Aaction%3Dlightbox%26settings%3DeyJpZCI6NDQxNTQsInVybCI6Imh0dHBzOlwvXC9hZ2VuY2lhdmljY28uY29tLmJyXC9wb250YWxlc3BhbmhvbFwvd3AtY29udGVudFwvdXBsb2Fkc1wvMjAyNVwvMDlcL0F0YW1pLndlYnAiLCJzbGlkZXNob3ciOiJjNmNlMTk3In0%3D\">\n\t\t\t\t\t<div class=\"e-gallery-image elementor-gallery-item__image\" data-thumbnail=\"https:\/\/agenciavicco.com.br\/pontalespanhol\/wp-content\/uploads\/2025\/09\/Atami-370x493.webp\" data-width=\"370\" data-height=\"493\" aria-label=\"\" role=\"img\" ><\/div>\n\t\t\t\t\t\t\t\t\t\t\t<div class=\"elementor-gallery-item__overlay\"><\/div>\n\t\t\t\t\t\t\t\t\t\t\t\t\t\t<\/a>\n\t\t\t\t\t\t\t<a class=\"e-gallery-item elementor-gallery-item elementor-animated-content\" href=\"https:\/\/agenciavicco.com.br\/pontalespanhol\/wp-content\/uploads\/2025\/09\/terminal-embarque-pontal-do-sul.webp\" data-elementor-open-lightbox=\"yes\" data-elementor-lightbox-slideshow=\"c6ce197\" data-elementor-lightbox-title=\"terminal-embarque-pontal-do-sul\" data-e-action-hash=\"#elementor-action%3Aaction%3Dlightbox%26settings%3DeyJpZCI6NDQxNTUsInVybCI6Imh0dHBzOlwvXC9hZ2VuY2lhdmljY28uY29tLmJyXC9wb250YWxlc3BhbmhvbFwvd3AtY29udGVudFwvdXBsb2Fkc1wvMjAyNVwvMDlcL3Rlcm1pbmFsLWVtYmFycXVlLXBvbnRhbC1kby1zdWwud2VicCIsInNsaWRlc2hvdyI6ImM2Y2UxOTcifQ%3D%3D\">\n\t\t\t\t\t<div class=\"e-gallery-image elementor-gallery-item__image\" data-thumbnail=\"https:\/\/agenciavicco.com.br\/pontalespanhol\/wp-content\/uploads\/2025\/09\/terminal-embarque-pontal-do-sul-370x493.webp\" data-width=\"370\" data-height=\"493\" aria-label=\"\" role=\"img\" ><\/div>\n\t\t\t\t\t\t\t\t\t\t\t<div class=\"elementor-gallery-item__overlay\"><\/div>\n\t\t\t\t\t\t\t\t\t\t\t\t\t\t<\/a>\n\t\t\t\t\t\t\t<a class=\"e-gallery-item elementor-gallery-item elementor-animated-content\" href=\"https:\/\/agenciavicco.com.br\/pontalespanhol\/wp-content\/uploads\/2025\/09\/praia-pontal-do-sul-pr.webp\" data-elementor-open-lightbox=\"yes\" data-elementor-lightbox-slideshow=\"c6ce197\" data-elementor-lightbox-title=\"praia-pontal-do-sul-pr\" data-e-action-hash=\"#elementor-action%3Aaction%3Dlightbox%26settings%3DeyJpZCI6NDQxNTYsInVybCI6Imh0dHBzOlwvXC9hZ2VuY2lhdmljY28uY29tLmJyXC9wb250YWxlc3BhbmhvbFwvd3AtY29udGVudFwvdXBsb2Fkc1wvMjAyNVwvMDlcL3ByYWlhLXBvbnRhbC1kby1zdWwtcHIud2VicCIsInNsaWRlc2hvdyI6ImM2Y2UxOTcifQ%3D%3D\">\n\t\t\t\t\t<div class=\"e-gallery-image elementor-gallery-item__image\" data-thumbnail=\"https:\/\/agenciavicco.com.br\/pontalespanhol\/wp-content\/uploads\/2025\/09\/praia-pontal-do-sul-pr-370x493.webp\" data-width=\"370\" data-height=\"493\" aria-label=\"\" role=\"img\" ><\/div>\n\t\t\t\t\t\t\t\t\t\t\t<div class=\"elementor-gallery-item__overlay\"><\/div>\n\t\t\t\t\t\t\t\t\t\t\t\t\t\t<\/a>\n\t\t\t\t\t\t\t<a class=\"e-gallery-item elementor-gallery-item elementor-animated-content\" href=\"https:\/\/agenciavicco.com.br\/pontalespanhol\/wp-content\/uploads\/2025\/09\/pontal-do-parana.webp\" data-elementor-open-lightbox=\"yes\" data-elementor-lightbox-slideshow=\"c6ce197\" data-elementor-lightbox-title=\"pontal-do-parana\" data-e-action-hash=\"#elementor-action%3Aaction%3Dlightbox%26settings%3DeyJpZCI6NDQxNTcsInVybCI6Imh0dHBzOlwvXC9hZ2VuY2lhdmljY28uY29tLmJyXC9wb250YWxlc3BhbmhvbFwvd3AtY29udGVudFwvdXBsb2Fkc1wvMjAyNVwvMDlcL3BvbnRhbC1kby1wYXJhbmEud2VicCIsInNsaWRlc2hvdyI6ImM2Y2UxOTcifQ%3D%3D\">\n\t\t\t\t\t<div class=\"e-gallery-image elementor-gallery-item__image\" data-thumbnail=\"https:\/\/agenciavicco.com.br\/pontalespanhol\/wp-content\/uploads\/2025\/09\/pontal-do-parana-370x493.webp\" data-width=\"370\" data-height=\"493\" aria-label=\"\" role=\"img\" ><\/div>\n\t\t\t\t\t\t\t\t\t\t\t<div class=\"elementor-gallery-item__overlay\"><\/div>\n\t\t\t\t\t\t\t\t\t\t\t\t\t\t<\/a>\n\t\t\t\t\t\t\t<a class=\"e-gallery-item elementor-gallery-item elementor-animated-content\" href=\"https:\/\/agenciavicco.com.br\/pontalespanhol\/wp-content\/uploads\/2025\/09\/pontal-do-parana-2.webp\" data-elementor-open-lightbox=\"yes\" data-elementor-lightbox-slideshow=\"c6ce197\" data-elementor-lightbox-title=\"pontal-do-parana-2\" data-e-action-hash=\"#elementor-action%3Aaction%3Dlightbox%26settings%3DeyJpZCI6NDQxNTgsInVybCI6Imh0dHBzOlwvXC9hZ2VuY2lhdmljY28uY29tLmJyXC9wb250YWxlc3BhbmhvbFwvd3AtY29udGVudFwvdXBsb2Fkc1wvMjAyNVwvMDlcL3BvbnRhbC1kby1wYXJhbmEtMi53ZWJwIiwic2xpZGVzaG93IjoiYzZjZTE5NyJ9\">\n\t\t\t\t\t<div class=\"e-gallery-image elementor-gallery-item__image\" data-thumbnail=\"https:\/\/agenciavicco.com.br\/pontalespanhol\/wp-content\/uploads\/2025\/09\/pontal-do-parana-2-370x493.webp\" data-width=\"370\" data-height=\"493\" aria-label=\"\" role=\"img\" ><\/div>\n\t\t\t\t\t\t\t\t\t\t\t<div class=\"elementor-gallery-item__overlay\"><\/div>\n\t\t\t\t\t\t\t\t\t\t\t\t\t\t<\/a>\n\t\t\t\t\t\t\t<a class=\"e-gallery-item elementor-gallery-item elementor-animated-content\" href=\"https:\/\/agenciavicco.com.br\/pontalespanhol\/wp-content\/uploads\/2025\/09\/ipanema-5.webp\" data-elementor-open-lightbox=\"yes\" data-elementor-lightbox-slideshow=\"c6ce197\" data-elementor-lightbox-title=\"ipanema-5\" data-e-action-hash=\"#elementor-action%3Aaction%3Dlightbox%26settings%3DeyJpZCI6NDQxNTksInVybCI6Imh0dHBzOlwvXC9hZ2VuY2lhdmljY28uY29tLmJyXC9wb250YWxlc3BhbmhvbFwvd3AtY29udGVudFwvdXBsb2Fkc1wvMjAyNVwvMDlcL2lwYW5lbWEtNS53ZWJwIiwic2xpZGVzaG93IjoiYzZjZTE5NyJ9\">\n\t\t\t\t\t<div class=\"e-gallery-image elementor-gallery-item__image\" data-thumbnail=\"https:\/\/agenciavicco.com.br\/pontalespanhol\/wp-content\/uploads\/2025\/09\/ipanema-5-370x493.webp\" data-width=\"370\" data-height=\"493\" aria-label=\"\" role=\"img\" ><\/div>\n\t\t\t\t\t\t\t\t\t\t\t<div class=\"elementor-gallery-item__overlay\"><\/div>\n\t\t\t\t\t\t\t\t\t\t\t\t\t\t<\/a>\n\t\t\t\t\t\t\t<a class=\"e-gallery-item elementor-gallery-item elementor-animated-content\" href=\"https:\/\/agenciavicco.com.br\/pontalespanhol\/wp-content\/uploads\/2025\/09\/ipanema-3.webp\" data-elementor-open-lightbox=\"yes\" data-elementor-lightbox-slideshow=\"c6ce197\" data-elementor-lightbox-title=\"ipanema-3\" data-e-action-hash=\"#elementor-action%3Aaction%3Dlightbox%26settings%3DeyJpZCI6NDQxNjAsInVybCI6Imh0dHBzOlwvXC9hZ2VuY2lhdmljY28uY29tLmJyXC9wb250YWxlc3BhbmhvbFwvd3AtY29udGVudFwvdXBsb2Fkc1wvMjAyNVwvMDlcL2lwYW5lbWEtMy53ZWJwIiwic2xpZGVzaG93IjoiYzZjZTE5NyJ9\">\n\t\t\t\t\t<div class=\"e-gallery-image elementor-gallery-item__image\" data-thumbnail=\"https:\/\/agenciavicco.com.br\/pontalespanhol\/wp-content\/uploads\/2025\/09\/ipanema-3-370x493.webp\" data-width=\"370\" data-height=\"493\" aria-label=\"\" role=\"img\" ><\/div>\n\t\t\t\t\t\t\t\t\t\t\t<div class=\"elementor-gallery-item__overlay\"><\/div>\n\t\t\t\t\t\t\t\t\t\t\t\t\t\t<\/a>\n\t\t\t\t\t\t\t<a class=\"e-gallery-item elementor-gallery-item elementor-animated-content\" href=\"https:\/\/agenciavicco.com.br\/pontalespanhol\/wp-content\/uploads\/2025\/09\/ipanema-1.webp\" data-elementor-open-lightbox=\"yes\" data-elementor-lightbox-slideshow=\"c6ce197\" data-elementor-lightbox-title=\"ipanema-1\" data-e-action-hash=\"#elementor-action%3Aaction%3Dlightbox%26settings%3DeyJpZCI6NDQxNjEsInVybCI6Imh0dHBzOlwvXC9hZ2VuY2lhdmljY28uY29tLmJyXC9wb250YWxlc3BhbmhvbFwvd3AtY29udGVudFwvdXBsb2Fkc1wvMjAyNVwvMDlcL2lwYW5lbWEtMS53ZWJwIiwic2xpZGVzaG93IjoiYzZjZTE5NyJ9\">\n\t\t\t\t\t<div class=\"e-gallery-image elementor-gallery-item__image\" data-thumbnail=\"https:\/\/agenciavicco.com.br\/pontalespanhol\/wp-content\/uploads\/2025\/09\/ipanema-1-370x493.webp\" data-width=\"370\" data-height=\"493\" aria-label=\"\" role=\"img\" ><\/div>\n\t\t\t\t\t\t\t\t\t\t\t<div class=\"elementor-gallery-item__overlay\"><\/div>\n\t\t\t\t\t\t\t\t\t\t\t\t\t\t<\/a>\n\t\t\t\t\t\t\t<a class=\"e-gallery-item elementor-gallery-item elementor-animated-content\" href=\"https:\/\/agenciavicco.com.br\/pontalespanhol\/wp-content\/uploads\/2025\/09\/balneario-em-pontal-do-parana-impropio-para-banho.webp\" data-elementor-open-lightbox=\"yes\" data-elementor-lightbox-slideshow=\"c6ce197\" data-elementor-lightbox-title=\"balneario-em-pontal-do-parana-impropio-para-banho\" data-e-action-hash=\"#elementor-action%3Aaction%3Dlightbox%26settings%3DeyJpZCI6NDQxNjIsInVybCI6Imh0dHBzOlwvXC9hZ2VuY2lhdmljY28uY29tLmJyXC9wb250YWxlc3BhbmhvbFwvd3AtY29udGVudFwvdXBsb2Fkc1wvMjAyNVwvMDlcL2JhbG5lYXJpby1lbS1wb250YWwtZG8tcGFyYW5hLWltcHJvcGlvLXBhcmEtYmFuaG8ud2VicCIsInNsaWRlc2hvdyI6ImM2Y2UxOTcifQ%3D%3D\">\n\t\t\t\t\t<div class=\"e-gallery-image elementor-gallery-item__image\" data-thumbnail=\"https:\/\/agenciavicco.com.br\/pontalespanhol\/wp-content\/uploads\/2025\/09\/balneario-em-pontal-do-parana-impropio-para-banho-370x466.webp\" data-width=\"370\" data-height=\"466\" aria-label=\"\" role=\"img\" ><\/div>\n\t\t\t\t\t\t\t\t\t\t\t<div class=\"elementor-gallery-item__overlay\"><\/div>\n\t\t\t\t\t\t\t\t\t\t\t\t\t\t<\/a>\n\t\t\t\t\t\t\t<a class=\"e-gallery-item elementor-gallery-item elementor-animated-content\" href=\"https:\/\/agenciavicco.com.br\/pontalespanhol\/wp-content\/uploads\/2025\/09\/canto-das-pedras.jpg\" data-elementor-open-lightbox=\"yes\" data-elementor-lightbox-slideshow=\"c6ce197\" data-elementor-lightbox-title=\"canto-das-pedras\" data-e-action-hash=\"#elementor-action%3Aaction%3Dlightbox%26settings%3DeyJpZCI6NDM1MDgsInVybCI6Imh0dHBzOlwvXC9hZ2VuY2lhdmljY28uY29tLmJyXC9wb250YWxlc3BhbmhvbFwvd3AtY29udGVudFwvdXBsb2Fkc1wvMjAyNVwvMDlcL2NhbnRvLWRhcy1wZWRyYXMuanBnIiwic2xpZGVzaG93IjoiYzZjZTE5NyJ9\">\n\t\t\t\t\t<div class=\"e-gallery-image elementor-gallery-item__image\" data-thumbnail=\"https:\/\/agenciavicco.com.br\/pontalespanhol\/wp-content\/uploads\/2025\/09\/canto-das-pedras-370x493.jpg\" data-width=\"370\" data-height=\"493\" aria-label=\"\" role=\"img\" ><\/div>\n\t\t\t\t\t\t\t\t\t\t\t<div class=\"elementor-gallery-item__overlay\"><\/div>\n\t\t\t\t\t\t\t\t\t\t\t\t\t\t<\/a>\n\t\t\t\t\t\t\t<a class=\"e-gallery-item elementor-gallery-item elementor-animated-content\" href=\"https:\/\/agenciavicco.com.br\/pontalespanhol\/wp-content\/uploads\/2025\/09\/Embarque-Pontal-do-Sul-.jpg\" data-elementor-open-lightbox=\"yes\" data-elementor-lightbox-slideshow=\"c6ce197\" data-elementor-lightbox-title=\"Embarque-Pontal-do-Sul-\" data-e-action-hash=\"#elementor-action%3Aaction%3Dlightbox%26settings%3DeyJpZCI6NDM1MTksInVybCI6Imh0dHBzOlwvXC9hZ2VuY2lhdmljY28uY29tLmJyXC9wb250YWxlc3BhbmhvbFwvd3AtY29udGVudFwvdXBsb2Fkc1wvMjAyNVwvMDlcL0VtYmFycXVlLVBvbnRhbC1kby1TdWwtLmpwZyIsInNsaWRlc2hvdyI6ImM2Y2UxOTcifQ%3D%3D\">\n\t\t\t\t\t<div class=\"e-gallery-image elementor-gallery-item__image\" data-thumbnail=\"https:\/\/agenciavicco.com.br\/pontalespanhol\/wp-content\/uploads\/2025\/09\/Embarque-Pontal-do-Sul--370x493.jpg\" data-width=\"370\" data-height=\"493\" aria-label=\"\" role=\"img\" ><\/div>\n\t\t\t\t\t\t\t\t\t\t\t<div class=\"elementor-gallery-item__overlay\"><\/div>\n\t\t\t\t\t\t\t\t\t\t\t\t\t\t<\/a>\n\t\t\t\t\t\t\t<a class=\"e-gallery-item elementor-gallery-item elementor-animated-content\" href=\"https:\/\/agenciavicco.com.br\/pontalespanhol\/wp-content\/uploads\/2025\/09\/Canoa-Shangrila.jpg\" data-elementor-open-lightbox=\"yes\" data-elementor-lightbox-slideshow=\"c6ce197\" data-elementor-lightbox-title=\"Canoa-Shangrila\" data-e-action-hash=\"#elementor-action%3Aaction%3Dlightbox%26settings%3DeyJpZCI6NDMzMDcsInVybCI6Imh0dHBzOlwvXC9hZ2VuY2lhdmljY28uY29tLmJyXC9wb250YWxlc3BhbmhvbFwvd3AtY29udGVudFwvdXBsb2Fkc1wvMjAyNVwvMDlcL0Nhbm9hLVNoYW5ncmlsYS5qcGciLCJzbGlkZXNob3ciOiJjNmNlMTk3In0%3D\">\n\t\t\t\t\t<div class=\"e-gallery-image elementor-gallery-item__image\" data-thumbnail=\"https:\/\/agenciavicco.com.br\/pontalespanhol\/wp-content\/uploads\/2025\/09\/Canoa-Shangrila-370x493.jpg\" data-width=\"370\" data-height=\"493\" aria-label=\"\" role=\"img\" ><\/div>\n\t\t\t\t\t\t\t\t\t\t\t<div class=\"elementor-gallery-item__overlay\"><\/div>\n\t\t\t\t\t\t\t\t\t\t\t\t\t\t<\/a>\n\t\t\t\t\t\t\t<a class=\"e-gallery-item elementor-gallery-item elementor-animated-content\" href=\"https:\/\/agenciavicco.com.br\/pontalespanhol\/wp-content\/uploads\/2025\/09\/WhatsApp-Image-2024-11-11-at-10.42.06-1-scaled-1.jpeg\" data-elementor-open-lightbox=\"yes\" data-elementor-lightbox-slideshow=\"c6ce197\" data-elementor-lightbox-title=\"WhatsApp-Image-2024-11-11-at-10.42.06-1-scaled\" data-e-action-hash=\"#elementor-action%3Aaction%3Dlightbox%26settings%3DeyJpZCI6NDMzMDIsInVybCI6Imh0dHBzOlwvXC9hZ2VuY2lhdmljY28uY29tLmJyXC9wb250YWxlc3BhbmhvbFwvd3AtY29udGVudFwvdXBsb2Fkc1wvMjAyNVwvMDlcL1doYXRzQXBwLUltYWdlLTIwMjQtMTEtMTEtYXQtMTAuNDIuMDYtMS1zY2FsZWQtMS5qcGVnIiwic2xpZGVzaG93IjoiYzZjZTE5NyJ9\">\n\t\t\t\t\t<div class=\"e-gallery-image elementor-gallery-item__image\" data-thumbnail=\"https:\/\/agenciavicco.com.br\/pontalespanhol\/wp-content\/uploads\/2025\/09\/WhatsApp-Image-2024-11-11-at-10.42.06-1-scaled-1-370x493.jpeg\" data-width=\"370\" data-height=\"493\" aria-label=\"\" role=\"img\" ><\/div>\n\t\t\t\t\t\t\t\t\t\t\t<div class=\"elementor-gallery-item__overlay\"><\/div>\n\t\t\t\t\t\t\t\t\t\t\t\t\t\t<\/a>\n\t\t\t\t\t\t\t<a class=\"e-gallery-item elementor-gallery-item elementor-animated-content\" href=\"https:\/\/agenciavicco.com.br\/pontalespanhol\/wp-content\/uploads\/2025\/09\/pesca-artesanal-pontal.jpg\" data-elementor-open-lightbox=\"yes\" data-elementor-lightbox-slideshow=\"c6ce197\" data-elementor-lightbox-title=\"Matinhos - Paran\u00e1\" data-e-action-hash=\"#elementor-action%3Aaction%3Dlightbox%26settings%3DeyJpZCI6NDM0OTcsInVybCI6Imh0dHBzOlwvXC9hZ2VuY2lhdmljY28uY29tLmJyXC9wb250YWxlc3BhbmhvbFwvd3AtY29udGVudFwvdXBsb2Fkc1wvMjAyNVwvMDlcL3Blc2NhLWFydGVzYW5hbC1wb250YWwuanBnIiwic2xpZGVzaG93IjoiYzZjZTE5NyJ9\">\n\t\t\t\t\t<div class=\"e-gallery-image elementor-gallery-item__image\" data-thumbnail=\"https:\/\/agenciavicco.com.br\/pontalespanhol\/wp-content\/uploads\/2025\/09\/pesca-artesanal-pontal-370x493.jpg\" data-width=\"370\" data-height=\"493\" aria-label=\"\" role=\"img\" ><\/div>\n\t\t\t\t\t\t\t\t\t\t\t<div class=\"elementor-gallery-item__overlay\"><\/div>\n\t\t\t\t\t\t\t\t\t\t\t\t\t\t<\/a>\n\t\t\t\t\t<\/div>\n\t\t\t\t\t<\/div>\n\t\t\t\t<\/div>\n\t\t\t\t<div class=\"elementor-element elementor-element-51723b5 sc_height_extra_huge sc_fly_static elementor-widget elementor-widget-spacer\" data-id=\"51723b5\" data-element_type=\"widget\" data-e-type=\"widget\" data-widget_type=\"spacer.default\">\n\t\t\t\t<div class=\"elementor-widget-container\">\n\t\t\t\t\t\t\t<div class=\"elementor-spacer\">\n\t\t\t<div class=\"elementor-spacer-inner\"><\/div>\n\t\t<\/div>\n\t\t\t\t\t\t<\/div>\n\t\t\t\t<\/div>\n\t\t\t\t\t<\/div>\n\t\t<\/div>\n\t\t\t\t\t<\/div>\n\t\t<\/section>\n\t\t\t\t<\/div>\n\t\t","protected":false},"excerpt":{"rendered":"<p>GALER\u00cdA DE FOTOS En Pontal do Paran\u00e1 registrar\u00e1s momentos inolvidables.<\/p>\n","protected":false},"author":1,"featured_media":0,"parent":0,"menu_order":0,"comment_status":"closed","ping_status":"closed","template":"","meta":{"footnotes":""},"class_list":["post-44152","page","type-page","status-publish","hentry"],"_links":{"self":[{"href":"https:\/\/agenciavicco.com.br\/pontalespanhol\/wp-json\/wp\/v2\/pages\/44152","targetHints":{"allow":["GET"]}}],"collection":[{"href":"https:\/\/agenciavicco.com.br\/pontalespanhol\/wp-json\/wp\/v2\/pages"}],"about":[{"href":"https:\/\/agenciavicco.com.br\/pontalespanhol\/wp-json\/wp\/v2\/types\/page"}],"author":[{"embeddable":true,"href":"https:\/\/agenciavicco.com.br\/pontalespanhol\/wp-json\/wp\/v2\/users\/1"}],"replies":[{"embeddable":true,"href":"https:\/\/agenciavicco.com.br\/pontalespanhol\/wp-json\/wp\/v2\/comments?post=44152"}],"version-history":[{"count":16,"href":"https:\/\/agenciavicco.com.br\/pontalespanhol\/wp-json\/wp\/v2\/pages\/44152\/revisions"}],"predecessor-version":[{"id":45833,"href":"https:\/\/agenciavicco.com.br\/pontalespanhol\/wp-json\/wp\/v2\/pages\/44152\/revisions\/45833"}],"wp:attachment":[{"href":"https:\/\/agenciavicco.com.br\/pontalespanhol\/wp-json\/wp\/v2\/media?parent=44152"}],"curies":[{"name":"wp","href":"https:\/\/api.w.org\/{rel}","templated":true}]}}