{"id":44086,"date":"2025-09-22T12:28:56","date_gmt":"2025-09-22T15:28:56","guid":{"rendered":"https:\/\/agenciavicco.com.br\/pontal\/passeios-turisticos-2\/"},"modified":"2025-12-04T10:12:31","modified_gmt":"2025-12-04T13:12:31","slug":"guias-y-conductores-de-turismo","status":"publish","type":"page","link":"https:\/\/agenciavicco.com.br\/pontalespanhol\/guias-y-conductores-de-turismo\/","title":{"rendered":"Gu\u00edas y Conductores de Turismo"},"content":{"rendered":"\t\t<div data-elementor-type=\"wp-page\" data-elementor-id=\"44086\" class=\"elementor elementor-44086\" data-elementor-post-type=\"page\">\n\t\t\t\t\t\t<section class=\"elementor-section elementor-top-section elementor-element elementor-element-94734b9 elementor-section-full_width elementor-section-stretched elementor-section-height-default elementor-section-height-default sc_fly_static\" data-id=\"94734b9\" data-element_type=\"section\" data-e-type=\"section\" data-settings=\"{&quot;stretch_section&quot;:&quot;section-stretched&quot;,&quot;background_background&quot;:&quot;classic&quot;}\">\n\t\t\t\t\t\t\t<div class=\"elementor-background-overlay\"><\/div>\n\t\t\t\t\t\t\t<div class=\"elementor-container elementor-column-gap-extended\">\n\t\t\t\t\t<div class=\"elementor-column elementor-col-100 elementor-top-column elementor-element elementor-element-64173c0 sc_content_align_inherit sc_layouts_column_icons_position_left sc_fly_static\" data-id=\"64173c0\" data-element_type=\"column\" data-e-type=\"column\">\n\t\t\t<div class=\"elementor-widget-wrap elementor-element-populated\">\n\t\t\t\t\t\t<div class=\"elementor-element elementor-element-89cd60f sc_fly_static elementor-widget elementor-widget-spacer\" data-id=\"89cd60f\" data-element_type=\"widget\" data-e-type=\"widget\" data-widget_type=\"spacer.default\">\n\t\t\t\t<div class=\"elementor-widget-container\">\n\t\t\t\t\t\t\t<div class=\"elementor-spacer\">\n\t\t\t<div class=\"elementor-spacer-inner\"><\/div>\n\t\t<\/div>\n\t\t\t\t\t\t<\/div>\n\t\t\t\t<\/div>\n\t\t\t\t<div class=\"elementor-element elementor-element-f5559c3 sc_fly_static elementor-widget elementor-widget-trx_sc_title\" data-id=\"f5559c3\" data-element_type=\"widget\" data-e-type=\"widget\" data-widget_type=\"trx_sc_title.default\">\n\t\t\t\t<div class=\"elementor-widget-container\">\n\t\t\t\t\t<div\t\tclass=\"sc_title color_style_dark sc_title_default\" ><h1 class=\"sc_item_title sc_title_title sc_align_center sc_item_title_style_default sc_item_title_tag trx_addons_inline_1786596121\"\n\t\t\t><span class=\"sc_item_title_text\">GU\u00cdAS DE TURISMO<\/span><\/h1><\/div>\t\t\t\t<\/div>\n\t\t\t\t<\/div>\n\t\t\t\t<div class=\"elementor-element elementor-element-29ce84a sc_fly_static elementor-widget elementor-widget-spacer\" data-id=\"29ce84a\" data-element_type=\"widget\" data-e-type=\"widget\" data-widget_type=\"spacer.default\">\n\t\t\t\t<div class=\"elementor-widget-container\">\n\t\t\t\t\t\t\t<div class=\"elementor-spacer\">\n\t\t\t<div class=\"elementor-spacer-inner\"><\/div>\n\t\t<\/div>\n\t\t\t\t\t\t<\/div>\n\t\t\t\t<\/div>\n\t\t\t\t\t<\/div>\n\t\t<\/div>\n\t\t\t\t\t<\/div>\n\t\t<\/section>\n\t\t\t\t<section class=\"elementor-section elementor-top-section elementor-element elementor-element-95fc2b9 elementor-section-full_width elementor-section-height-default elementor-section-height-default sc_fly_static\" data-id=\"95fc2b9\" data-element_type=\"section\" data-e-type=\"section\" data-settings=\"{&quot;background_background&quot;:&quot;classic&quot;}\">\n\t\t\t\t\t\t<div class=\"elementor-container elementor-column-gap-extended\">\n\t\t\t\t\t<div class=\"elementor-column elementor-col-100 elementor-top-column elementor-element elementor-element-c50606f sc_content_align_inherit sc_layouts_column_icons_position_left sc_fly_static\" data-id=\"c50606f\" data-element_type=\"column\" data-e-type=\"column\">\n\t\t\t<div class=\"elementor-widget-wrap elementor-element-populated\">\n\t\t\t\t\t\t<div class=\"elementor-element elementor-element-0a3c9eb sc_height_large sc_fly_static elementor-widget elementor-widget-spacer\" data-id=\"0a3c9eb\" data-element_type=\"widget\" data-e-type=\"widget\" data-widget_type=\"spacer.default\">\n\t\t\t\t<div class=\"elementor-widget-container\">\n\t\t\t\t\t\t\t<div class=\"elementor-spacer\">\n\t\t\t<div class=\"elementor-spacer-inner\"><\/div>\n\t\t<\/div>\n\t\t\t\t\t\t<\/div>\n\t\t\t\t<\/div>\n\t\t\t\t<div class=\"elementor-element elementor-element-8efc028 sc_layouts_hide_on_tablet sc_layouts_hide_on_mobile sc_fly_static elementor-widget elementor-widget-spacer\" data-id=\"8efc028\" data-element_type=\"widget\" data-e-type=\"widget\" data-widget_type=\"spacer.default\">\n\t\t\t\t<div class=\"elementor-widget-container\">\n\t\t\t\t\t\t\t<div class=\"elementor-spacer\">\n\t\t\t<div class=\"elementor-spacer-inner\"><\/div>\n\t\t<\/div>\n\t\t\t\t\t\t<\/div>\n\t\t\t\t<\/div>\n\t\t\t\t<section class=\"elementor-section elementor-inner-section elementor-element elementor-element-4eca259 elementor-section-full_width elementor-section-height-default elementor-section-height-default sc_fly_static\" data-id=\"4eca259\" data-element_type=\"section\" data-e-type=\"section\">\n\t\t\t\t\t\t<div class=\"elementor-container elementor-column-gap-custom\">\n\t\t\t\t\t<div class=\"elementor-column elementor-col-100 elementor-inner-column elementor-element elementor-element-ae9042d sc_content_align_inherit sc_layouts_column_icons_position_left sc_fly_static\" data-id=\"ae9042d\" data-element_type=\"column\" data-e-type=\"column\">\n\t\t\t<div class=\"elementor-widget-wrap elementor-element-populated\">\n\t\t\t\t\t\t<div data-animation-type=\"char\" data-animation-stagger=\"10\" class=\"elementor-element elementor-element-857cb2c elementor-widget-tablet__width-initial elementor-widget-mobile__width-inherit animation_type_char sc_fly_static elementor-invisible elementor-widget elementor-widget-trx_sc_title\" data-id=\"857cb2c\" data-element_type=\"widget\" data-e-type=\"widget\" data-settings=\"{&quot;_animation&quot;:&quot;cabana-fadeinup&quot;,&quot;_animation_delay&quot;:0}\" data-widget_type=\"trx_sc_title.default\">\n\t\t\t\t<div class=\"elementor-widget-container\">\n\t\t\t\t\t<div\t\tclass=\"sc_title sc_title_default\" ><h4 class=\"sc_item_title sc_title_title sc_align_center sc_item_title_style_default sc_item_title_tag\"\n\t\t\t><span class=\"sc_item_title_text\">Aqu\u00ed encontrar\u00e1s profesionales especializados que har\u00e1n tu viaje a\u00fan m\u00e1s incre\u00edble.<\/span><\/h4><\/div>\t\t\t\t<\/div>\n\t\t\t\t<\/div>\n\t\t\t\t\t<\/div>\n\t\t<\/div>\n\t\t\t\t\t<\/div>\n\t\t<\/section>\n\t\t\t\t<div class=\"elementor-element elementor-element-c130e3d sc_height_medium sc_fly_static elementor-widget elementor-widget-spacer\" data-id=\"c130e3d\" data-element_type=\"widget\" data-e-type=\"widget\" data-widget_type=\"spacer.default\">\n\t\t\t\t<div class=\"elementor-widget-container\">\n\t\t\t\t\t\t\t<div class=\"elementor-spacer\">\n\t\t\t<div class=\"elementor-spacer-inner\"><\/div>\n\t\t<\/div>\n\t\t\t\t\t\t<\/div>\n\t\t\t\t<\/div>\n\t\t\t\t\t<\/div>\n\t\t<\/div>\n\t\t\t\t\t<\/div>\n\t\t<\/section>\n\t\t\t\t<section class=\"elementor-section elementor-top-section elementor-element elementor-element-78034b1 scheme_default elementor-section-boxed elementor-section-height-default elementor-section-height-default sc_fly_static\" data-id=\"78034b1\" data-element_type=\"section\" data-e-type=\"section\" data-settings=\"{&quot;background_background&quot;:&quot;classic&quot;}\">\n\t\t\t\t\t\t<div class=\"elementor-container elementor-column-gap-default\">\n\t\t\t\t\t<div class=\"elementor-column elementor-col-100 elementor-top-column elementor-element elementor-element-84ff143 sc_content_align_inherit sc_layouts_column_icons_position_left sc_fly_static\" data-id=\"84ff143\" data-element_type=\"column\" data-e-type=\"column\">\n\t\t\t<div class=\"elementor-widget-wrap elementor-element-populated\">\n\t\t\t\t\t\t<div class=\"elementor-element elementor-element-1c648f7 sc_fly_static elementor-widget elementor-widget-trx_sc_services\" data-id=\"1c648f7\" data-element_type=\"widget\" data-e-type=\"widget\" data-widget_type=\"trx_sc_services.default\">\n\t\t\t\t<div class=\"elementor-widget-container\">\n\t\t\t\t\t<div class=\"sc_services sc_services_qw-plaque sc_services_featured_top sc_services_popup sc_post_details_popup\"><div class=\"sc_services_columns_wrap sc_item_columns sc_item_posts_container sc_item_columns_4 trx_addons_columns_wrap columns_padding_bottom\"><div class=\"trx_addons_column-1_4 \"><div data-post-id=\"950\" class=\"sc_services_item sc_item_container post_container with_more without_content with_image sc_services_item_featured_none post-950 cpt_services type-cpt_services status-publish has-post-thumbnail hentry cpt_services_group-guias-de-turismo\" data-post_id=\"950\" data-post_type=\"cpt_services\">\n\t\t<div class=\"sc_services_item_content \" style=\"background-image: url(https:\/\/agenciavicco.com.br\/pontalespanhol\/wp-content\/uploads\/2020\/04\/WhatsApp-Image-2025-05-12-at-15.57.35-1.jpeg);\">\n\t\t\t\t<div class=\"sc_services_item_content_inner\"><div class=\"sc_services_item_content_inner_bottom\"><div class=\"sc_services_item_info_wrap\">\n                    <div class=\"sc_services_item_title_wrap\"><div class=\"sc_services_item_subtitle\"><a href=\"https:\/\/agenciavicco.com.br\/pontalespanhol\/services_group\/guias-de-turismo\/\" title=\"View all posts in Gu\u00edas de Tur\u00edsmo\">Gu\u00edas de Tur\u00edsmo<\/a><\/div><h5 class=\"sc_services_item_title\"><a href=\"https:\/\/agenciavicco.com.br\/pontalespanhol\/services\/litoral-nota-cem\/\">Litoral Nota Cem<\/a><\/h5>\n                        <\/div><div class=\"sc_services_item_button sc_item_button\">\n                        <a href=\"https:\/\/agenciavicco.com.br\/pontalespanhol\/services\/litoral-nota-cem\/\" class=\"sc_services_item_more_link\">\n                            <span class=\"link_text\">Leia mais<\/span><span class=\"link_icon\"><\/span>\n                        <\/a>\n                        <\/div><\/div><\/div><\/div><a class=\"sc_services_item_link\" href=\"https:\/\/agenciavicco.com.br\/pontalespanhol\/services\/litoral-nota-cem\/\"><\/a><\/div><\/div><\/div><div class=\"trx_addons_column-1_4 \"><div data-post-id=\"43674\" class=\"sc_services_item sc_item_container post_container with_more without_content with_image sc_services_item_featured_none post-43674 cpt_services type-cpt_services status-publish has-post-thumbnail hentry cpt_services_group-guias-de-turismo\" data-post_id=\"43674\" data-post_type=\"cpt_services\">\n\t\t<div class=\"sc_services_item_content \" style=\"background-image: url(https:\/\/agenciavicco.com.br\/pontalespanhol\/wp-content\/uploads\/2025\/12\/saida-de-barcos-pontal-do-parana-840x532.jpg);\">\n\t\t\t\t<div class=\"sc_services_item_content_inner\"><div class=\"sc_services_item_content_inner_bottom\"><div class=\"sc_services_item_info_wrap\">\n                    <div class=\"sc_services_item_title_wrap\"><div class=\"sc_services_item_subtitle\"><a href=\"https:\/\/agenciavicco.com.br\/pontalespanhol\/services_group\/guias-de-turismo\/\" title=\"View all posts in Gu\u00edas de Tur\u00edsmo\">Gu\u00edas de Tur\u00edsmo<\/a><\/div><h5 class=\"sc_services_item_title\"><a href=\"https:\/\/agenciavicco.com.br\/pontalespanhol\/services\/fernanda-mossanik-da-silva-persegona\/\">Nanda<\/a><\/h5>\n                        <\/div><div class=\"sc_services_item_button sc_item_button\">\n                        <a href=\"https:\/\/agenciavicco.com.br\/pontalespanhol\/services\/fernanda-mossanik-da-silva-persegona\/\" class=\"sc_services_item_more_link\">\n                            <span class=\"link_text\">Leia mais<\/span><span class=\"link_icon\"><\/span>\n                        <\/a>\n                        <\/div><\/div><\/div><\/div><a class=\"sc_services_item_link\" href=\"https:\/\/agenciavicco.com.br\/pontalespanhol\/services\/fernanda-mossanik-da-silva-persegona\/\"><\/a><\/div><\/div><\/div><div class=\"trx_addons_column-1_4 \"><div data-post-id=\"43740\" class=\"sc_services_item sc_item_container post_container with_more without_content with_image sc_services_item_featured_none post-43740 cpt_services type-cpt_services status-publish has-post-thumbnail hentry cpt_services_group-guias-de-turismo\" data-post_id=\"43740\" data-post_type=\"cpt_services\">\n\t\t<div class=\"sc_services_item_content \" style=\"background-image: url(https:\/\/agenciavicco.com.br\/pontalespanhol\/wp-content\/uploads\/2025\/12\/pontal-travessia-840x512.jpg);\">\n\t\t\t\t<div class=\"sc_services_item_content_inner\"><div class=\"sc_services_item_content_inner_bottom\"><div class=\"sc_services_item_info_wrap\">\n                    <div class=\"sc_services_item_title_wrap\"><div class=\"sc_services_item_subtitle\"><a href=\"https:\/\/agenciavicco.com.br\/pontalespanhol\/services_group\/guias-de-turismo\/\" title=\"View all posts in Gu\u00edas de Tur\u00edsmo\">Gu\u00edas de Tur\u00edsmo<\/a><\/div><h5 class=\"sc_services_item_title\"><a href=\"https:\/\/agenciavicco.com.br\/pontalespanhol\/services\/maria-carolina-goncalves\/\">Maria Carolina Gon\u00e7alves<\/a><\/h5>\n                        <\/div><div class=\"sc_services_item_button sc_item_button\">\n                        <a href=\"https:\/\/agenciavicco.com.br\/pontalespanhol\/services\/maria-carolina-goncalves\/\" class=\"sc_services_item_more_link\">\n                            <span class=\"link_text\">Leia mais<\/span><span class=\"link_icon\"><\/span>\n                        <\/a>\n                        <\/div><\/div><\/div><\/div><a class=\"sc_services_item_link\" href=\"https:\/\/agenciavicco.com.br\/pontalespanhol\/services\/maria-carolina-goncalves\/\"><\/a><\/div><\/div><\/div><div class=\"trx_addons_column-1_4 \"><div data-post-id=\"43780\" class=\"sc_services_item sc_item_container post_container with_more without_content with_image sc_services_item_featured_none post-43780 cpt_services type-cpt_services status-publish has-post-thumbnail hentry cpt_services_group-guias-de-turismo\" data-post_id=\"43780\" data-post_type=\"cpt_services\">\n\t\t<div class=\"sc_services_item_content \" style=\"background-image: url(https:\/\/agenciavicco.com.br\/pontalespanhol\/wp-content\/uploads\/2025\/09\/20230430_092311-scaled-1-840x393.jpg);\">\n\t\t\t\t<div class=\"sc_services_item_content_inner\"><div class=\"sc_services_item_content_inner_bottom\"><div class=\"sc_services_item_info_wrap\">\n                    <div class=\"sc_services_item_title_wrap\"><div class=\"sc_services_item_subtitle\"><a href=\"https:\/\/agenciavicco.com.br\/pontalespanhol\/services_group\/guias-de-turismo\/\" title=\"View all posts in Gu\u00edas de Tur\u00edsmo\">Gu\u00edas de Tur\u00edsmo<\/a><\/div><h5 class=\"sc_services_item_title\"><a href=\"https:\/\/agenciavicco.com.br\/pontalespanhol\/services\/karoline-santos\/\">Karoline Santos<\/a><\/h5>\n                        <\/div><div class=\"sc_services_item_button sc_item_button\">\n                        <a href=\"https:\/\/agenciavicco.com.br\/pontalespanhol\/services\/karoline-santos\/\" class=\"sc_services_item_more_link\">\n                            <span class=\"link_text\">Leia mais<\/span><span class=\"link_icon\"><\/span>\n                        <\/a>\n                        <\/div><\/div><\/div><\/div><a class=\"sc_services_item_link\" href=\"https:\/\/agenciavicco.com.br\/pontalespanhol\/services\/karoline-santos\/\"><\/a><\/div><\/div><\/div><div class=\"trx_addons_column-1_4 \"><div data-post-id=\"43816\" class=\"sc_services_item sc_item_container post_container with_more without_content with_image sc_services_item_featured_none post-43816 cpt_services type-cpt_services status-publish has-post-thumbnail hentry cpt_services_group-guias-de-turismo\" data-post_id=\"43816\" data-post_type=\"cpt_services\">\n\t\t<div class=\"sc_services_item_content \" style=\"background-image: url(https:\/\/agenciavicco.com.br\/pontalespanhol\/wp-content\/uploads\/2025\/12\/Pontal-do-Parana-840x324.jpg);\">\n\t\t\t\t<div class=\"sc_services_item_content_inner\"><div class=\"sc_services_item_content_inner_bottom\"><div class=\"sc_services_item_info_wrap\">\n                    <div class=\"sc_services_item_title_wrap\"><div class=\"sc_services_item_subtitle\"><a href=\"https:\/\/agenciavicco.com.br\/pontalespanhol\/services_group\/guias-de-turismo\/\" title=\"View all posts in Gu\u00edas de Tur\u00edsmo\">Gu\u00edas de Tur\u00edsmo<\/a><\/div><h5 class=\"sc_services_item_title\"><a href=\"https:\/\/agenciavicco.com.br\/pontalespanhol\/services\/kalu-camila\/\">Kalu Camila<\/a><\/h5>\n                        <\/div><div class=\"sc_services_item_button sc_item_button\">\n                        <a href=\"https:\/\/agenciavicco.com.br\/pontalespanhol\/services\/kalu-camila\/\" class=\"sc_services_item_more_link\">\n                            <span class=\"link_text\">Leia mais<\/span><span class=\"link_icon\"><\/span>\n                        <\/a>\n                        <\/div><\/div><\/div><\/div><a class=\"sc_services_item_link\" href=\"https:\/\/agenciavicco.com.br\/pontalespanhol\/services\/kalu-camila\/\"><\/a><\/div><\/div><\/div><\/div><\/div>\t\t\t\t<\/div>\n\t\t\t\t<\/div>\n\t\t\t\t<div class=\"elementor-element elementor-element-db486e7 sc_height_extra_huge sc_fly_static elementor-widget elementor-widget-spacer\" data-id=\"db486e7\" data-element_type=\"widget\" data-e-type=\"widget\" data-widget_type=\"spacer.default\">\n\t\t\t\t<div class=\"elementor-widget-container\">\n\t\t\t\t\t\t\t<div class=\"elementor-spacer\">\n\t\t\t<div class=\"elementor-spacer-inner\"><\/div>\n\t\t<\/div>\n\t\t\t\t\t\t<\/div>\n\t\t\t\t<\/div>\n\t\t\t\t\t<\/div>\n\t\t<\/div>\n\t\t\t\t\t<\/div>\n\t\t<\/section>\n\t\t\t\t<\/div>\n\t\t","protected":false},"excerpt":{"rendered":"<p>GU\u00cdAS DE TURISMO Aqu\u00ed encontrar\u00e1s profesionales especializados que har\u00e1n tu viaje a\u00fan m\u00e1s incre\u00edble. Gu\u00edas&hellip;<\/p>\n","protected":false},"author":1,"featured_media":0,"parent":0,"menu_order":0,"comment_status":"closed","ping_status":"closed","template":"","meta":{"footnotes":""},"class_list":["post-44086","page","type-page","status-publish","hentry"],"_links":{"self":[{"href":"https:\/\/agenciavicco.com.br\/pontalespanhol\/wp-json\/wp\/v2\/pages\/44086","targetHints":{"allow":["GET"]}}],"collection":[{"href":"https:\/\/agenciavicco.com.br\/pontalespanhol\/wp-json\/wp\/v2\/pages"}],"about":[{"href":"https:\/\/agenciavicco.com.br\/pontalespanhol\/wp-json\/wp\/v2\/types\/page"}],"author":[{"embeddable":true,"href":"https:\/\/agenciavicco.com.br\/pontalespanhol\/wp-json\/wp\/v2\/users\/1"}],"replies":[{"embeddable":true,"href":"https:\/\/agenciavicco.com.br\/pontalespanhol\/wp-json\/wp\/v2\/comments?post=44086"}],"version-history":[{"count":17,"href":"https:\/\/agenciavicco.com.br\/pontalespanhol\/wp-json\/wp\/v2\/pages\/44086\/revisions"}],"predecessor-version":[{"id":45841,"href":"https:\/\/agenciavicco.com.br\/pontalespanhol\/wp-json\/wp\/v2\/pages\/44086\/revisions\/45841"}],"wp:attachment":[{"href":"https:\/\/agenciavicco.com.br\/pontalespanhol\/wp-json\/wp\/v2\/media?parent=44086"}],"curies":[{"name":"wp","href":"https:\/\/api.w.org\/{rel}","templated":true}]}}