{"id":44018,"date":"2025-09-22T12:28:56","date_gmt":"2025-09-22T15:28:56","guid":{"rendered":"https:\/\/agenciavicco.com.br\/pontal\/marinas-2\/"},"modified":"2025-12-04T10:09:56","modified_gmt":"2025-12-04T13:09:56","slug":"artesania","status":"publish","type":"page","link":"https:\/\/agenciavicco.com.br\/pontalespanhol\/artesania\/","title":{"rendered":"Artesan\u00eda"},"content":{"rendered":"\t\t<div data-elementor-type=\"wp-page\" data-elementor-id=\"44018\" class=\"elementor elementor-44018\" data-elementor-post-type=\"page\">\n\t\t\t\t\t\t<section class=\"elementor-section elementor-top-section elementor-element elementor-element-1839e7d elementor-section-full_width elementor-section-stretched elementor-section-height-default elementor-section-height-default sc_fly_static\" data-id=\"1839e7d\" data-element_type=\"section\" data-e-type=\"section\" data-settings=\"{&quot;stretch_section&quot;:&quot;section-stretched&quot;,&quot;background_background&quot;:&quot;classic&quot;}\">\n\t\t\t\t\t\t\t<div class=\"elementor-background-overlay\"><\/div>\n\t\t\t\t\t\t\t<div class=\"elementor-container elementor-column-gap-extended\">\n\t\t\t\t\t<div class=\"elementor-column elementor-col-100 elementor-top-column elementor-element elementor-element-fe7f35f sc_content_align_inherit sc_layouts_column_icons_position_left sc_fly_static\" data-id=\"fe7f35f\" data-element_type=\"column\" data-e-type=\"column\">\n\t\t\t<div class=\"elementor-widget-wrap elementor-element-populated\">\n\t\t\t\t\t\t<div class=\"elementor-element elementor-element-3d9765b sc_fly_static elementor-widget elementor-widget-spacer\" data-id=\"3d9765b\" data-element_type=\"widget\" data-e-type=\"widget\" data-widget_type=\"spacer.default\">\n\t\t\t\t<div class=\"elementor-widget-container\">\n\t\t\t\t\t\t\t<div class=\"elementor-spacer\">\n\t\t\t<div class=\"elementor-spacer-inner\"><\/div>\n\t\t<\/div>\n\t\t\t\t\t\t<\/div>\n\t\t\t\t<\/div>\n\t\t\t\t<div class=\"elementor-element elementor-element-f83ab27 sc_fly_static elementor-widget elementor-widget-trx_sc_title\" data-id=\"f83ab27\" data-element_type=\"widget\" data-e-type=\"widget\" data-widget_type=\"trx_sc_title.default\">\n\t\t\t\t<div class=\"elementor-widget-container\">\n\t\t\t\t\t<div\t\tclass=\"sc_title color_style_dark sc_title_default\" ><h1 class=\"sc_item_title sc_title_title sc_align_center sc_item_title_style_default sc_item_title_tag trx_addons_inline_1990422553\"\n\t\t\t><span class=\"sc_item_title_text\">ARTESAN\u00cdA<\/span><\/h1><\/div>\t\t\t\t<\/div>\n\t\t\t\t<\/div>\n\t\t\t\t<div class=\"elementor-element elementor-element-cdf16e1 sc_fly_static elementor-widget elementor-widget-spacer\" data-id=\"cdf16e1\" data-element_type=\"widget\" data-e-type=\"widget\" data-widget_type=\"spacer.default\">\n\t\t\t\t<div class=\"elementor-widget-container\">\n\t\t\t\t\t\t\t<div class=\"elementor-spacer\">\n\t\t\t<div class=\"elementor-spacer-inner\"><\/div>\n\t\t<\/div>\n\t\t\t\t\t\t<\/div>\n\t\t\t\t<\/div>\n\t\t\t\t\t<\/div>\n\t\t<\/div>\n\t\t\t\t\t<\/div>\n\t\t<\/section>\n\t\t\t\t<section class=\"elementor-section elementor-top-section elementor-element elementor-element-78034b1 scheme_default elementor-section-boxed elementor-section-height-default elementor-section-height-default sc_fly_static\" data-id=\"78034b1\" data-element_type=\"section\" data-e-type=\"section\" data-settings=\"{&quot;background_background&quot;:&quot;classic&quot;}\">\n\t\t\t\t\t\t<div class=\"elementor-container elementor-column-gap-default\">\n\t\t\t\t\t<div class=\"elementor-column elementor-col-100 elementor-top-column elementor-element elementor-element-84ff143 sc_content_align_inherit sc_layouts_column_icons_position_left sc_fly_static\" data-id=\"84ff143\" data-element_type=\"column\" data-e-type=\"column\">\n\t\t\t<div class=\"elementor-widget-wrap elementor-element-populated\">\n\t\t\t\t\t\t<div class=\"elementor-element elementor-element-8647582 sc_height_extra_huge sc_fly_static elementor-widget elementor-widget-spacer\" data-id=\"8647582\" data-element_type=\"widget\" data-e-type=\"widget\" data-widget_type=\"spacer.default\">\n\t\t\t\t<div class=\"elementor-widget-container\">\n\t\t\t\t\t\t\t<div class=\"elementor-spacer\">\n\t\t\t<div class=\"elementor-spacer-inner\"><\/div>\n\t\t<\/div>\n\t\t\t\t\t\t<\/div>\n\t\t\t\t<\/div>\n\t\t\t\t<div class=\"elementor-element elementor-element-1c648f7 sc_fly_static elementor-widget elementor-widget-trx_sc_services\" data-id=\"1c648f7\" data-element_type=\"widget\" data-e-type=\"widget\" data-widget_type=\"trx_sc_services.default\">\n\t\t\t\t<div class=\"elementor-widget-container\">\n\t\t\t\t\t<div class=\"sc_services sc_services_default sc_services_featured_top sc_services_popup sc_post_details_popup\"><div class=\"sc_services_columns_wrap sc_item_columns sc_item_posts_container sc_item_columns_4 trx_addons_columns_wrap columns_padding_bottom columns_in_single_row\"><div class=\"trx_addons_column-1_4\"><div data-post-id=\"43694\" class=\"sc_services_item sc_item_container post_container without_content with_image sc_services_item_featured_top post-43694 cpt_services type-cpt_services status-publish has-post-thumbnail hentry cpt_services_group-artesania\" data-post_id=\"43694\" data-post_type=\"cpt_services\" data-item-number=\"1\"\r\n>\r\n\t<div class=\"post_featured with_thumb hover_link sc_services_item_thumb\"><img decoding=\"async\" width=\"270\" height=\"152\" src=\"https:\/\/agenciavicco.com.br\/pontalespanhol\/wp-content\/uploads\/2025\/09\/Design-sem-nome-32-270x152.png\" class=\"attachment-trx_addons-thumb-small size-trx_addons-thumb-small wp-post-image\" alt=\"\" srcset=\"https:\/\/agenciavicco.com.br\/pontalespanhol\/wp-content\/uploads\/2025\/09\/Design-sem-nome-32-270x152.png 270w, https:\/\/agenciavicco.com.br\/pontalespanhol\/wp-content\/uploads\/2025\/09\/Design-sem-nome-32-840x473.png 840w, https:\/\/agenciavicco.com.br\/pontalespanhol\/wp-content\/uploads\/2025\/09\/Design-sem-nome-32-410x230.png 410w\" sizes=\"(max-width: 270px) 100vw, 270px\" \/>\t\t\t\t\t\t<div class=\"mask\"><\/div>\r\n\t\t\t\t\t\t<a class=\"post_link sc_services_item_link\" href=\"https:\/\/agenciavicco.com.br\/pontalespanhol\/services\/gigimilli\/\"><\/a>\t\t\t<a href=\"https:\/\/agenciavicco.com.br\/pontalespanhol\/services\/gigimilli\/\"  aria-hidden=\"true\" class=\"link\"><\/a>\r\n\t\t\t<\/div>\t\r\n\t<div class=\"sc_services_item_info\">\r\n\t\t\t\t<div class=\"sc_services_item_header\">\r\n\t\t\t\t\t\t<h4 class=\"sc_services_item_title entry-title\"><a href=\"https:\/\/agenciavicco.com.br\/pontalespanhol\/services\/gigimilli\/\">Gigimilli<\/a><\/h4>\r\n\t\t\t<div class=\"sc_services_item_subtitle\"><a href=\"https:\/\/agenciavicco.com.br\/pontalespanhol\/services_group\/artesania\/\" title=\"View all posts in Artesan\u00eda\">Artesan\u00eda<\/a><\/div>\t\t<\/div>\r\n\t\t        <div class=\"sc_services_item_button sc_item_button\">\r\n            <a href=\"https:\/\/agenciavicco.com.br\/pontalespanhol\/services\/gigimilli\/\" class=\"sc_services_item_more_link\">\r\n                <span class=\"link_text\">Leia mais<\/span><span class=\"link_icon\"><\/span>\r\n            <\/a>\r\n            <\/div><\/div>\r\n<\/div>\r\n<\/div><div class=\"trx_addons_column-1_4\"><div data-post-id=\"43696\" class=\"sc_services_item sc_item_container post_container without_content with_image sc_services_item_featured_top post-43696 cpt_services type-cpt_services status-publish has-post-thumbnail hentry cpt_services_group-artesania\" data-post_id=\"43696\" data-post_type=\"cpt_services\" data-item-number=\"2\"\r\n>\r\n\t<div class=\"post_featured with_thumb hover_link sc_services_item_thumb\"><img decoding=\"async\" width=\"270\" height=\"152\" src=\"https:\/\/agenciavicco.com.br\/pontalespanhol\/wp-content\/uploads\/2025\/09\/WhatsApp-Image-2024-11-07-at-15.21.10-270x152.jpeg\" class=\"attachment-trx_addons-thumb-small size-trx_addons-thumb-small wp-post-image\" alt=\"\" srcset=\"https:\/\/agenciavicco.com.br\/pontalespanhol\/wp-content\/uploads\/2025\/09\/WhatsApp-Image-2024-11-07-at-15.21.10-270x152.jpeg 270w, https:\/\/agenciavicco.com.br\/pontalespanhol\/wp-content\/uploads\/2025\/09\/WhatsApp-Image-2024-11-07-at-15.21.10-840x473.jpeg 840w, https:\/\/agenciavicco.com.br\/pontalespanhol\/wp-content\/uploads\/2025\/09\/WhatsApp-Image-2024-11-07-at-15.21.10-410x230.jpeg 410w\" sizes=\"(max-width: 270px) 100vw, 270px\" \/>\t\t\t\t\t\t<div class=\"mask\"><\/div>\r\n\t\t\t\t\t\t<a class=\"post_link sc_services_item_link\" href=\"https:\/\/agenciavicco.com.br\/pontalespanhol\/services\/feira-pontal-do-sol\/\"><\/a>\t\t\t<a href=\"https:\/\/agenciavicco.com.br\/pontalespanhol\/services\/feira-pontal-do-sol\/\"  aria-hidden=\"true\" class=\"link\"><\/a>\r\n\t\t\t<\/div>\t\r\n\t<div class=\"sc_services_item_info\">\r\n\t\t\t\t<div class=\"sc_services_item_header\">\r\n\t\t\t\t\t\t<h4 class=\"sc_services_item_title entry-title\"><a href=\"https:\/\/agenciavicco.com.br\/pontalespanhol\/services\/feira-pontal-do-sol\/\">Feira Pontal do Sol<\/a><\/h4>\r\n\t\t\t<div class=\"sc_services_item_subtitle\"><a href=\"https:\/\/agenciavicco.com.br\/pontalespanhol\/services_group\/artesania\/\" title=\"View all posts in Artesan\u00eda\">Artesan\u00eda<\/a><\/div>\t\t<\/div>\r\n\t\t        <div class=\"sc_services_item_button sc_item_button\">\r\n            <a href=\"https:\/\/agenciavicco.com.br\/pontalespanhol\/services\/feira-pontal-do-sol\/\" class=\"sc_services_item_more_link\">\r\n                <span class=\"link_text\">Leia mais<\/span><span class=\"link_icon\"><\/span>\r\n            <\/a>\r\n            <\/div><\/div>\r\n<\/div>\r\n<\/div><div class=\"trx_addons_column-1_4\"><div data-post-id=\"43762\" class=\"sc_services_item sc_item_container post_container without_content with_image sc_services_item_featured_top post-43762 cpt_services type-cpt_services status-publish has-post-thumbnail hentry cpt_services_group-artesania\" data-post_id=\"43762\" data-post_type=\"cpt_services\" data-item-number=\"3\"\r\n>\r\n\t<div class=\"post_featured with_thumb hover_link sc_services_item_thumb\"><img decoding=\"async\" width=\"270\" height=\"152\" src=\"https:\/\/agenciavicco.com.br\/pontalespanhol\/wp-content\/uploads\/2025\/09\/WhatsApp-Image-2023-01-14-at-15.02.49-270x152.jpeg\" class=\"attachment-trx_addons-thumb-small size-trx_addons-thumb-small wp-post-image\" alt=\"\" srcset=\"https:\/\/agenciavicco.com.br\/pontalespanhol\/wp-content\/uploads\/2025\/09\/WhatsApp-Image-2023-01-14-at-15.02.49-270x152.jpeg 270w, https:\/\/agenciavicco.com.br\/pontalespanhol\/wp-content\/uploads\/2025\/09\/WhatsApp-Image-2023-01-14-at-15.02.49-300x169.jpeg 300w, https:\/\/agenciavicco.com.br\/pontalespanhol\/wp-content\/uploads\/2025\/09\/WhatsApp-Image-2023-01-14-at-15.02.49-1024x576.jpeg 1024w, https:\/\/agenciavicco.com.br\/pontalespanhol\/wp-content\/uploads\/2025\/09\/WhatsApp-Image-2023-01-14-at-15.02.49-768x432.jpeg 768w, https:\/\/agenciavicco.com.br\/pontalespanhol\/wp-content\/uploads\/2025\/09\/WhatsApp-Image-2023-01-14-at-15.02.49-370x208.jpeg 370w, https:\/\/agenciavicco.com.br\/pontalespanhol\/wp-content\/uploads\/2025\/09\/WhatsApp-Image-2023-01-14-at-15.02.49-840x473.jpeg 840w, https:\/\/agenciavicco.com.br\/pontalespanhol\/wp-content\/uploads\/2025\/09\/WhatsApp-Image-2023-01-14-at-15.02.49-410x231.jpeg 410w, https:\/\/agenciavicco.com.br\/pontalespanhol\/wp-content\/uploads\/2025\/09\/WhatsApp-Image-2023-01-14-at-15.02.49-730x411.jpeg 730w, https:\/\/agenciavicco.com.br\/pontalespanhol\/wp-content\/uploads\/2025\/09\/WhatsApp-Image-2023-01-14-at-15.02.49.jpeg 1280w\" sizes=\"(max-width: 270px) 100vw, 270px\" \/>\t\t\t\t\t\t<div class=\"mask\"><\/div>\r\n\t\t\t\t\t\t<a class=\"post_link sc_services_item_link\" href=\"https:\/\/agenciavicco.com.br\/pontalespanhol\/services\/quiosque-da-rosinha\/\"><\/a>\t\t\t<a href=\"https:\/\/agenciavicco.com.br\/pontalespanhol\/services\/quiosque-da-rosinha\/\"  aria-hidden=\"true\" class=\"link\"><\/a>\r\n\t\t\t<\/div>\t\r\n\t<div class=\"sc_services_item_info\">\r\n\t\t\t\t<div class=\"sc_services_item_header\">\r\n\t\t\t\t\t\t<h4 class=\"sc_services_item_title entry-title\"><a href=\"https:\/\/agenciavicco.com.br\/pontalespanhol\/services\/quiosque-da-rosinha\/\">Quiosque da Rosinha<\/a><\/h4>\r\n\t\t\t<div class=\"sc_services_item_subtitle\"><a href=\"https:\/\/agenciavicco.com.br\/pontalespanhol\/services_group\/artesania\/\" title=\"View all posts in Artesan\u00eda\">Artesan\u00eda<\/a><\/div>\t\t<\/div>\r\n\t\t        <div class=\"sc_services_item_button sc_item_button\">\r\n            <a href=\"https:\/\/agenciavicco.com.br\/pontalespanhol\/services\/quiosque-da-rosinha\/\" class=\"sc_services_item_more_link\">\r\n                <span class=\"link_text\">Leia mais<\/span><span class=\"link_icon\"><\/span>\r\n            <\/a>\r\n            <\/div><\/div>\r\n<\/div>\r\n<\/div><div class=\"trx_addons_column-1_4\"><div data-post-id=\"44171\" class=\"sc_services_item sc_item_container post_container without_content with_image sc_services_item_featured_top post-44171 cpt_services type-cpt_services status-publish has-post-thumbnail hentry cpt_services_group-artesania\" data-post_id=\"44171\" data-post_type=\"cpt_services\" data-item-number=\"4\"\r\n>\r\n\t<div class=\"post_featured with_thumb hover_link sc_services_item_thumb\"><img loading=\"lazy\" decoding=\"async\" width=\"270\" height=\"152\" src=\"https:\/\/agenciavicco.com.br\/pontalespanhol\/wp-content\/uploads\/2025\/09\/Design-sem-nome-33-270x152.png\" class=\"attachment-trx_addons-thumb-small size-trx_addons-thumb-small wp-post-image\" alt=\"\" srcset=\"https:\/\/agenciavicco.com.br\/pontalespanhol\/wp-content\/uploads\/2025\/09\/Design-sem-nome-33-270x152.png 270w, https:\/\/agenciavicco.com.br\/pontalespanhol\/wp-content\/uploads\/2025\/09\/Design-sem-nome-33-840x473.png 840w, https:\/\/agenciavicco.com.br\/pontalespanhol\/wp-content\/uploads\/2025\/09\/Design-sem-nome-33-410x230.png 410w\" sizes=\"(max-width: 270px) 100vw, 270px\" \/>\t\t\t\t\t\t<div class=\"mask\"><\/div>\r\n\t\t\t\t\t\t<a class=\"post_link sc_services_item_link\" href=\"https:\/\/agenciavicco.com.br\/pontalespanhol\/services\/quiosque-da-marcia\/\"><\/a>\t\t\t<a href=\"https:\/\/agenciavicco.com.br\/pontalespanhol\/services\/quiosque-da-marcia\/\"  aria-hidden=\"true\" class=\"link\"><\/a>\r\n\t\t\t<\/div>\t\r\n\t<div class=\"sc_services_item_info\">\r\n\t\t\t\t<div class=\"sc_services_item_header\">\r\n\t\t\t\t\t\t<h4 class=\"sc_services_item_title entry-title\"><a href=\"https:\/\/agenciavicco.com.br\/pontalespanhol\/services\/quiosque-da-marcia\/\">Quiosque da Marcia<\/a><\/h4>\r\n\t\t\t<div class=\"sc_services_item_subtitle\"><a href=\"https:\/\/agenciavicco.com.br\/pontalespanhol\/services_group\/artesania\/\" title=\"View all posts in Artesan\u00eda\">Artesan\u00eda<\/a><\/div>\t\t<\/div>\r\n\t\t        <div class=\"sc_services_item_button sc_item_button\">\r\n            <a href=\"https:\/\/agenciavicco.com.br\/pontalespanhol\/services\/quiosque-da-marcia\/\" class=\"sc_services_item_more_link\">\r\n                <span class=\"link_text\">Leia mais<\/span><span class=\"link_icon\"><\/span>\r\n            <\/a>\r\n            <\/div><\/div>\r\n<\/div>\r\n<\/div><\/div><\/div>\t\t\t\t<\/div>\n\t\t\t\t<\/div>\n\t\t\t\t<div class=\"elementor-element elementor-element-db486e7 sc_height_extra_huge sc_fly_static elementor-widget elementor-widget-spacer\" data-id=\"db486e7\" data-element_type=\"widget\" data-e-type=\"widget\" data-widget_type=\"spacer.default\">\n\t\t\t\t<div class=\"elementor-widget-container\">\n\t\t\t\t\t\t\t<div class=\"elementor-spacer\">\n\t\t\t<div class=\"elementor-spacer-inner\"><\/div>\n\t\t<\/div>\n\t\t\t\t\t\t<\/div>\n\t\t\t\t<\/div>\n\t\t\t\t\t<\/div>\n\t\t<\/div>\n\t\t\t\t\t<\/div>\n\t\t<\/section>\n\t\t\t\t<\/div>\n\t\t","protected":false},"excerpt":{"rendered":"<p>ARTESAN\u00cdA Gigimilli Artesan\u00eda Leia mais Feira Pontal do Sol Artesan\u00eda Leia mais Quiosque da Rosinha&hellip;<\/p>\n","protected":false},"author":1,"featured_media":0,"parent":0,"menu_order":0,"comment_status":"closed","ping_status":"closed","template":"","meta":{"footnotes":""},"class_list":["post-44018","page","type-page","status-publish","hentry"],"_links":{"self":[{"href":"https:\/\/agenciavicco.com.br\/pontalespanhol\/wp-json\/wp\/v2\/pages\/44018","targetHints":{"allow":["GET"]}}],"collection":[{"href":"https:\/\/agenciavicco.com.br\/pontalespanhol\/wp-json\/wp\/v2\/pages"}],"about":[{"href":"https:\/\/agenciavicco.com.br\/pontalespanhol\/wp-json\/wp\/v2\/types\/page"}],"author":[{"embeddable":true,"href":"https:\/\/agenciavicco.com.br\/pontalespanhol\/wp-json\/wp\/v2\/users\/1"}],"replies":[{"embeddable":true,"href":"https:\/\/agenciavicco.com.br\/pontalespanhol\/wp-json\/wp\/v2\/comments?post=44018"}],"version-history":[{"count":26,"href":"https:\/\/agenciavicco.com.br\/pontalespanhol\/wp-json\/wp\/v2\/pages\/44018\/revisions"}],"predecessor-version":[{"id":45837,"href":"https:\/\/agenciavicco.com.br\/pontalespanhol\/wp-json\/wp\/v2\/pages\/44018\/revisions\/45837"}],"wp:attachment":[{"href":"https:\/\/agenciavicco.com.br\/pontalespanhol\/wp-json\/wp\/v2\/media?parent=44018"}],"curies":[{"name":"wp","href":"https:\/\/api.w.org\/{rel}","templated":true}]}}