{"id":11740,"date":"2020-08-19T11:32:27","date_gmt":"2020-08-19T11:32:27","guid":{"rendered":"https:\/\/agenciavicco.com.br\/pontal\/?page_id=11740"},"modified":"2025-12-04T09:43:52","modified_gmt":"2025-12-04T12:43:52","slug":"la-ciudad","status":"publish","type":"page","link":"https:\/\/agenciavicco.com.br\/pontalespanhol\/la-ciudad\/","title":{"rendered":"La Ciudad"},"content":{"rendered":"\t\t<div data-elementor-type=\"wp-page\" data-elementor-id=\"11740\" class=\"elementor elementor-11740\" data-elementor-post-type=\"page\">\n\t\t\t\t\t\t<section class=\"elementor-section elementor-top-section elementor-element elementor-element-b847c5d elementor-section-full_width elementor-section-height-default elementor-section-height-default sc_fly_static\" data-id=\"b847c5d\" data-element_type=\"section\" data-e-type=\"section\" data-settings=\"{&quot;background_background&quot;:&quot;classic&quot;}\">\n\t\t\t\t\t\t<div class=\"elementor-container elementor-column-gap-no\">\n\t\t\t\t\t<div class=\"elementor-column elementor-col-100 elementor-top-column elementor-element elementor-element-a2211e8 sc_content_align_inherit sc_layouts_column_icons_position_left sc_fly_static\" data-id=\"a2211e8\" data-element_type=\"column\" data-e-type=\"column\">\n\t\t\t<div class=\"elementor-widget-wrap\">\n\t\t\t\t\t\t\t<\/div>\n\t\t<\/div>\n\t\t\t\t\t<\/div>\n\t\t<\/section>\n\t\t\t\t<section class=\"elementor-section elementor-top-section elementor-element elementor-element-4e70277 elementor-section-full_width elementor-section-stretched elementor-section-height-default elementor-section-height-default sc_fly_static\" data-id=\"4e70277\" data-element_type=\"section\" data-e-type=\"section\" data-settings=\"{&quot;stretch_section&quot;:&quot;section-stretched&quot;,&quot;background_background&quot;:&quot;classic&quot;}\">\n\t\t\t\t\t\t\t<div class=\"elementor-background-overlay\"><\/div>\n\t\t\t\t\t\t\t<div class=\"elementor-container elementor-column-gap-extended\">\n\t\t\t\t\t<div class=\"elementor-column elementor-col-100 elementor-top-column elementor-element elementor-element-d9e4e7f sc_content_align_inherit sc_layouts_column_icons_position_left sc_fly_static\" data-id=\"d9e4e7f\" data-element_type=\"column\" data-e-type=\"column\">\n\t\t\t<div class=\"elementor-widget-wrap elementor-element-populated\">\n\t\t\t\t\t\t<div class=\"elementor-element elementor-element-856f6c2 sc_fly_static elementor-widget elementor-widget-spacer\" data-id=\"856f6c2\" data-element_type=\"widget\" data-e-type=\"widget\" data-widget_type=\"spacer.default\">\n\t\t\t\t<div class=\"elementor-widget-container\">\n\t\t\t\t\t\t\t<div class=\"elementor-spacer\">\n\t\t\t<div class=\"elementor-spacer-inner\"><\/div>\n\t\t<\/div>\n\t\t\t\t\t\t<\/div>\n\t\t\t\t<\/div>\n\t\t\t\t<div class=\"elementor-element elementor-element-a4d625f sc_fly_static elementor-widget elementor-widget-trx_sc_title\" data-id=\"a4d625f\" data-element_type=\"widget\" data-e-type=\"widget\" data-widget_type=\"trx_sc_title.default\">\n\t\t\t\t<div class=\"elementor-widget-container\">\n\t\t\t\t\t<div\t\tclass=\"sc_title color_style_dark sc_title_default\" ><h1 class=\"sc_item_title sc_title_title sc_align_center sc_item_title_style_default sc_item_title_tag trx_addons_inline_1233880764\"\n\t\t\t><span class=\"sc_item_title_text\">LA CIUDAD<\/span><\/h1><\/div>\t\t\t\t<\/div>\n\t\t\t\t<\/div>\n\t\t\t\t<div class=\"elementor-element elementor-element-7cd1b2b sc_fly_static elementor-widget elementor-widget-spacer\" data-id=\"7cd1b2b\" data-element_type=\"widget\" data-e-type=\"widget\" data-widget_type=\"spacer.default\">\n\t\t\t\t<div class=\"elementor-widget-container\">\n\t\t\t\t\t\t\t<div class=\"elementor-spacer\">\n\t\t\t<div class=\"elementor-spacer-inner\"><\/div>\n\t\t<\/div>\n\t\t\t\t\t\t<\/div>\n\t\t\t\t<\/div>\n\t\t\t\t\t<\/div>\n\t\t<\/div>\n\t\t\t\t\t<\/div>\n\t\t<\/section>\n\t\t\t\t<section class=\"elementor-section elementor-top-section elementor-element elementor-element-64c9fd8 elementor-section-boxed elementor-section-height-default elementor-section-height-default sc_fly_static\" data-id=\"64c9fd8\" data-element_type=\"section\" data-e-type=\"section\" data-settings=\"{&quot;background_background&quot;:&quot;classic&quot;}\">\n\t\t\t\t\t\t<div class=\"elementor-container elementor-column-gap-extended\">\n\t\t\t\t\t<div class=\"elementor-column elementor-col-50 elementor-top-column elementor-element elementor-element-9245af3 sc_content_align_inherit sc_layouts_column_icons_position_left sc_fly_static\" data-id=\"9245af3\" data-element_type=\"column\" data-e-type=\"column\">\n\t\t\t<div class=\"elementor-widget-wrap elementor-element-populated\">\n\t\t\t\t\t\t<div data-animation-type=\"block\" class=\"elementor-element elementor-element-1455c9d elementor-absolute animation_type_block sc_fly_static elementor-invisible elementor-widget elementor-widget-image\" data-id=\"1455c9d\" data-element_type=\"widget\" data-e-type=\"widget\" data-settings=\"{&quot;_position&quot;:&quot;absolute&quot;,&quot;_animation_delay&quot;:100,&quot;_animation&quot;:&quot;cabana-fadeinup&quot;}\" data-widget_type=\"image.default\">\n\t\t\t\t<div class=\"elementor-widget-container\">\n\t\t\t\t\t\t\t\t\t\t\t\t\t\t\t<img fetchpriority=\"high\" decoding=\"async\" width=\"370\" height=\"493\" src=\"https:\/\/agenciavicco.com.br\/pontalespanhol\/wp-content\/uploads\/2025\/12\/surf-370x493.jpg\" class=\"attachment-trx_addons-thumb-portrait size-trx_addons-thumb-portrait wp-image-45804\" alt=\"\" \/>\t\t\t\t\t\t\t\t\t\t\t\t\t\t\t<\/div>\n\t\t\t\t<\/div>\n\t\t\t\t<div data-animation-type=\"block\" class=\"elementor-element elementor-element-8f224a0 no-title animation_type_block sc_fly_static elementor-invisible elementor-widget elementor-widget-image\" data-id=\"8f224a0\" data-element_type=\"widget\" data-e-type=\"widget\" data-settings=\"{&quot;_animation&quot;:&quot;cabana-fadeinup&quot;,&quot;_animation_delay&quot;:100}\" data-widget_type=\"image.default\">\n\t\t\t\t<div class=\"elementor-widget-container\">\n\t\t\t\t\t\t\t\t\t\t\t\t\t\t\t<img decoding=\"async\" width=\"832\" height=\"797\" src=\"https:\/\/agenciavicco.com.br\/pontalespanhol\/wp-content\/uploads\/2025\/12\/orla-pontal.jpg\" class=\"attachment-full size-full wp-image-45807\" alt=\"\" srcset=\"https:\/\/agenciavicco.com.br\/pontalespanhol\/wp-content\/uploads\/2025\/12\/orla-pontal.jpg 832w, https:\/\/agenciavicco.com.br\/pontalespanhol\/wp-content\/uploads\/2025\/12\/orla-pontal-300x287.jpg 300w, https:\/\/agenciavicco.com.br\/pontalespanhol\/wp-content\/uploads\/2025\/12\/orla-pontal-768x736.jpg 768w, https:\/\/agenciavicco.com.br\/pontalespanhol\/wp-content\/uploads\/2025\/12\/orla-pontal-370x354.jpg 370w, https:\/\/agenciavicco.com.br\/pontalespanhol\/wp-content\/uploads\/2025\/12\/orla-pontal-410x393.jpg 410w\" sizes=\"(max-width: 832px) 100vw, 832px\" \/>\t\t\t\t\t\t\t\t\t\t\t\t\t\t\t<\/div>\n\t\t\t\t<\/div>\n\t\t\t\t<div class=\"elementor-element elementor-element-fbe49c3 sc_height_large sc_layouts_hide_on_wide sc_layouts_hide_on_desktop sc_layouts_hide_on_notebook sc_layouts_hide_on_tablet sc_fly_static elementor-widget elementor-widget-spacer\" data-id=\"fbe49c3\" data-element_type=\"widget\" data-e-type=\"widget\" data-widget_type=\"spacer.default\">\n\t\t\t\t<div class=\"elementor-widget-container\">\n\t\t\t\t\t\t\t<div class=\"elementor-spacer\">\n\t\t\t<div class=\"elementor-spacer-inner\"><\/div>\n\t\t<\/div>\n\t\t\t\t\t\t<\/div>\n\t\t\t\t<\/div>\n\t\t\t\t\t<\/div>\n\t\t<\/div>\n\t\t\t\t<div class=\"elementor-column elementor-col-50 elementor-top-column elementor-element elementor-element-46beee9 sc_content_align_inherit sc_layouts_column_icons_position_left sc_fly_static\" data-id=\"46beee9\" data-element_type=\"column\" data-e-type=\"column\">\n\t\t\t<div class=\"elementor-widget-wrap elementor-element-populated\">\n\t\t\t\t\t\t<div class=\"elementor-element elementor-element-dadedc7 sc_fly_static elementor-widget elementor-widget-trx_sc_title\" data-id=\"dadedc7\" data-element_type=\"widget\" data-e-type=\"widget\" data-widget_type=\"trx_sc_title.default\">\n\t\t\t\t<div class=\"elementor-widget-container\">\n\t\t\t\t\t<div\t\tclass=\"sc_title color_style_dark sc_title_default\" ><span class=\"sc_item_subtitle sc_title_subtitle sc_item_subtitle_above sc_item_title_style_default\">Conoc\u00e9 la <\/span><h1 class=\"sc_item_title sc_title_title sc_item_title_style_default sc_item_title_tag\"\n\t\t\t><span class=\"sc_item_title_text\">Historia de Pontal do Paran\u00e1<\/span><\/h1><div class=\"sc_item_descr sc_title_descr\"><p>Al igual que en todo el litoral de Paran\u00e1, Pontal do Paran\u00e1 estuvo habitado originalmente por comunidades ind\u00edgenas. Reci\u00e9n en 1951 el Gobierno del Estado cedi\u00f3 el \u00e1rea al municipio de Paranagu\u00e1.<\/p>\n<p>A partir de la d\u00e9cada de 1980, se instalaron tres grandes empresas que atrajeron a m\u00e1s de 3.000 trabajadores, muchos de los cuales se establecieron de manera permanente en la regi\u00f3n. En esa misma \u00e9poca se fundaron el Centro de Biolog\u00eda Marina (CBM) y el Centro de Estudios del Mar de la Universidad Federal de Paran\u00e1 (CEM-UFPR).<\/p>\n<p>Ya en 1987, la poblaci\u00f3n comenz\u00f3 a reclamar la emancipaci\u00f3n de la zona para la creaci\u00f3n de un nuevo municipio. Finalmente, los vecinos fueron escuchados y, mediante la Ley N\u00ba 11.252 del 20 de diciembre de 1995, la regi\u00f3n se separ\u00f3 oficialmente y pas\u00f3 a ser una ciudad independiente: la actual Pontal do Paran\u00e1.<\/p>\n<\/div><\/div>\t\t\t\t<\/div>\n\t\t\t\t<\/div>\n\t\t\t\t<div class=\"elementor-element elementor-element-5a9fce4 sc_fly_static elementor-widget elementor-widget-spacer\" data-id=\"5a9fce4\" data-element_type=\"widget\" data-e-type=\"widget\" data-widget_type=\"spacer.default\">\n\t\t\t\t<div class=\"elementor-widget-container\">\n\t\t\t\t\t\t\t<div class=\"elementor-spacer\">\n\t\t\t<div class=\"elementor-spacer-inner\"><\/div>\n\t\t<\/div>\n\t\t\t\t\t\t<\/div>\n\t\t\t\t<\/div>\n\t\t\t\t\t<\/div>\n\t\t<\/div>\n\t\t\t\t\t<\/div>\n\t\t<\/section>\n\t\t\t\t<section class=\"elementor-section elementor-top-section elementor-element elementor-element-1c57a40 scheme_default elementor-section-full_width elementor-section-height-default elementor-section-height-default sc_fly_static\" data-id=\"1c57a40\" data-element_type=\"section\" data-e-type=\"section\" data-settings=\"{&quot;background_background&quot;:&quot;classic&quot;}\">\n\t\t\t\t\t\t<div class=\"elementor-container elementor-column-gap-default\">\n\t\t\t\t\t<div class=\"elementor-column elementor-col-100 elementor-top-column elementor-element elementor-element-46a9edd sc_content_align_inherit sc_layouts_column_icons_position_left sc_fly_static\" data-id=\"46a9edd\" data-element_type=\"column\" data-e-type=\"column\">\n\t\t\t<div class=\"elementor-widget-wrap elementor-element-populated\">\n\t\t\t\t\t\t<div class=\"elementor-element elementor-element-360397b sc_height_extra_huge sc_fly_static elementor-widget elementor-widget-spacer\" data-id=\"360397b\" data-element_type=\"widget\" data-e-type=\"widget\" data-widget_type=\"spacer.default\">\n\t\t\t\t<div class=\"elementor-widget-container\">\n\t\t\t\t\t\t\t<div class=\"elementor-spacer\">\n\t\t\t<div class=\"elementor-spacer-inner\"><\/div>\n\t\t<\/div>\n\t\t\t\t\t\t<\/div>\n\t\t\t\t<\/div>\n\t\t\t\t\t<\/div>\n\t\t<\/div>\n\t\t\t\t\t<\/div>\n\t\t<\/section>\n\t\t\t\t<section class=\"elementor-section elementor-top-section elementor-element elementor-element-c12c613 elementor-section-content-bottom scheme_default elementor-section-boxed elementor-section-height-default elementor-section-height-default sc_fly_static\" data-id=\"c12c613\" data-element_type=\"section\" data-e-type=\"section\" data-settings=\"{&quot;background_background&quot;:&quot;classic&quot;}\">\n\t\t\t\t\t\t<div class=\"elementor-container elementor-column-gap-extended\">\n\t\t\t\t\t<div class=\"elementor-column elementor-col-50 elementor-top-column elementor-element elementor-element-fd89872 sc_content_align_inherit sc_layouts_column_icons_position_left sc_fly_static\" data-id=\"fd89872\" data-element_type=\"column\" data-e-type=\"column\">\n\t\t\t<div class=\"elementor-widget-wrap elementor-element-populated\">\n\t\t\t\t\t\t<div class=\"elementor-element elementor-element-21a8fc5 sc_fly_static elementor-widget elementor-widget-trx_sc_title\" data-id=\"21a8fc5\" data-element_type=\"widget\" data-e-type=\"widget\" data-widget_type=\"trx_sc_title.default\">\n\t\t\t\t<div class=\"elementor-widget-container\">\n\t\t\t\t\t<div\t\tclass=\"sc_title color_style_dark sc_title_default\" ><span class=\"sc_item_subtitle sc_title_subtitle sc_item_subtitle_above sc_item_title_style_default\">Pontal do Paran\u00e1<\/span><h1 class=\"sc_item_title sc_title_title sc_item_title_style_default sc_item_title_tag\"\n\t\t\t><span class=\"sc_item_title_text\">Ven\u00ed a conocer este Para\u00edso<\/span><\/h1><\/div>\t\t\t\t<\/div>\n\t\t\t\t<\/div>\n\t\t\t\t<div class=\"elementor-element elementor-element-99c0886 sc_fly_static elementor-widget elementor-widget-spacer\" data-id=\"99c0886\" data-element_type=\"widget\" data-e-type=\"widget\" data-widget_type=\"spacer.default\">\n\t\t\t\t<div class=\"elementor-widget-container\">\n\t\t\t\t\t\t\t<div class=\"elementor-spacer\">\n\t\t\t<div class=\"elementor-spacer-inner\"><\/div>\n\t\t<\/div>\n\t\t\t\t\t\t<\/div>\n\t\t\t\t<\/div>\n\t\t\t\t<div class=\"elementor-element elementor-element-c550f21 sc_fly_static elementor-widget elementor-widget-text-editor\" data-id=\"c550f21\" data-element_type=\"widget\" data-e-type=\"widget\" data-widget_type=\"text-editor.default\">\n\t\t\t\t<div class=\"elementor-widget-container\">\n\t\t\t\t\t\t\t\t\t<p>Los 23 km de costa de Pontal do Paran\u00e1 re\u00fanen 48 balnearios ideales para disfrutar del mar. Entre ellos se destacan:<\/p><p>Santa Terezinha, el preferido por los j\u00f3venes gracias a su vida nocturna animada, excelentes olas para surfear y el carnaval m\u00e1s famoso de la ciudad.<br \/>Ipanema, reconocido por su comercio variado y siempre activo.<br \/>Pontal do Sul, con paisajes encantadores, buenas olas para surfear, piscinas naturales de aguas tranquilas y la conexi\u00f3n hacia la Isla do Mel.<br \/>Adem\u00e1s, los balnearios de Praia de Leste y Shangri-l\u00e1 tambi\u00e9n gozan de gran popularidad y reciben muchos visitantes durante\u00a0todo\u00a0el\u00a0a\u00f1o.<\/p>\t\t\t\t\t\t\t\t<\/div>\n\t\t\t\t<\/div>\n\t\t\t\t<div class=\"elementor-element elementor-element-f186cf5 sc_fly_static elementor-widget elementor-widget-spacer\" data-id=\"f186cf5\" data-element_type=\"widget\" data-e-type=\"widget\" data-widget_type=\"spacer.default\">\n\t\t\t\t<div class=\"elementor-widget-container\">\n\t\t\t\t\t\t\t<div class=\"elementor-spacer\">\n\t\t\t<div class=\"elementor-spacer-inner\"><\/div>\n\t\t<\/div>\n\t\t\t\t\t\t<\/div>\n\t\t\t\t<\/div>\n\t\t\t\t\t<\/div>\n\t\t<\/div>\n\t\t\t\t<div class=\"elementor-column elementor-col-50 elementor-top-column elementor-element elementor-element-7ea9fdd sc_column_fixed sc_content_align_inherit sc_layouts_column_icons_position_left sc_fly_static\" data-id=\"7ea9fdd\" data-element_type=\"column\" data-e-type=\"column\">\n\t\t\t<div class=\"elementor-widget-wrap elementor-element-populated\">\n\t\t\t\t\t\t<div class=\"elementor-element elementor-element-7a8a952 sc_fly_static elementor-widget elementor-widget-html\" data-id=\"7a8a952\" data-element_type=\"widget\" data-e-type=\"widget\" data-widget_type=\"html.default\">\n\t\t\t\t<div class=\"elementor-widget-container\">\n\t\t\t\t\t<iframe src=\"https:\/\/www.google.com\/maps\/embed?pb=!1m14!1m8!1m3!1d278398.17213737493!2d-48.457428!3d-25.667938!3m2!1i1024!2i768!4f13.1!3m3!1m2!1s0x94db9317fa38633d%3A0xa28d93812215882c!2sPontal%20do%20Paran%C3%A1%20-%20PR%2C%2083255-000%2C%20Brasil!5e1!3m2!1spt-BR!2sus!4v1758497839488!5m2!1spt-BR!2sus\" width=\"600\" height=\"450\" style=\"border:0;\" allowfullscreen=\"\" loading=\"lazy\" referrerpolicy=\"no-referrer-when-downgrade\"><\/iframe>\t\t\t\t<\/div>\n\t\t\t\t<\/div>\n\t\t\t\t\t<\/div>\n\t\t<\/div>\n\t\t\t\t\t<\/div>\n\t\t<\/section>\n\t\t\t\t<section class=\"elementor-section elementor-top-section elementor-element elementor-element-b2aec66 scheme_default elementor-section-full_width elementor-section-height-default elementor-section-height-default sc_fly_static\" data-id=\"b2aec66\" data-element_type=\"section\" data-e-type=\"section\" data-settings=\"{&quot;background_background&quot;:&quot;classic&quot;}\">\n\t\t\t\t\t\t<div class=\"elementor-container elementor-column-gap-no\">\n\t\t\t\t\t<div class=\"elementor-column elementor-col-100 elementor-top-column elementor-element elementor-element-d1d9202 sc_content_align_inherit sc_layouts_column_icons_position_left sc_fly_static\" data-id=\"d1d9202\" data-element_type=\"column\" data-e-type=\"column\">\n\t\t\t<div class=\"elementor-widget-wrap elementor-element-populated\">\n\t\t\t\t\t\t<div class=\"elementor-element elementor-element-69c2f9a sc_height_extra_huge sc_fly_static elementor-widget elementor-widget-spacer\" data-id=\"69c2f9a\" data-element_type=\"widget\" data-e-type=\"widget\" data-widget_type=\"spacer.default\">\n\t\t\t\t<div class=\"elementor-widget-container\">\n\t\t\t\t\t\t\t<div class=\"elementor-spacer\">\n\t\t\t<div class=\"elementor-spacer-inner\"><\/div>\n\t\t<\/div>\n\t\t\t\t\t\t<\/div>\n\t\t\t\t<\/div>\n\t\t\t\t\t<\/div>\n\t\t<\/div>\n\t\t\t\t\t<\/div>\n\t\t<\/section>\n\t\t\t\t<\/div>\n\t\t","protected":false},"excerpt":{"rendered":"<p>LA CIUDAD Conoc\u00e9 la Historia de Pontal do Paran\u00e1 Al igual que en todo el&hellip;<\/p>\n","protected":false},"author":1,"featured_media":0,"parent":0,"menu_order":0,"comment_status":"closed","ping_status":"closed","template":"","meta":{"footnotes":""},"class_list":["post-11740","page","type-page","status-publish","hentry"],"_links":{"self":[{"href":"https:\/\/agenciavicco.com.br\/pontalespanhol\/wp-json\/wp\/v2\/pages\/11740","targetHints":{"allow":["GET"]}}],"collection":[{"href":"https:\/\/agenciavicco.com.br\/pontalespanhol\/wp-json\/wp\/v2\/pages"}],"about":[{"href":"https:\/\/agenciavicco.com.br\/pontalespanhol\/wp-json\/wp\/v2\/types\/page"}],"author":[{"embeddable":true,"href":"https:\/\/agenciavicco.com.br\/pontalespanhol\/wp-json\/wp\/v2\/users\/1"}],"replies":[{"embeddable":true,"href":"https:\/\/agenciavicco.com.br\/pontalespanhol\/wp-json\/wp\/v2\/comments?post=11740"}],"version-history":[{"count":26,"href":"https:\/\/agenciavicco.com.br\/pontalespanhol\/wp-json\/wp\/v2\/pages\/11740\/revisions"}],"predecessor-version":[{"id":45813,"href":"https:\/\/agenciavicco.com.br\/pontalespanhol\/wp-json\/wp\/v2\/pages\/11740\/revisions\/45813"}],"wp:attachment":[{"href":"https:\/\/agenciavicco.com.br\/pontalespanhol\/wp-json\/wp\/v2\/media?parent=11740"}],"curies":[{"name":"wp","href":"https:\/\/api.w.org\/{rel}","templated":true}]}}