{"id":44086,"date":"2025-09-22T12:28:56","date_gmt":"2025-09-22T15:28:56","guid":{"rendered":"https:\/\/agenciavicco.com.br\/pontal\/passeios-turisticos-2\/"},"modified":"2025-12-03T19:53:01","modified_gmt":"2025-12-03T22:53:01","slug":"guias-e-condutores-de-turismo","status":"publish","type":"page","link":"https:\/\/agenciavicco.com.br\/pontal\/guias-e-condutores-de-turismo\/","title":{"rendered":"Guias e Condutores de Turismo"},"content":{"rendered":"\t\t<div data-elementor-type=\"wp-page\" data-elementor-id=\"44086\" class=\"elementor elementor-44086\" data-elementor-post-type=\"page\">\n\t\t\t\t\t\t<section class=\"elementor-section elementor-top-section elementor-element elementor-element-32a85dd elementor-section-full_width elementor-section-stretched elementor-section-height-default elementor-section-height-default sc_fly_static\" data-id=\"32a85dd\" data-element_type=\"section\" data-e-type=\"section\" data-settings=\"{&quot;stretch_section&quot;:&quot;section-stretched&quot;,&quot;background_background&quot;:&quot;classic&quot;}\">\n\t\t\t\t\t\t\t<div class=\"elementor-background-overlay\"><\/div>\n\t\t\t\t\t\t\t<div class=\"elementor-container elementor-column-gap-extended\">\n\t\t\t\t\t<div class=\"elementor-column elementor-col-100 elementor-top-column elementor-element elementor-element-13006aa sc_content_align_inherit sc_layouts_column_icons_position_left sc_fly_static\" data-id=\"13006aa\" data-element_type=\"column\" data-e-type=\"column\">\n\t\t\t<div class=\"elementor-widget-wrap elementor-element-populated\">\n\t\t\t\t\t\t<div class=\"elementor-element elementor-element-3dde4e3 sc_fly_static elementor-widget elementor-widget-spacer\" data-id=\"3dde4e3\" data-element_type=\"widget\" data-e-type=\"widget\" data-widget_type=\"spacer.default\">\n\t\t\t\t<div class=\"elementor-widget-container\">\n\t\t\t\t\t\t\t<div class=\"elementor-spacer\">\n\t\t\t<div class=\"elementor-spacer-inner\"><\/div>\n\t\t<\/div>\n\t\t\t\t\t\t<\/div>\n\t\t\t\t<\/div>\n\t\t\t\t<div class=\"elementor-element elementor-element-5d7312e sc_fly_static elementor-widget elementor-widget-trx_sc_title\" data-id=\"5d7312e\" data-element_type=\"widget\" data-e-type=\"widget\" data-widget_type=\"trx_sc_title.default\">\n\t\t\t\t<div class=\"elementor-widget-container\">\n\t\t\t\t\t<div\t\tclass=\"sc_title color_style_dark sc_title_default\" ><h1 class=\"sc_item_title sc_title_title sc_align_center sc_item_title_style_default sc_item_title_tag trx_addons_inline_2134171566\"\n\t\t\t><span class=\"sc_item_title_text\">GUIAS DE TURISMO<\/span><\/h1><\/div>\t\t\t\t<\/div>\n\t\t\t\t<\/div>\n\t\t\t\t<div class=\"elementor-element elementor-element-8b9321d sc_fly_static elementor-widget elementor-widget-spacer\" data-id=\"8b9321d\" data-element_type=\"widget\" data-e-type=\"widget\" data-widget_type=\"spacer.default\">\n\t\t\t\t<div class=\"elementor-widget-container\">\n\t\t\t\t\t\t\t<div class=\"elementor-spacer\">\n\t\t\t<div class=\"elementor-spacer-inner\"><\/div>\n\t\t<\/div>\n\t\t\t\t\t\t<\/div>\n\t\t\t\t<\/div>\n\t\t\t\t\t<\/div>\n\t\t<\/div>\n\t\t\t\t\t<\/div>\n\t\t<\/section>\n\t\t\t\t<section class=\"elementor-section elementor-top-section elementor-element elementor-element-0941b88 elementor-section-full_width elementor-section-height-default elementor-section-height-default sc_fly_static\" data-id=\"0941b88\" data-element_type=\"section\" data-e-type=\"section\" data-settings=\"{&quot;background_background&quot;:&quot;classic&quot;}\">\n\t\t\t\t\t\t<div class=\"elementor-container elementor-column-gap-extended\">\n\t\t\t\t\t<div class=\"elementor-column elementor-col-100 elementor-top-column elementor-element elementor-element-9356555 sc_content_align_inherit sc_layouts_column_icons_position_left sc_fly_static\" data-id=\"9356555\" data-element_type=\"column\" data-e-type=\"column\">\n\t\t\t<div class=\"elementor-widget-wrap elementor-element-populated\">\n\t\t\t\t\t\t<div class=\"elementor-element elementor-element-a9bcb06 sc_height_large sc_fly_static elementor-widget elementor-widget-spacer\" data-id=\"a9bcb06\" data-element_type=\"widget\" data-e-type=\"widget\" data-widget_type=\"spacer.default\">\n\t\t\t\t<div class=\"elementor-widget-container\">\n\t\t\t\t\t\t\t<div class=\"elementor-spacer\">\n\t\t\t<div class=\"elementor-spacer-inner\"><\/div>\n\t\t<\/div>\n\t\t\t\t\t\t<\/div>\n\t\t\t\t<\/div>\n\t\t\t\t<div class=\"elementor-element elementor-element-26ab383 sc_layouts_hide_on_tablet sc_layouts_hide_on_mobile sc_fly_static elementor-widget elementor-widget-spacer\" data-id=\"26ab383\" data-element_type=\"widget\" data-e-type=\"widget\" data-widget_type=\"spacer.default\">\n\t\t\t\t<div class=\"elementor-widget-container\">\n\t\t\t\t\t\t\t<div class=\"elementor-spacer\">\n\t\t\t<div class=\"elementor-spacer-inner\"><\/div>\n\t\t<\/div>\n\t\t\t\t\t\t<\/div>\n\t\t\t\t<\/div>\n\t\t\t\t<section class=\"elementor-section elementor-inner-section elementor-element elementor-element-36548f7 elementor-section-full_width elementor-section-height-default elementor-section-height-default sc_fly_static\" data-id=\"36548f7\" data-element_type=\"section\" data-e-type=\"section\">\n\t\t\t\t\t\t<div class=\"elementor-container elementor-column-gap-custom\">\n\t\t\t\t\t<div class=\"elementor-column elementor-col-100 elementor-inner-column elementor-element elementor-element-0e5c203 sc_content_align_inherit sc_layouts_column_icons_position_left sc_fly_static\" data-id=\"0e5c203\" data-element_type=\"column\" data-e-type=\"column\">\n\t\t\t<div class=\"elementor-widget-wrap elementor-element-populated\">\n\t\t\t\t\t\t<div data-animation-type=\"char\" data-animation-stagger=\"10\" class=\"elementor-element elementor-element-4b327ae elementor-widget-tablet__width-initial elementor-widget-mobile__width-inherit animation_type_char sc_fly_static elementor-invisible elementor-widget elementor-widget-trx_sc_title\" data-id=\"4b327ae\" data-element_type=\"widget\" data-e-type=\"widget\" data-settings=\"{&quot;_animation&quot;:&quot;cabana-fadeinup&quot;,&quot;_animation_delay&quot;:0}\" data-widget_type=\"trx_sc_title.default\">\n\t\t\t\t<div class=\"elementor-widget-container\">\n\t\t\t\t\t<div\t\tclass=\"sc_title sc_title_default\" ><h4 class=\"sc_item_title sc_title_title sc_align_center sc_item_title_style_default sc_item_title_tag\"\n\t\t\t><span class=\"sc_item_title_text\">Aqui voc\u00ea encontra profissionais especializados que v\u00e3o tornar sua viagem ainda mais incr\u00edvel.<\/span><\/h4><\/div>\t\t\t\t<\/div>\n\t\t\t\t<\/div>\n\t\t\t\t\t<\/div>\n\t\t<\/div>\n\t\t\t\t\t<\/div>\n\t\t<\/section>\n\t\t\t\t<div class=\"elementor-element elementor-element-5990be3 sc_height_medium sc_fly_static elementor-widget elementor-widget-spacer\" data-id=\"5990be3\" data-element_type=\"widget\" data-e-type=\"widget\" data-widget_type=\"spacer.default\">\n\t\t\t\t<div class=\"elementor-widget-container\">\n\t\t\t\t\t\t\t<div class=\"elementor-spacer\">\n\t\t\t<div class=\"elementor-spacer-inner\"><\/div>\n\t\t<\/div>\n\t\t\t\t\t\t<\/div>\n\t\t\t\t<\/div>\n\t\t\t\t\t<\/div>\n\t\t<\/div>\n\t\t\t\t\t<\/div>\n\t\t<\/section>\n\t\t\t\t<section class=\"elementor-section elementor-top-section elementor-element elementor-element-78034b1 scheme_default elementor-section-boxed elementor-section-height-default elementor-section-height-default sc_fly_static\" data-id=\"78034b1\" data-element_type=\"section\" data-e-type=\"section\" data-settings=\"{&quot;background_background&quot;:&quot;classic&quot;}\">\n\t\t\t\t\t\t<div class=\"elementor-container elementor-column-gap-default\">\n\t\t\t\t\t<div class=\"elementor-column elementor-col-100 elementor-top-column elementor-element elementor-element-84ff143 sc_content_align_inherit sc_layouts_column_icons_position_left sc_fly_static\" data-id=\"84ff143\" data-element_type=\"column\" data-e-type=\"column\">\n\t\t\t<div class=\"elementor-widget-wrap elementor-element-populated\">\n\t\t\t\t\t\t<div class=\"elementor-element elementor-element-1c648f7 sc_fly_static elementor-widget elementor-widget-trx_sc_services\" data-id=\"1c648f7\" data-element_type=\"widget\" data-e-type=\"widget\" data-widget_type=\"trx_sc_services.default\">\n\t\t\t\t<div class=\"elementor-widget-container\">\n\t\t\t\t\t<div class=\"sc_services sc_services_default sc_services_featured_top sc_services_popup sc_post_details_popup\"><div class=\"sc_services_columns_wrap sc_item_columns sc_item_posts_container sc_item_columns_4 trx_addons_columns_wrap columns_padding_bottom\"><div class=\"trx_addons_column-1_4\"><div data-post-id=\"950\" class=\"sc_services_item sc_item_container post_container without_content with_image sc_services_item_featured_top post-950 cpt_services type-cpt_services status-publish has-post-thumbnail hentry cpt_services_group-guias-e-condutores-de-turismo\" data-post_id=\"950\" data-post_type=\"cpt_services\" data-item-number=\"1\"\r\n>\r\n\t<div class=\"post_featured with_thumb hover_link sc_services_item_thumb\"><img decoding=\"async\" width=\"270\" height=\"152\" src=\"https:\/\/agenciavicco.com.br\/pontal\/wp-content\/uploads\/2020\/04\/WhatsApp-Image-2025-05-12-at-15.57.35-1-270x152.jpeg\" class=\"attachment-trx_addons-thumb-small size-trx_addons-thumb-small wp-post-image\" alt=\"\" srcset=\"https:\/\/agenciavicco.com.br\/pontal\/wp-content\/uploads\/2020\/04\/WhatsApp-Image-2025-05-12-at-15.57.35-1-270x152.jpeg 270w, https:\/\/agenciavicco.com.br\/pontal\/wp-content\/uploads\/2020\/04\/WhatsApp-Image-2025-05-12-at-15.57.35-1-410x230.jpeg 410w\" sizes=\"(max-width: 270px) 100vw, 270px\" \/>\t\t\t\t\t\t<div class=\"mask\"><\/div>\r\n\t\t\t\t\t\t<a class=\"post_link sc_services_item_link\" href=\"https:\/\/agenciavicco.com.br\/pontal\/services\/litoral-nota-cem\/\"><\/a>\t\t\t<a href=\"https:\/\/agenciavicco.com.br\/pontal\/services\/litoral-nota-cem\/\"  aria-hidden=\"true\" class=\"link\"><\/a>\r\n\t\t\t<\/div>\t\r\n\t<div class=\"sc_services_item_info\">\r\n\t\t\t\t<div class=\"sc_services_item_header\">\r\n\t\t\t\t\t\t<h4 class=\"sc_services_item_title entry-title\"><a href=\"https:\/\/agenciavicco.com.br\/pontal\/services\/litoral-nota-cem\/\">Litoral Nota Cem<\/a><\/h4>\r\n\t\t\t<div class=\"sc_services_item_subtitle\"><a href=\"https:\/\/agenciavicco.com.br\/pontal\/services_group\/guias-e-condutores-de-turismo\/\" title=\"View all posts in Guias e Condutores de Turismo\">Guias e Condutores de Turismo<\/a><\/div>\t\t<\/div>\r\n\t\t        <div class=\"sc_services_item_button sc_item_button\">\r\n            <a href=\"https:\/\/agenciavicco.com.br\/pontal\/services\/litoral-nota-cem\/\" class=\"sc_services_item_more_link\">\r\n                <span class=\"link_text\">Leia mais<\/span><span class=\"link_icon\"><\/span>\r\n            <\/a>\r\n            <\/div><\/div>\r\n<\/div>\r\n<\/div><div class=\"trx_addons_column-1_4\"><div data-post-id=\"43674\" class=\"sc_services_item sc_item_container post_container without_content with_image sc_services_item_featured_top post-43674 cpt_services type-cpt_services status-publish has-post-thumbnail hentry cpt_services_group-guias-e-condutores-de-turismo\" data-post_id=\"43674\" data-post_type=\"cpt_services\" data-item-number=\"2\"\r\n>\r\n\t<div class=\"post_featured with_thumb hover_link sc_services_item_thumb\"><img decoding=\"async\" width=\"270\" height=\"152\" src=\"https:\/\/agenciavicco.com.br\/pontal\/wp-content\/uploads\/2025\/12\/saida-de-barcos-pontal-do-parana-270x152.jpg\" class=\"attachment-trx_addons-thumb-small size-trx_addons-thumb-small wp-post-image\" alt=\"\" srcset=\"https:\/\/agenciavicco.com.br\/pontal\/wp-content\/uploads\/2025\/12\/saida-de-barcos-pontal-do-parana-270x152.jpg 270w, https:\/\/agenciavicco.com.br\/pontal\/wp-content\/uploads\/2025\/12\/saida-de-barcos-pontal-do-parana-840x473.jpg 840w, https:\/\/agenciavicco.com.br\/pontal\/wp-content\/uploads\/2025\/12\/saida-de-barcos-pontal-do-parana-410x230.jpg 410w\" sizes=\"(max-width: 270px) 100vw, 270px\" \/>\t\t\t\t\t\t<div class=\"mask\"><\/div>\r\n\t\t\t\t\t\t<a class=\"post_link sc_services_item_link\" href=\"https:\/\/agenciavicco.com.br\/pontal\/services\/fernanda-mossanik-da-silva-persegona\/\"><\/a>\t\t\t<a href=\"https:\/\/agenciavicco.com.br\/pontal\/services\/fernanda-mossanik-da-silva-persegona\/\"  aria-hidden=\"true\" class=\"link\"><\/a>\r\n\t\t\t<\/div>\t\r\n\t<div class=\"sc_services_item_info\">\r\n\t\t\t\t<div class=\"sc_services_item_header\">\r\n\t\t\t\t\t\t<h4 class=\"sc_services_item_title entry-title\"><a href=\"https:\/\/agenciavicco.com.br\/pontal\/services\/fernanda-mossanik-da-silva-persegona\/\">Nanda<\/a><\/h4>\r\n\t\t\t<div class=\"sc_services_item_subtitle\"><a href=\"https:\/\/agenciavicco.com.br\/pontal\/services_group\/guias-e-condutores-de-turismo\/\" title=\"View all posts in Guias e Condutores de Turismo\">Guias e Condutores de Turismo<\/a><\/div>\t\t<\/div>\r\n\t\t        <div class=\"sc_services_item_button sc_item_button\">\r\n            <a href=\"https:\/\/agenciavicco.com.br\/pontal\/services\/fernanda-mossanik-da-silva-persegona\/\" class=\"sc_services_item_more_link\">\r\n                <span class=\"link_text\">Leia mais<\/span><span class=\"link_icon\"><\/span>\r\n            <\/a>\r\n            <\/div><\/div>\r\n<\/div>\r\n<\/div><div class=\"trx_addons_column-1_4\"><div data-post-id=\"43740\" class=\"sc_services_item sc_item_container post_container without_content with_image sc_services_item_featured_top post-43740 cpt_services type-cpt_services status-publish has-post-thumbnail hentry cpt_services_group-guias-e-condutores-de-turismo\" data-post_id=\"43740\" data-post_type=\"cpt_services\" data-item-number=\"3\"\r\n>\r\n\t<div class=\"post_featured with_thumb hover_link sc_services_item_thumb\"><img decoding=\"async\" width=\"270\" height=\"152\" src=\"https:\/\/agenciavicco.com.br\/pontal\/wp-content\/uploads\/2025\/12\/pontal-travessia-270x152.jpg\" class=\"attachment-trx_addons-thumb-small size-trx_addons-thumb-small wp-post-image\" alt=\"\" srcset=\"https:\/\/agenciavicco.com.br\/pontal\/wp-content\/uploads\/2025\/12\/pontal-travessia-270x152.jpg 270w, https:\/\/agenciavicco.com.br\/pontal\/wp-content\/uploads\/2025\/12\/pontal-travessia-840x473.jpg 840w, https:\/\/agenciavicco.com.br\/pontal\/wp-content\/uploads\/2025\/12\/pontal-travessia-410x230.jpg 410w\" sizes=\"(max-width: 270px) 100vw, 270px\" \/>\t\t\t\t\t\t<div class=\"mask\"><\/div>\r\n\t\t\t\t\t\t<a class=\"post_link sc_services_item_link\" href=\"https:\/\/agenciavicco.com.br\/pontal\/services\/maria-carolina-goncalves\/\"><\/a>\t\t\t<a href=\"https:\/\/agenciavicco.com.br\/pontal\/services\/maria-carolina-goncalves\/\"  aria-hidden=\"true\" class=\"link\"><\/a>\r\n\t\t\t<\/div>\t\r\n\t<div class=\"sc_services_item_info\">\r\n\t\t\t\t<div class=\"sc_services_item_header\">\r\n\t\t\t\t\t\t<h4 class=\"sc_services_item_title entry-title\"><a href=\"https:\/\/agenciavicco.com.br\/pontal\/services\/maria-carolina-goncalves\/\">Maria Carolina Gon\u00e7alves<\/a><\/h4>\r\n\t\t\t<div class=\"sc_services_item_subtitle\"><a href=\"https:\/\/agenciavicco.com.br\/pontal\/services_group\/guias-e-condutores-de-turismo\/\" title=\"View all posts in Guias e Condutores de Turismo\">Guias e Condutores de Turismo<\/a><\/div>\t\t<\/div>\r\n\t\t        <div class=\"sc_services_item_button sc_item_button\">\r\n            <a href=\"https:\/\/agenciavicco.com.br\/pontal\/services\/maria-carolina-goncalves\/\" class=\"sc_services_item_more_link\">\r\n                <span class=\"link_text\">Leia mais<\/span><span class=\"link_icon\"><\/span>\r\n            <\/a>\r\n            <\/div><\/div>\r\n<\/div>\r\n<\/div><div class=\"trx_addons_column-1_4\"><div data-post-id=\"43780\" class=\"sc_services_item sc_item_container post_container without_content with_image sc_services_item_featured_top post-43780 cpt_services type-cpt_services status-publish has-post-thumbnail hentry cpt_services_group-guias-e-condutores-de-turismo\" data-post_id=\"43780\" data-post_type=\"cpt_services\" data-item-number=\"4\"\r\n>\r\n\t<div class=\"post_featured with_thumb hover_link sc_services_item_thumb\"><img loading=\"lazy\" decoding=\"async\" width=\"270\" height=\"152\" src=\"https:\/\/agenciavicco.com.br\/pontal\/wp-content\/uploads\/2025\/09\/Ecoturismo-1-270x152.jpg\" class=\"attachment-trx_addons-thumb-small size-trx_addons-thumb-small wp-post-image\" alt=\"\" srcset=\"https:\/\/agenciavicco.com.br\/pontal\/wp-content\/uploads\/2025\/09\/Ecoturismo-1-270x152.jpg 270w, https:\/\/agenciavicco.com.br\/pontal\/wp-content\/uploads\/2025\/09\/Ecoturismo-1-840x473.jpg 840w, https:\/\/agenciavicco.com.br\/pontal\/wp-content\/uploads\/2025\/09\/Ecoturismo-1-410x230.jpg 410w\" sizes=\"(max-width: 270px) 100vw, 270px\" \/>\t\t\t\t\t\t<div class=\"mask\"><\/div>\r\n\t\t\t\t\t\t<a class=\"post_link sc_services_item_link\" href=\"https:\/\/agenciavicco.com.br\/pontal\/services\/karoline-santos\/\"><\/a>\t\t\t<a href=\"https:\/\/agenciavicco.com.br\/pontal\/services\/karoline-santos\/\"  aria-hidden=\"true\" class=\"link\"><\/a>\r\n\t\t\t<\/div>\t\r\n\t<div class=\"sc_services_item_info\">\r\n\t\t\t\t<div class=\"sc_services_item_header\">\r\n\t\t\t\t\t\t<h4 class=\"sc_services_item_title entry-title\"><a href=\"https:\/\/agenciavicco.com.br\/pontal\/services\/karoline-santos\/\">Karoline Santos<\/a><\/h4>\r\n\t\t\t<div class=\"sc_services_item_subtitle\"><a href=\"https:\/\/agenciavicco.com.br\/pontal\/services_group\/guias-e-condutores-de-turismo\/\" title=\"View all posts in Guias e Condutores de Turismo\">Guias e Condutores de Turismo<\/a><\/div>\t\t<\/div>\r\n\t\t        <div class=\"sc_services_item_button sc_item_button\">\r\n            <a href=\"https:\/\/agenciavicco.com.br\/pontal\/services\/karoline-santos\/\" class=\"sc_services_item_more_link\">\r\n                <span class=\"link_text\">Leia mais<\/span><span class=\"link_icon\"><\/span>\r\n            <\/a>\r\n            <\/div><\/div>\r\n<\/div>\r\n<\/div><div class=\"trx_addons_column-1_4\"><div data-post-id=\"43816\" class=\"sc_services_item sc_item_container post_container without_content with_image sc_services_item_featured_top post-43816 cpt_services type-cpt_services status-publish has-post-thumbnail hentry cpt_services_group-guias-e-condutores-de-turismo\" data-post_id=\"43816\" data-post_type=\"cpt_services\" data-item-number=\"5\"\r\n>\r\n\t<div class=\"post_featured with_thumb hover_link sc_services_item_thumb\"><img loading=\"lazy\" decoding=\"async\" width=\"270\" height=\"152\" src=\"https:\/\/agenciavicco.com.br\/pontal\/wp-content\/uploads\/2025\/12\/Pontal-do-Parana-270x152.jpg\" class=\"attachment-trx_addons-thumb-small size-trx_addons-thumb-small wp-post-image\" alt=\"\" srcset=\"https:\/\/agenciavicco.com.br\/pontal\/wp-content\/uploads\/2025\/12\/Pontal-do-Parana-270x152.jpg 270w, https:\/\/agenciavicco.com.br\/pontal\/wp-content\/uploads\/2025\/12\/Pontal-do-Parana-410x230.jpg 410w\" sizes=\"(max-width: 270px) 100vw, 270px\" \/>\t\t\t\t\t\t<div class=\"mask\"><\/div>\r\n\t\t\t\t\t\t<a class=\"post_link sc_services_item_link\" href=\"https:\/\/agenciavicco.com.br\/pontal\/services\/kalu-camila\/\"><\/a>\t\t\t<a href=\"https:\/\/agenciavicco.com.br\/pontal\/services\/kalu-camila\/\"  aria-hidden=\"true\" class=\"link\"><\/a>\r\n\t\t\t<\/div>\t\r\n\t<div class=\"sc_services_item_info\">\r\n\t\t\t\t<div class=\"sc_services_item_header\">\r\n\t\t\t\t\t\t<h4 class=\"sc_services_item_title entry-title\"><a href=\"https:\/\/agenciavicco.com.br\/pontal\/services\/kalu-camila\/\">Kalu Camila<\/a><\/h4>\r\n\t\t\t<div class=\"sc_services_item_subtitle\"><a href=\"https:\/\/agenciavicco.com.br\/pontal\/services_group\/guias-e-condutores-de-turismo\/\" title=\"View all posts in Guias e Condutores de Turismo\">Guias e Condutores de Turismo<\/a><\/div>\t\t<\/div>\r\n\t\t        <div class=\"sc_services_item_button sc_item_button\">\r\n            <a href=\"https:\/\/agenciavicco.com.br\/pontal\/services\/kalu-camila\/\" class=\"sc_services_item_more_link\">\r\n                <span class=\"link_text\">Leia mais<\/span><span class=\"link_icon\"><\/span>\r\n            <\/a>\r\n            <\/div><\/div>\r\n<\/div>\r\n<\/div><\/div><\/div>\t\t\t\t<\/div>\n\t\t\t\t<\/div>\n\t\t\t\t<div class=\"elementor-element elementor-element-db486e7 sc_height_extra_huge sc_fly_static elementor-widget elementor-widget-spacer\" data-id=\"db486e7\" data-element_type=\"widget\" data-e-type=\"widget\" data-widget_type=\"spacer.default\">\n\t\t\t\t<div class=\"elementor-widget-container\">\n\t\t\t\t\t\t\t<div class=\"elementor-spacer\">\n\t\t\t<div class=\"elementor-spacer-inner\"><\/div>\n\t\t<\/div>\n\t\t\t\t\t\t<\/div>\n\t\t\t\t<\/div>\n\t\t\t\t\t<\/div>\n\t\t<\/div>\n\t\t\t\t\t<\/div>\n\t\t<\/section>\n\t\t\t\t<\/div>\n\t\t","protected":false},"excerpt":{"rendered":"<p>GUIAS DE TURISMO Aqui voc\u00ea encontra profissionais especializados que v\u00e3o tornar sua viagem ainda mais&hellip;<\/p>\n","protected":false},"author":1,"featured_media":0,"parent":0,"menu_order":0,"comment_status":"closed","ping_status":"closed","template":"","meta":{"footnotes":""},"class_list":["post-44086","page","type-page","status-publish","hentry"],"_links":{"self":[{"href":"https:\/\/agenciavicco.com.br\/pontal\/wp-json\/wp\/v2\/pages\/44086","targetHints":{"allow":["GET"]}}],"collection":[{"href":"https:\/\/agenciavicco.com.br\/pontal\/wp-json\/wp\/v2\/pages"}],"about":[{"href":"https:\/\/agenciavicco.com.br\/pontal\/wp-json\/wp\/v2\/types\/page"}],"author":[{"embeddable":true,"href":"https:\/\/agenciavicco.com.br\/pontal\/wp-json\/wp\/v2\/users\/1"}],"replies":[{"embeddable":true,"href":"https:\/\/agenciavicco.com.br\/pontal\/wp-json\/wp\/v2\/comments?post=44086"}],"version-history":[{"count":25,"href":"https:\/\/agenciavicco.com.br\/pontal\/wp-json\/wp\/v2\/pages\/44086\/revisions"}],"predecessor-version":[{"id":45515,"href":"https:\/\/agenciavicco.com.br\/pontal\/wp-json\/wp\/v2\/pages\/44086\/revisions\/45515"}],"wp:attachment":[{"href":"https:\/\/agenciavicco.com.br\/pontal\/wp-json\/wp\/v2\/media?parent=44086"}],"curies":[{"name":"wp","href":"https:\/\/api.w.org\/{rel}","templated":true}]}}