{"id":9599,"date":"2025-06-15T16:21:44","date_gmt":"2025-06-15T19:21:44","guid":{"rendered":"https:\/\/agenciavicco.com.br\/Loja2\/?post_type=product&#038;p=9599"},"modified":"2025-06-16T10:05:38","modified_gmt":"2025-06-16T13:05:38","slug":"omega-3","status":"publish","type":"product","link":"https:\/\/agenciavicco.com.br\/Loja2\/produto\/omega-3\/","title":{"rendered":"Omega 3"},"content":{"rendered":"\t\t<div data-elementor-type=\"wp-post\" data-elementor-id=\"9599\" class=\"elementor elementor-9599\" data-elementor-post-type=\"product\">\n\t\t\t\t<div class=\"elementor-element elementor-element-54430b7 e-flex e-con-boxed e-con e-parent\" data-id=\"54430b7\" data-element_type=\"container\" data-e-type=\"container\">\n\t\t\t\t\t<div class=\"e-con-inner\">\n\t\t\t\t<div class=\"elementor-element elementor-element-f520e3d elementor-widget elementor-widget-heading\" data-id=\"f520e3d\" data-element_type=\"widget\" data-e-type=\"widget\" data-widget_type=\"heading.default\">\n\t\t\t\t<div class=\"elementor-widget-container\">\n\t\t\t\t\t<h3 class=\"elementor-heading-title elementor-size-default\">Omega 3<\/h3>\t\t\t\t<\/div>\n\t\t\t\t<\/div>\n\t\t\t\t<div class=\"elementor-element elementor-element-2f5b931 elementor-widget elementor-widget-heading\" data-id=\"2f5b931\" data-element_type=\"widget\" data-e-type=\"widget\" data-widget_type=\"heading.default\">\n\t\t\t\t<div class=\"elementor-widget-container\">\n\t\t\t\t\t<p class=\"elementor-heading-title elementor-size-default\">Sa\u00fade geral e mantem o bem- estar di\u00e1rio<\/p>\t\t\t\t<\/div>\n\t\t\t\t<\/div>\n\t\t\t\t\t<\/div>\n\t\t\t\t<\/div>\n\t\t<div class=\"elementor-element elementor-element-233ded9 e-con-full tb-width-plus-40 e-flex e-con e-parent\" data-id=\"233ded9\" data-element_type=\"container\" data-e-type=\"container\">\n\t\t<div class=\"elementor-element elementor-element-64c9331 e-con-full e-flex e-con e-child\" data-id=\"64c9331\" data-element_type=\"container\" data-e-type=\"container\">\n\t\t\t\t<div class=\"elementor-element elementor-element-3999eef elementor-widget elementor-widget-text-editor\" data-id=\"3999eef\" data-element_type=\"widget\" data-e-type=\"widget\" data-widget_type=\"text-editor.default\">\n\t\t\t\t<div class=\"elementor-widget-container\">\n\t\t\t\t\t\t\t\t\t<p>Lirius Omega 3 \u00e9 um suplemento de alta qualidade, formulado com EPA e DHA, \u00e1cidos graxos essenciais que oferecem benef\u00edcios abrangentes para o corpo. Este produto promove a sa\u00fade cardiovascular, apoia o funcionamento cerebral e ocular e reduz inflama\u00e7\u00f5es, proporcionando mais bem-estar para o dia a dia.<\/p><h5>BENEF\u00cdCIOS:<\/h5><p><strong>Sa\u00fade cardiovascular:<\/strong>Auxilia na redu\u00e7\u00e3o dos n\u00edveis de triglicer\u00eddeos e protege contra doen\u00e7as do cora\u00e7\u00e3o.<\/p><p><strong>Redu\u00e7\u00e3o de inflama\u00e7\u00f5es:<\/strong>O EPA atua diretamente no combate \u00e0s inflama\u00e7\u00f5es, promovendo o bem-estar geral.<\/p><p><strong>Sa\u00fade cerebral e ocular:<\/strong> O DHA contribui para a fun\u00e7\u00e3o cognitiva e mant\u00e9m a vis\u00e3o saud\u00e1vel.<\/p><p><strong>F\u00f3rmula concentrada:<\/strong>Dose ideal de EPA e DHA para m\u00e1xima efic\u00e1cia.<\/p><p><strong>Apoio \u00e0s articula\u00e7\u00f5es:<\/strong> Proporciona al\u00edvio para articula\u00e7\u00f5es inflamadas e melhora a mobilidade.<\/p><h5>COMO TOMAR:<\/h5><p>Ingerir 2 c\u00e1psulas ao dia, preferencialmente junto \u00e0s refei\u00e7\u00f5es, ou conforme orienta\u00e7\u00e3o de um profissional de sa\u00fade.<\/p>\t\t\t\t\t\t\t\t<\/div>\n\t\t\t\t<\/div>\n\t\t\t\t<\/div>\n\t\t\t\t<\/div>\n\t\t<div class=\"elementor-element elementor-element-5d1774e e-flex e-con-boxed e-con e-parent\" data-id=\"5d1774e\" data-element_type=\"container\" data-e-type=\"container\">\n\t\t\t\t\t<div class=\"e-con-inner\">\n\t\t\t\t<div class=\"elementor-element elementor-element-ef63165 elementor-widget elementor-widget-heading\" data-id=\"ef63165\" data-element_type=\"widget\" data-e-type=\"widget\" data-widget_type=\"heading.default\">\n\t\t\t\t<div class=\"elementor-widget-container\">\n\t\t\t\t\t<h3 class=\"elementor-heading-title elementor-size-default\">Compre Mais e Pague Menos<\/h3>\t\t\t\t<\/div>\n\t\t\t\t<\/div>\n\t\t\t\t<div class=\"elementor-element elementor-element-25c4fb2 elementor-widget elementor-widget-heading\" data-id=\"25c4fb2\" data-element_type=\"widget\" data-e-type=\"widget\" data-widget_type=\"heading.default\">\n\t\t\t\t<div class=\"elementor-widget-container\">\n\t\t\t\t\t<p class=\"elementor-heading-title elementor-size-default\">Conhe\u00e7a nossos Kits de Suplementos<\/p>\t\t\t\t<\/div>\n\t\t\t\t<\/div>\n\t\t\t\t<div class=\"elementor-element elementor-element-d42ef43 elementor-grid-4 elementor-grid-tablet-3 elementor-grid-mobile-2 elementor-products-grid elementor-wc-products elementor-widget elementor-widget-woocommerce-products\" data-id=\"d42ef43\" data-element_type=\"widget\" data-e-type=\"widget\" data-widget_type=\"woocommerce-products.default\">\n\t\t\t\t<div class=\"elementor-widget-container\">\n\t\t\t\t\t<div class=\"woocommerce columns-4 \"><div class=\"products row list-product-archive products-grid clearfix\">\t<div class=\"col-md-4 col-sm-4 col-xs-6 col-lg-3 product type-product post-9612 status-publish first instock product_cat-kit-3-unidades product_cat-kits has-post-thumbnail featured shipping-taxable purchasable product-type-simple\">\r\n\t\t<div class=\"product-block  grid\" data-product-id=\"9612\">\r\n    <div class=\"grid-inner\">\r\n                <div class=\"block-inner\">\r\n            <figure class=\"image product-image\">\r\n                        <a title=\"Omega 3 &#8211; 3 unidades\" href=\"https:\/\/agenciavicco.com.br\/Loja2\/produto\/omega-3-3unidades\/\" class=\"product-image\">\r\n            <img fetchpriority=\"high\" decoding=\"async\" width=\"480\" height=\"638\" src=\"data:image\/svg+xml;charset=utf-8,%3Csvg xmlns%3D&#039;http%3A%2F%2Fwww.w3.org%2F2000%2Fsvg&#039; viewBox%3D&#039;0 0 480 638&#039;%2F%3E\" class=\"attachment-woocommerce_thumbnail size-woocommerce_thumbnail image-no-effect unveil-image\" alt=\"\" data-src=\"https:\/\/agenciavicco.com.br\/Loja2\/wp-content\/uploads\/2025\/06\/omega3-480x638.jpg\" \/>        <\/a>\r\n        \r\n                            <\/figure>\r\n            <div class=\"clearfix swatches_list\">\r\n                             <\/div>\r\n            <div class=\"groups-button clearfix\">\r\n                <div class=\"groups-button-inner\">\r\n                                                                            <\/div>\r\n            <\/div>\r\n        <\/div>\r\n        <div class=\"metas clearfix\">\r\n            <div class=\"title-wrapper\">\r\n                <div class=\"clearfix\">\r\n                                        <h3 class=\"name\"><a href=\"https:\/\/agenciavicco.com.br\/Loja2\/produto\/omega-3-3unidades\/\">Omega 3 &#8211; 3 unidades<\/a><\/h3>\r\n                                        \n\t<span class=\"price\"><span class=\"woocommerce-Price-amount amount\"><bdi><span class=\"woocommerce-Price-currencySymbol\">&#82;&#36;<\/span>897,00<\/bdi><\/span><\/span>\n    \r\n                <\/div>\r\n               \r\n            <\/div>\r\n            <div class=\"add-cart\"><a href=\"\/Loja2\/wp-json\/wp\/v2\/product\/9599?add-to-cart=9612\" rel=\"nofollow\" data-product_id=\"9612\" data-product_sku=\"\" data-quantity=\"1\" class=\"button product_type_simple add_to_cart_button ajax_add_to_cart product_type_simple\">Adicionar ao carrinho<\/a><\/div>        <\/div>\r\n    <\/div>\r\n<\/div>\t<\/div>\r\n\t<div class=\"col-md-4 col-sm-4 col-xs-6 col-lg-3 product type-product post-9614 status-publish instock product_cat-kit-6-unidades product_cat-kits has-post-thumbnail featured shipping-taxable purchasable product-type-simple\">\r\n\t\t<div class=\"product-block  grid\" data-product-id=\"9614\">\r\n    <div class=\"grid-inner\">\r\n                <div class=\"block-inner\">\r\n            <figure class=\"image product-image\">\r\n                        <a title=\"Omega 3 &#8211; 6 unidades\" href=\"https:\/\/agenciavicco.com.br\/Loja2\/produto\/omega-3-6-unidades\/\" class=\"product-image\">\r\n            <img decoding=\"async\" width=\"480\" height=\"638\" src=\"data:image\/svg+xml;charset=utf-8,%3Csvg xmlns%3D&#039;http%3A%2F%2Fwww.w3.org%2F2000%2Fsvg&#039; viewBox%3D&#039;0 0 480 638&#039;%2F%3E\" class=\"attachment-woocommerce_thumbnail size-woocommerce_thumbnail image-no-effect unveil-image\" alt=\"\" data-src=\"https:\/\/agenciavicco.com.br\/Loja2\/wp-content\/uploads\/2025\/06\/omega6-480x638.jpg\" \/>        <\/a>\r\n        \r\n                            <\/figure>\r\n            <div class=\"clearfix swatches_list\">\r\n                             <\/div>\r\n            <div class=\"groups-button clearfix\">\r\n                <div class=\"groups-button-inner\">\r\n                                                                            <\/div>\r\n            <\/div>\r\n        <\/div>\r\n        <div class=\"metas clearfix\">\r\n            <div class=\"title-wrapper\">\r\n                <div class=\"clearfix\">\r\n                                        <h3 class=\"name\"><a href=\"https:\/\/agenciavicco.com.br\/Loja2\/produto\/omega-3-6-unidades\/\">Omega 3 &#8211; 6 unidades<\/a><\/h3>\r\n                                        \n\t<span class=\"price\"><span class=\"woocommerce-Price-amount amount\"><bdi><span class=\"woocommerce-Price-currencySymbol\">&#82;&#36;<\/span>1.194,00<\/bdi><\/span><\/span>\n    \r\n                <\/div>\r\n               \r\n            <\/div>\r\n            <div class=\"add-cart\"><a href=\"\/Loja2\/wp-json\/wp\/v2\/product\/9599?add-to-cart=9614\" rel=\"nofollow\" data-product_id=\"9614\" data-product_sku=\"\" data-quantity=\"1\" class=\"button product_type_simple add_to_cart_button ajax_add_to_cart product_type_simple\">Adicionar ao carrinho<\/a><\/div>        <\/div>\r\n    <\/div>\r\n<\/div>\t<\/div>\r\n<\/div><\/div>\t\t\t\t<\/div>\n\t\t\t\t<\/div>\n\t\t\t\t\t<\/div>\n\t\t\t\t<\/div>\n\t\t\t\t<\/div>\n\t\t","protected":false},"excerpt":{"rendered":"<p>Omega 3 \u00e9 um suplemento poderoso contendo EPA e DHA, \u00e1cidos graxos essenciais que auxiliam na diminui\u00e7\u00e3o das inflama\u00e7\u00f5es e na prote\u00e7\u00e3o contra doen\u00e7as cardiovasculares. Com uma f\u00f3rmula concentrada, este produto oferece diversos benef\u00edcios para a sa\u00fade.<\/p>\n<p>1 UNIDADE<\/p>\n","protected":false},"featured_media":9717,"comment_status":"open","ping_status":"closed","template":"","meta":[],"product_brand":[],"product_cat":[15],"product_tag":[],"class_list":{"0":"post-9599","1":"product","2":"type-product","3":"status-publish","4":"has-post-thumbnail","6":"product_cat-suplementos","8":"first","9":"instock","10":"featured","11":"shipping-taxable","12":"purchasable","13":"product-type-simple"},"yoast_head":"<!-- This site is optimized with the Yoast SEO plugin v27.2 - https:\/\/yoast.com\/product\/yoast-seo-wordpress\/ -->\n<title>Omega 3 - Lirius<\/title>\n<meta name=\"robots\" content=\"index, follow, max-snippet:-1, max-image-preview:large, max-video-preview:-1\" \/>\n<link rel=\"canonical\" href=\"https:\/\/agenciavicco.com.br\/Loja2\/produto\/omega-3\/\" \/>\n<meta property=\"og:locale\" content=\"pt_BR\" \/>\n<meta property=\"og:type\" content=\"article\" \/>\n<meta property=\"og:title\" content=\"Omega 3 - Lirius\" \/>\n<meta property=\"og:description\" content=\"Omega 3 \u00e9 um suplemento poderoso contendo EPA e DHA, \u00e1cidos graxos essenciais que auxiliam na diminui\u00e7\u00e3o das inflama\u00e7\u00f5es e na prote\u00e7\u00e3o contra doen\u00e7as cardiovasculares. Com uma f\u00f3rmula concentrada, este produto oferece diversos benef\u00edcios para a sa\u00fade.  1 UNIDADE\" \/>\n<meta property=\"og:url\" content=\"https:\/\/agenciavicco.com.br\/Loja2\/produto\/omega-3\/\" \/>\n<meta property=\"og:site_name\" content=\"Lirius\" \/>\n<meta property=\"article:modified_time\" content=\"2025-06-16T13:05:38+00:00\" \/>\n<meta property=\"og:image\" content=\"https:\/\/agenciavicco.com.br\/Loja2\/wp-content\/uploads\/2025\/06\/omega.jpg\" \/>\n\t<meta property=\"og:image:width\" content=\"1184\" \/>\n\t<meta property=\"og:image:height\" content=\"1350\" \/>\n\t<meta property=\"og:image:type\" content=\"image\/jpeg\" \/>\n<meta name=\"twitter:card\" content=\"summary_large_image\" \/>\n<meta name=\"twitter:label1\" content=\"Est. tempo de leitura\" \/>\n\t<meta name=\"twitter:data1\" content=\"2 minutos\" \/>\n<script type=\"application\/ld+json\" class=\"yoast-schema-graph\">{\"@context\":\"https:\/\/schema.org\",\"@graph\":[{\"@type\":\"WebPage\",\"@id\":\"https:\/\/agenciavicco.com.br\/Loja2\/produto\/omega-3\/\",\"url\":\"https:\/\/agenciavicco.com.br\/Loja2\/produto\/omega-3\/\",\"name\":\"Omega 3 - Lirius\",\"isPartOf\":{\"@id\":\"https:\/\/agenciavicco.com.br\/Loja2\/#website\"},\"primaryImageOfPage\":{\"@id\":\"https:\/\/agenciavicco.com.br\/Loja2\/produto\/omega-3\/#primaryimage\"},\"image\":{\"@id\":\"https:\/\/agenciavicco.com.br\/Loja2\/produto\/omega-3\/#primaryimage\"},\"thumbnailUrl\":\"https:\/\/agenciavicco.com.br\/Loja2\/wp-content\/uploads\/2025\/06\/omega.jpg\",\"datePublished\":\"2025-06-15T19:21:44+00:00\",\"dateModified\":\"2025-06-16T13:05:38+00:00\",\"breadcrumb\":{\"@id\":\"https:\/\/agenciavicco.com.br\/Loja2\/produto\/omega-3\/#breadcrumb\"},\"inLanguage\":\"pt-BR\",\"potentialAction\":[{\"@type\":\"ReadAction\",\"target\":[\"https:\/\/agenciavicco.com.br\/Loja2\/produto\/omega-3\/\"]}]},{\"@type\":\"ImageObject\",\"inLanguage\":\"pt-BR\",\"@id\":\"https:\/\/agenciavicco.com.br\/Loja2\/produto\/omega-3\/#primaryimage\",\"url\":\"https:\/\/agenciavicco.com.br\/Loja2\/wp-content\/uploads\/2025\/06\/omega.jpg\",\"contentUrl\":\"https:\/\/agenciavicco.com.br\/Loja2\/wp-content\/uploads\/2025\/06\/omega.jpg\",\"width\":1184,\"height\":1350},{\"@type\":\"BreadcrumbList\",\"@id\":\"https:\/\/agenciavicco.com.br\/Loja2\/produto\/omega-3\/#breadcrumb\",\"itemListElement\":[{\"@type\":\"ListItem\",\"position\":1,\"name\":\"In\u00edcio\",\"item\":\"https:\/\/agenciavicco.com.br\/Loja2\/\"},{\"@type\":\"ListItem\",\"position\":2,\"name\":\"Loja\",\"item\":\"https:\/\/agenciavicco.com.br\/Loja2\/loja\/\"},{\"@type\":\"ListItem\",\"position\":3,\"name\":\"Omega 3\"}]},{\"@type\":\"WebSite\",\"@id\":\"https:\/\/agenciavicco.com.br\/Loja2\/#website\",\"url\":\"https:\/\/agenciavicco.com.br\/Loja2\/\",\"name\":\"Lirius\",\"description\":\"Suplementos\",\"potentialAction\":[{\"@type\":\"SearchAction\",\"target\":{\"@type\":\"EntryPoint\",\"urlTemplate\":\"https:\/\/agenciavicco.com.br\/Loja2\/?s={search_term_string}\"},\"query-input\":{\"@type\":\"PropertyValueSpecification\",\"valueRequired\":true,\"valueName\":\"search_term_string\"}}],\"inLanguage\":\"pt-BR\"}]}<\/script>\n<!-- \/ Yoast SEO plugin. -->","yoast_head_json":{"title":"Omega 3 - Lirius","robots":{"index":"index","follow":"follow","max-snippet":"max-snippet:-1","max-image-preview":"max-image-preview:large","max-video-preview":"max-video-preview:-1"},"canonical":"https:\/\/agenciavicco.com.br\/Loja2\/produto\/omega-3\/","og_locale":"pt_BR","og_type":"article","og_title":"Omega 3 - Lirius","og_description":"Omega 3 \u00e9 um suplemento poderoso contendo EPA e DHA, \u00e1cidos graxos essenciais que auxiliam na diminui\u00e7\u00e3o das inflama\u00e7\u00f5es e na prote\u00e7\u00e3o contra doen\u00e7as cardiovasculares. Com uma f\u00f3rmula concentrada, este produto oferece diversos benef\u00edcios para a sa\u00fade.  1 UNIDADE","og_url":"https:\/\/agenciavicco.com.br\/Loja2\/produto\/omega-3\/","og_site_name":"Lirius","article_modified_time":"2025-06-16T13:05:38+00:00","og_image":[{"width":1184,"height":1350,"url":"https:\/\/agenciavicco.com.br\/Loja2\/wp-content\/uploads\/2025\/06\/omega.jpg","type":"image\/jpeg"}],"twitter_card":"summary_large_image","twitter_misc":{"Est. tempo de leitura":"2 minutos"},"schema":{"@context":"https:\/\/schema.org","@graph":[{"@type":"WebPage","@id":"https:\/\/agenciavicco.com.br\/Loja2\/produto\/omega-3\/","url":"https:\/\/agenciavicco.com.br\/Loja2\/produto\/omega-3\/","name":"Omega 3 - Lirius","isPartOf":{"@id":"https:\/\/agenciavicco.com.br\/Loja2\/#website"},"primaryImageOfPage":{"@id":"https:\/\/agenciavicco.com.br\/Loja2\/produto\/omega-3\/#primaryimage"},"image":{"@id":"https:\/\/agenciavicco.com.br\/Loja2\/produto\/omega-3\/#primaryimage"},"thumbnailUrl":"https:\/\/agenciavicco.com.br\/Loja2\/wp-content\/uploads\/2025\/06\/omega.jpg","datePublished":"2025-06-15T19:21:44+00:00","dateModified":"2025-06-16T13:05:38+00:00","breadcrumb":{"@id":"https:\/\/agenciavicco.com.br\/Loja2\/produto\/omega-3\/#breadcrumb"},"inLanguage":"pt-BR","potentialAction":[{"@type":"ReadAction","target":["https:\/\/agenciavicco.com.br\/Loja2\/produto\/omega-3\/"]}]},{"@type":"ImageObject","inLanguage":"pt-BR","@id":"https:\/\/agenciavicco.com.br\/Loja2\/produto\/omega-3\/#primaryimage","url":"https:\/\/agenciavicco.com.br\/Loja2\/wp-content\/uploads\/2025\/06\/omega.jpg","contentUrl":"https:\/\/agenciavicco.com.br\/Loja2\/wp-content\/uploads\/2025\/06\/omega.jpg","width":1184,"height":1350},{"@type":"BreadcrumbList","@id":"https:\/\/agenciavicco.com.br\/Loja2\/produto\/omega-3\/#breadcrumb","itemListElement":[{"@type":"ListItem","position":1,"name":"In\u00edcio","item":"https:\/\/agenciavicco.com.br\/Loja2\/"},{"@type":"ListItem","position":2,"name":"Loja","item":"https:\/\/agenciavicco.com.br\/Loja2\/loja\/"},{"@type":"ListItem","position":3,"name":"Omega 3"}]},{"@type":"WebSite","@id":"https:\/\/agenciavicco.com.br\/Loja2\/#website","url":"https:\/\/agenciavicco.com.br\/Loja2\/","name":"Lirius","description":"Suplementos","potentialAction":[{"@type":"SearchAction","target":{"@type":"EntryPoint","urlTemplate":"https:\/\/agenciavicco.com.br\/Loja2\/?s={search_term_string}"},"query-input":{"@type":"PropertyValueSpecification","valueRequired":true,"valueName":"search_term_string"}}],"inLanguage":"pt-BR"}]}},"_links":{"self":[{"href":"https:\/\/agenciavicco.com.br\/Loja2\/wp-json\/wp\/v2\/product\/9599","targetHints":{"allow":["GET"]}}],"collection":[{"href":"https:\/\/agenciavicco.com.br\/Loja2\/wp-json\/wp\/v2\/product"}],"about":[{"href":"https:\/\/agenciavicco.com.br\/Loja2\/wp-json\/wp\/v2\/types\/product"}],"replies":[{"embeddable":true,"href":"https:\/\/agenciavicco.com.br\/Loja2\/wp-json\/wp\/v2\/comments?post=9599"}],"version-history":[{"count":8,"href":"https:\/\/agenciavicco.com.br\/Loja2\/wp-json\/wp\/v2\/product\/9599\/revisions"}],"predecessor-version":[{"id":9719,"href":"https:\/\/agenciavicco.com.br\/Loja2\/wp-json\/wp\/v2\/product\/9599\/revisions\/9719"}],"wp:featuredmedia":[{"embeddable":true,"href":"https:\/\/agenciavicco.com.br\/Loja2\/wp-json\/wp\/v2\/media\/9717"}],"wp:attachment":[{"href":"https:\/\/agenciavicco.com.br\/Loja2\/wp-json\/wp\/v2\/media?parent=9599"}],"wp:term":[{"taxonomy":"product_brand","embeddable":true,"href":"https:\/\/agenciavicco.com.br\/Loja2\/wp-json\/wp\/v2\/product_brand?post=9599"},{"taxonomy":"product_cat","embeddable":true,"href":"https:\/\/agenciavicco.com.br\/Loja2\/wp-json\/wp\/v2\/product_cat?post=9599"},{"taxonomy":"product_tag","embeddable":true,"href":"https:\/\/agenciavicco.com.br\/Loja2\/wp-json\/wp\/v2\/product_tag?post=9599"}],"curies":[{"name":"wp","href":"https:\/\/api.w.org\/{rel}","templated":true}]}}