{"id":9568,"date":"2025-06-15T16:08:17","date_gmt":"2025-06-15T19:08:17","guid":{"rendered":"https:\/\/agenciavicco.com.br\/Loja2\/?post_type=product&#038;p=9568"},"modified":"2025-06-16T10:06:44","modified_gmt":"2025-06-16T13:06:44","slug":"uro-redux","status":"publish","type":"product","link":"https:\/\/agenciavicco.com.br\/Loja2\/produto\/uro-redux\/","title":{"rendered":"Uro Redux"},"content":{"rendered":"\t\t<div data-elementor-type=\"wp-post\" data-elementor-id=\"9568\" class=\"elementor elementor-9568\" data-elementor-post-type=\"product\">\n\t\t\t\t<div class=\"elementor-element elementor-element-54430b7 e-flex e-con-boxed e-con e-parent\" data-id=\"54430b7\" data-element_type=\"container\" data-e-type=\"container\">\n\t\t\t\t\t<div class=\"e-con-inner\">\n\t\t\t\t<div class=\"elementor-element elementor-element-f520e3d elementor-widget elementor-widget-heading\" data-id=\"f520e3d\" data-element_type=\"widget\" data-e-type=\"widget\" data-widget_type=\"heading.default\">\n\t\t\t\t<div class=\"elementor-widget-container\">\n\t\t\t\t\t<h3 class=\"elementor-heading-title elementor-size-default\">Uro Redux<\/h3>\t\t\t\t<\/div>\n\t\t\t\t<\/div>\n\t\t\t\t<div class=\"elementor-element elementor-element-2f5b931 elementor-widget elementor-widget-heading\" data-id=\"2f5b931\" data-element_type=\"widget\" data-e-type=\"widget\" data-widget_type=\"heading.default\">\n\t\t\t\t<div class=\"elementor-widget-container\">\n\t\t\t\t\t<p class=\"elementor-heading-title elementor-size-default\">O suporte eficaz para mulheres<\/p>\t\t\t\t<\/div>\n\t\t\t\t<\/div>\n\t\t\t\t\t<\/div>\n\t\t\t\t<\/div>\n\t\t<div class=\"elementor-element elementor-element-233ded9 e-con-full tb-width-plus-40 e-flex e-con e-parent\" data-id=\"233ded9\" data-element_type=\"container\" data-e-type=\"container\">\n\t\t<div class=\"elementor-element elementor-element-64c9331 e-con-full e-flex e-con e-child\" data-id=\"64c9331\" data-element_type=\"container\" data-e-type=\"container\">\n\t\t\t\t<div class=\"elementor-element elementor-element-3999eef elementor-widget elementor-widget-text-editor\" data-id=\"3999eef\" data-element_type=\"widget\" data-e-type=\"widget\" data-widget_type=\"text-editor.default\">\n\t\t\t\t<div class=\"elementor-widget-container\">\n\t\t\t\t\t\t\t\t\t<p>Uro Redux \u00e9 um suplemento alimentar especialmente desenvolvido para mulheres que buscam suporte durante a menopausa, TPM e incontin\u00eancia urin\u00e1ria. Sua f\u00f3rmula combina ingredientes de alta qualidade, como vitamina C, zinco, sel\u00eanio e cranberry, que agem em sinergia para promover sa\u00fade e bem-estar. Uro Redux oferece al\u00edvio para sintomas desconfort\u00e1veis, fortalece o sistema imunol\u00f3gico e contribui para a sa\u00fade do trato urin\u00e1rio, proporcionando mais qualidade de vida.<\/p><h5>BENEF\u00cdCIOS:<\/h5><p><strong>Al\u00edvio dos sintomas da menopausa e TPM:<\/strong>Ajuda a reduzir ondas de calor, irritabilidade e desconfortos associados.<\/p><p><strong>Sa\u00fade do trato urin\u00e1rio:<\/strong> As proantocianidinas de cranberry ajudam a prevenir infec\u00e7\u00f5es urin\u00e1rias e mant\u00eam o trato urin\u00e1rio saud\u00e1vel.<\/p><p><strong>Fortalecimento do sistema imunol\u00f3gico:<\/strong> A vitamina C fortalece as defesas naturais do corpo e combate inflama\u00e7\u00f5es.<\/p><p><strong>Redu\u00e7\u00e3o de infec\u00e7\u00f5es urin\u00e1rias:<\/strong> O zinco bisglicinato contribui para a sa\u00fade do trato urin\u00e1rio e reduz a frequ\u00eancia de infec\u00e7\u00f5es.<\/p><p><strong>Melhora do metabolismo:<\/strong> O sel\u00eanio regula o metabolismo, apoia a fun\u00e7\u00e3o imunol\u00f3gica e minimiza os sintomas da menopausa.<\/p><h5>COMO TOMAR:<\/h5><p>Ingerir 2 c\u00e1psulas ao dia, preferencialmente junto \u00e0s refei\u00e7\u00f5es, ou conforme orienta\u00e7\u00e3o de um profissional de sa\u00fade.<\/p>\t\t\t\t\t\t\t\t<\/div>\n\t\t\t\t<\/div>\n\t\t\t\t<\/div>\n\t\t\t\t<\/div>\n\t\t<div class=\"elementor-element elementor-element-5d1774e e-flex e-con-boxed e-con e-parent\" data-id=\"5d1774e\" data-element_type=\"container\" data-e-type=\"container\">\n\t\t\t\t\t<div class=\"e-con-inner\">\n\t\t\t\t<div class=\"elementor-element elementor-element-ef63165 elementor-widget elementor-widget-heading\" data-id=\"ef63165\" data-element_type=\"widget\" data-e-type=\"widget\" data-widget_type=\"heading.default\">\n\t\t\t\t<div class=\"elementor-widget-container\">\n\t\t\t\t\t<h3 class=\"elementor-heading-title elementor-size-default\">Compre Mais e Pague Menos<\/h3>\t\t\t\t<\/div>\n\t\t\t\t<\/div>\n\t\t\t\t<div class=\"elementor-element elementor-element-25c4fb2 elementor-widget elementor-widget-heading\" data-id=\"25c4fb2\" data-element_type=\"widget\" data-e-type=\"widget\" data-widget_type=\"heading.default\">\n\t\t\t\t<div class=\"elementor-widget-container\">\n\t\t\t\t\t<p class=\"elementor-heading-title elementor-size-default\">Conhe\u00e7a nossos Kits de Suplementos<\/p>\t\t\t\t<\/div>\n\t\t\t\t<\/div>\n\t\t\t\t<div class=\"elementor-element elementor-element-d42ef43 elementor-grid-4 elementor-grid-tablet-3 elementor-grid-mobile-2 elementor-products-grid elementor-wc-products elementor-widget elementor-widget-woocommerce-products\" data-id=\"d42ef43\" data-element_type=\"widget\" data-e-type=\"widget\" data-widget_type=\"woocommerce-products.default\">\n\t\t\t\t<div class=\"elementor-widget-container\">\n\t\t\t\t\t<div class=\"woocommerce columns-4 \"><div class=\"products row list-product-archive products-grid clearfix\">\t<div class=\"col-md-4 col-sm-4 col-xs-6 col-lg-3 product type-product post-9571 status-publish first instock product_cat-kit-3-unidades product_cat-kits has-post-thumbnail featured shipping-taxable purchasable product-type-simple\">\r\n\t\t<div class=\"product-block  grid\" data-product-id=\"9571\">\r\n    <div class=\"grid-inner\">\r\n                <div class=\"block-inner\">\r\n            <figure class=\"image product-image\">\r\n                        <a title=\"Uro Redux &#8211; 3 unidades\" href=\"https:\/\/agenciavicco.com.br\/Loja2\/produto\/uro-redux-3-unidades\/\" class=\"product-image\">\r\n            <img fetchpriority=\"high\" decoding=\"async\" width=\"480\" height=\"638\" src=\"data:image\/svg+xml;charset=utf-8,%3Csvg xmlns%3D&#039;http%3A%2F%2Fwww.w3.org%2F2000%2Fsvg&#039; viewBox%3D&#039;0 0 480 638&#039;%2F%3E\" class=\"attachment-woocommerce_thumbnail size-woocommerce_thumbnail image-no-effect unveil-image\" alt=\"\" data-src=\"https:\/\/agenciavicco.com.br\/Loja2\/wp-content\/uploads\/2025\/06\/uro3-480x638.jpg\" \/>        <\/a>\r\n        \r\n                            <\/figure>\r\n            <div class=\"clearfix swatches_list\">\r\n                             <\/div>\r\n            <div class=\"groups-button clearfix\">\r\n                <div class=\"groups-button-inner\">\r\n                                                                            <\/div>\r\n            <\/div>\r\n        <\/div>\r\n        <div class=\"metas clearfix\">\r\n            <div class=\"title-wrapper\">\r\n                <div class=\"clearfix\">\r\n                                        <h3 class=\"name\"><a href=\"https:\/\/agenciavicco.com.br\/Loja2\/produto\/uro-redux-3-unidades\/\">Uro Redux &#8211; 3 unidades<\/a><\/h3>\r\n                                        \n\t<span class=\"price\"><span class=\"woocommerce-Price-amount amount\"><bdi><span class=\"woocommerce-Price-currencySymbol\">&#82;&#36;<\/span>897,00<\/bdi><\/span><\/span>\n    \r\n                <\/div>\r\n               \r\n            <\/div>\r\n            <div class=\"add-cart\"><a href=\"\/Loja2\/wp-json\/wp\/v2\/product\/9568?add-to-cart=9571\" rel=\"nofollow\" data-product_id=\"9571\" data-product_sku=\"\" data-quantity=\"1\" class=\"button product_type_simple add_to_cart_button ajax_add_to_cart product_type_simple\">Adicionar ao carrinho<\/a><\/div>        <\/div>\r\n    <\/div>\r\n<\/div>\t<\/div>\r\n\t<div class=\"col-md-4 col-sm-4 col-xs-6 col-lg-3 product type-product post-9588 status-publish instock product_cat-kit-6-unidades product_cat-kits has-post-thumbnail featured shipping-taxable purchasable product-type-simple\">\r\n\t\t<div class=\"product-block  grid\" data-product-id=\"9588\">\r\n    <div class=\"grid-inner\">\r\n                <div class=\"block-inner\">\r\n            <figure class=\"image product-image\">\r\n                        <a title=\"Uro Redux &#8211; 6 unidades\" href=\"https:\/\/agenciavicco.com.br\/Loja2\/produto\/uro-redux-6-unidades\/\" class=\"product-image\">\r\n            <img decoding=\"async\" width=\"480\" height=\"638\" src=\"data:image\/svg+xml;charset=utf-8,%3Csvg xmlns%3D&#039;http%3A%2F%2Fwww.w3.org%2F2000%2Fsvg&#039; viewBox%3D&#039;0 0 480 638&#039;%2F%3E\" class=\"attachment-woocommerce_thumbnail size-woocommerce_thumbnail image-no-effect unveil-image\" alt=\"\" data-src=\"https:\/\/agenciavicco.com.br\/Loja2\/wp-content\/uploads\/2025\/06\/uro6-480x638.jpg\" \/>        <\/a>\r\n        \r\n                            <\/figure>\r\n            <div class=\"clearfix swatches_list\">\r\n                             <\/div>\r\n            <div class=\"groups-button clearfix\">\r\n                <div class=\"groups-button-inner\">\r\n                                                                            <\/div>\r\n            <\/div>\r\n        <\/div>\r\n        <div class=\"metas clearfix\">\r\n            <div class=\"title-wrapper\">\r\n                <div class=\"clearfix\">\r\n                                        <h3 class=\"name\"><a href=\"https:\/\/agenciavicco.com.br\/Loja2\/produto\/uro-redux-6-unidades\/\">Uro Redux &#8211; 6 unidades<\/a><\/h3>\r\n                                        \n\t<span class=\"price\"><span class=\"woocommerce-Price-amount amount\"><bdi><span class=\"woocommerce-Price-currencySymbol\">&#82;&#36;<\/span>1.194,00<\/bdi><\/span><\/span>\n    \r\n                <\/div>\r\n               \r\n            <\/div>\r\n            <div class=\"add-cart\"><a href=\"\/Loja2\/wp-json\/wp\/v2\/product\/9568?add-to-cart=9588\" rel=\"nofollow\" data-product_id=\"9588\" data-product_sku=\"\" data-quantity=\"1\" class=\"button product_type_simple add_to_cart_button ajax_add_to_cart product_type_simple\">Adicionar ao carrinho<\/a><\/div>        <\/div>\r\n    <\/div>\r\n<\/div>\t<\/div>\r\n<\/div><\/div>\t\t\t\t<\/div>\n\t\t\t\t<\/div>\n\t\t\t\t\t<\/div>\n\t\t\t\t<\/div>\n\t\t\t\t<\/div>\n\t\t","protected":false},"excerpt":{"rendered":"<p>Uro Redux \u00e9 formulado especialmente para oferecer suporte durante a menopausa, TPM e incontin\u00eancia urin\u00e1ria. Com uma combina\u00e7\u00e3o \u00fanica de ingredientes, este suplemento ajuda a aliviar sintomas desconfort\u00e1veis e melhorar a qualidade de vida.<\/p>\n<p>1 UNIDADE<\/p>\n","protected":false},"featured_media":9711,"comment_status":"open","ping_status":"closed","template":"","meta":[],"product_brand":[],"product_cat":[15],"product_tag":[],"class_list":{"0":"post-9568","1":"product","2":"type-product","3":"status-publish","4":"has-post-thumbnail","6":"product_cat-suplementos","8":"first","9":"instock","10":"featured","11":"shipping-taxable","12":"purchasable","13":"product-type-simple"},"yoast_head":"<!-- This site is optimized with the Yoast SEO plugin v27.2 - https:\/\/yoast.com\/product\/yoast-seo-wordpress\/ -->\n<title>Uro Redux - Lirius<\/title>\n<meta name=\"robots\" content=\"index, follow, max-snippet:-1, max-image-preview:large, max-video-preview:-1\" \/>\n<link rel=\"canonical\" href=\"https:\/\/agenciavicco.com.br\/Loja2\/produto\/uro-redux\/\" \/>\n<meta property=\"og:locale\" content=\"pt_BR\" \/>\n<meta property=\"og:type\" content=\"article\" \/>\n<meta property=\"og:title\" content=\"Uro Redux - Lirius\" \/>\n<meta property=\"og:description\" content=\"Uro Redux \u00e9 formulado especialmente para oferecer suporte durante a menopausa, TPM e incontin\u00eancia urin\u00e1ria. Com uma combina\u00e7\u00e3o \u00fanica de ingredientes, este suplemento ajuda a aliviar sintomas desconfort\u00e1veis e melhorar a qualidade de vida.  1 UNIDADE\" \/>\n<meta property=\"og:url\" content=\"https:\/\/agenciavicco.com.br\/Loja2\/produto\/uro-redux\/\" \/>\n<meta property=\"og:site_name\" content=\"Lirius\" \/>\n<meta property=\"article:modified_time\" content=\"2025-06-16T13:06:44+00:00\" \/>\n<meta property=\"og:image\" content=\"https:\/\/agenciavicco.com.br\/Loja2\/wp-content\/uploads\/2025\/06\/uro.jpg\" \/>\n\t<meta property=\"og:image:width\" content=\"1184\" \/>\n\t<meta property=\"og:image:height\" content=\"1350\" \/>\n\t<meta property=\"og:image:type\" content=\"image\/jpeg\" \/>\n<meta name=\"twitter:card\" content=\"summary_large_image\" \/>\n<meta name=\"twitter:label1\" content=\"Est. tempo de leitura\" \/>\n\t<meta name=\"twitter:data1\" content=\"2 minutos\" \/>\n<script type=\"application\/ld+json\" class=\"yoast-schema-graph\">{\"@context\":\"https:\/\/schema.org\",\"@graph\":[{\"@type\":\"WebPage\",\"@id\":\"https:\/\/agenciavicco.com.br\/Loja2\/produto\/uro-redux\/\",\"url\":\"https:\/\/agenciavicco.com.br\/Loja2\/produto\/uro-redux\/\",\"name\":\"Uro Redux - Lirius\",\"isPartOf\":{\"@id\":\"https:\/\/agenciavicco.com.br\/Loja2\/#website\"},\"primaryImageOfPage\":{\"@id\":\"https:\/\/agenciavicco.com.br\/Loja2\/produto\/uro-redux\/#primaryimage\"},\"image\":{\"@id\":\"https:\/\/agenciavicco.com.br\/Loja2\/produto\/uro-redux\/#primaryimage\"},\"thumbnailUrl\":\"https:\/\/agenciavicco.com.br\/Loja2\/wp-content\/uploads\/2025\/06\/uro.jpg\",\"datePublished\":\"2025-06-15T19:08:17+00:00\",\"dateModified\":\"2025-06-16T13:06:44+00:00\",\"breadcrumb\":{\"@id\":\"https:\/\/agenciavicco.com.br\/Loja2\/produto\/uro-redux\/#breadcrumb\"},\"inLanguage\":\"pt-BR\",\"potentialAction\":[{\"@type\":\"ReadAction\",\"target\":[\"https:\/\/agenciavicco.com.br\/Loja2\/produto\/uro-redux\/\"]}]},{\"@type\":\"ImageObject\",\"inLanguage\":\"pt-BR\",\"@id\":\"https:\/\/agenciavicco.com.br\/Loja2\/produto\/uro-redux\/#primaryimage\",\"url\":\"https:\/\/agenciavicco.com.br\/Loja2\/wp-content\/uploads\/2025\/06\/uro.jpg\",\"contentUrl\":\"https:\/\/agenciavicco.com.br\/Loja2\/wp-content\/uploads\/2025\/06\/uro.jpg\",\"width\":1184,\"height\":1350},{\"@type\":\"BreadcrumbList\",\"@id\":\"https:\/\/agenciavicco.com.br\/Loja2\/produto\/uro-redux\/#breadcrumb\",\"itemListElement\":[{\"@type\":\"ListItem\",\"position\":1,\"name\":\"In\u00edcio\",\"item\":\"https:\/\/agenciavicco.com.br\/Loja2\/\"},{\"@type\":\"ListItem\",\"position\":2,\"name\":\"Loja\",\"item\":\"https:\/\/agenciavicco.com.br\/Loja2\/loja\/\"},{\"@type\":\"ListItem\",\"position\":3,\"name\":\"Uro Redux\"}]},{\"@type\":\"WebSite\",\"@id\":\"https:\/\/agenciavicco.com.br\/Loja2\/#website\",\"url\":\"https:\/\/agenciavicco.com.br\/Loja2\/\",\"name\":\"Lirius\",\"description\":\"Suplementos\",\"potentialAction\":[{\"@type\":\"SearchAction\",\"target\":{\"@type\":\"EntryPoint\",\"urlTemplate\":\"https:\/\/agenciavicco.com.br\/Loja2\/?s={search_term_string}\"},\"query-input\":{\"@type\":\"PropertyValueSpecification\",\"valueRequired\":true,\"valueName\":\"search_term_string\"}}],\"inLanguage\":\"pt-BR\"}]}<\/script>\n<!-- \/ Yoast SEO plugin. -->","yoast_head_json":{"title":"Uro Redux - Lirius","robots":{"index":"index","follow":"follow","max-snippet":"max-snippet:-1","max-image-preview":"max-image-preview:large","max-video-preview":"max-video-preview:-1"},"canonical":"https:\/\/agenciavicco.com.br\/Loja2\/produto\/uro-redux\/","og_locale":"pt_BR","og_type":"article","og_title":"Uro Redux - Lirius","og_description":"Uro Redux \u00e9 formulado especialmente para oferecer suporte durante a menopausa, TPM e incontin\u00eancia urin\u00e1ria. Com uma combina\u00e7\u00e3o \u00fanica de ingredientes, este suplemento ajuda a aliviar sintomas desconfort\u00e1veis e melhorar a qualidade de vida.  1 UNIDADE","og_url":"https:\/\/agenciavicco.com.br\/Loja2\/produto\/uro-redux\/","og_site_name":"Lirius","article_modified_time":"2025-06-16T13:06:44+00:00","og_image":[{"width":1184,"height":1350,"url":"https:\/\/agenciavicco.com.br\/Loja2\/wp-content\/uploads\/2025\/06\/uro.jpg","type":"image\/jpeg"}],"twitter_card":"summary_large_image","twitter_misc":{"Est. tempo de leitura":"2 minutos"},"schema":{"@context":"https:\/\/schema.org","@graph":[{"@type":"WebPage","@id":"https:\/\/agenciavicco.com.br\/Loja2\/produto\/uro-redux\/","url":"https:\/\/agenciavicco.com.br\/Loja2\/produto\/uro-redux\/","name":"Uro Redux - Lirius","isPartOf":{"@id":"https:\/\/agenciavicco.com.br\/Loja2\/#website"},"primaryImageOfPage":{"@id":"https:\/\/agenciavicco.com.br\/Loja2\/produto\/uro-redux\/#primaryimage"},"image":{"@id":"https:\/\/agenciavicco.com.br\/Loja2\/produto\/uro-redux\/#primaryimage"},"thumbnailUrl":"https:\/\/agenciavicco.com.br\/Loja2\/wp-content\/uploads\/2025\/06\/uro.jpg","datePublished":"2025-06-15T19:08:17+00:00","dateModified":"2025-06-16T13:06:44+00:00","breadcrumb":{"@id":"https:\/\/agenciavicco.com.br\/Loja2\/produto\/uro-redux\/#breadcrumb"},"inLanguage":"pt-BR","potentialAction":[{"@type":"ReadAction","target":["https:\/\/agenciavicco.com.br\/Loja2\/produto\/uro-redux\/"]}]},{"@type":"ImageObject","inLanguage":"pt-BR","@id":"https:\/\/agenciavicco.com.br\/Loja2\/produto\/uro-redux\/#primaryimage","url":"https:\/\/agenciavicco.com.br\/Loja2\/wp-content\/uploads\/2025\/06\/uro.jpg","contentUrl":"https:\/\/agenciavicco.com.br\/Loja2\/wp-content\/uploads\/2025\/06\/uro.jpg","width":1184,"height":1350},{"@type":"BreadcrumbList","@id":"https:\/\/agenciavicco.com.br\/Loja2\/produto\/uro-redux\/#breadcrumb","itemListElement":[{"@type":"ListItem","position":1,"name":"In\u00edcio","item":"https:\/\/agenciavicco.com.br\/Loja2\/"},{"@type":"ListItem","position":2,"name":"Loja","item":"https:\/\/agenciavicco.com.br\/Loja2\/loja\/"},{"@type":"ListItem","position":3,"name":"Uro Redux"}]},{"@type":"WebSite","@id":"https:\/\/agenciavicco.com.br\/Loja2\/#website","url":"https:\/\/agenciavicco.com.br\/Loja2\/","name":"Lirius","description":"Suplementos","potentialAction":[{"@type":"SearchAction","target":{"@type":"EntryPoint","urlTemplate":"https:\/\/agenciavicco.com.br\/Loja2\/?s={search_term_string}"},"query-input":{"@type":"PropertyValueSpecification","valueRequired":true,"valueName":"search_term_string"}}],"inLanguage":"pt-BR"}]}},"_links":{"self":[{"href":"https:\/\/agenciavicco.com.br\/Loja2\/wp-json\/wp\/v2\/product\/9568","targetHints":{"allow":["GET"]}}],"collection":[{"href":"https:\/\/agenciavicco.com.br\/Loja2\/wp-json\/wp\/v2\/product"}],"about":[{"href":"https:\/\/agenciavicco.com.br\/Loja2\/wp-json\/wp\/v2\/types\/product"}],"replies":[{"embeddable":true,"href":"https:\/\/agenciavicco.com.br\/Loja2\/wp-json\/wp\/v2\/comments?post=9568"}],"version-history":[{"count":11,"href":"https:\/\/agenciavicco.com.br\/Loja2\/wp-json\/wp\/v2\/product\/9568\/revisions"}],"predecessor-version":[{"id":9713,"href":"https:\/\/agenciavicco.com.br\/Loja2\/wp-json\/wp\/v2\/product\/9568\/revisions\/9713"}],"wp:featuredmedia":[{"embeddable":true,"href":"https:\/\/agenciavicco.com.br\/Loja2\/wp-json\/wp\/v2\/media\/9711"}],"wp:attachment":[{"href":"https:\/\/agenciavicco.com.br\/Loja2\/wp-json\/wp\/v2\/media?parent=9568"}],"wp:term":[{"taxonomy":"product_brand","embeddable":true,"href":"https:\/\/agenciavicco.com.br\/Loja2\/wp-json\/wp\/v2\/product_brand?post=9568"},{"taxonomy":"product_cat","embeddable":true,"href":"https:\/\/agenciavicco.com.br\/Loja2\/wp-json\/wp\/v2\/product_cat?post=9568"},{"taxonomy":"product_tag","embeddable":true,"href":"https:\/\/agenciavicco.com.br\/Loja2\/wp-json\/wp\/v2\/product_tag?post=9568"}],"curies":[{"name":"wp","href":"https:\/\/api.w.org\/{rel}","templated":true}]}}