{"id":9556,"date":"2025-06-15T16:03:57","date_gmt":"2025-06-15T19:03:57","guid":{"rendered":"https:\/\/agenciavicco.com.br\/Loja2\/?post_type=product&#038;p=9556"},"modified":"2025-06-16T10:06:51","modified_gmt":"2025-06-16T13:06:51","slug":"carti-premium-6-unidades","status":"publish","type":"product","link":"https:\/\/agenciavicco.com.br\/Loja2\/produto\/carti-premium-6-unidades\/","title":{"rendered":"Carti Premium &#8211; 6 unidades"},"content":{"rendered":"\t\t<div data-elementor-type=\"wp-post\" data-elementor-id=\"9556\" class=\"elementor elementor-9556\" data-elementor-post-type=\"product\">\n\t\t\t\t<div class=\"elementor-element elementor-element-0ab6cce e-flex e-con-boxed e-con e-parent\" data-id=\"0ab6cce\" data-element_type=\"container\" data-e-type=\"container\">\n\t\t\t\t\t<div class=\"e-con-inner\">\n\t\t\t\t<div class=\"elementor-element elementor-element-88fd8b2 elementor-widget elementor-widget-heading\" data-id=\"88fd8b2\" data-element_type=\"widget\" data-e-type=\"widget\" data-widget_type=\"heading.default\">\n\t\t\t\t<div class=\"elementor-widget-container\">\n\t\t\t\t\t<h3 class=\"elementor-heading-title elementor-size-default\">Cart Premium<\/h3>\t\t\t\t<\/div>\n\t\t\t\t<\/div>\n\t\t\t\t<div class=\"elementor-element elementor-element-55c5e22 elementor-widget elementor-widget-heading\" data-id=\"55c5e22\" data-element_type=\"widget\" data-e-type=\"widget\" data-widget_type=\"heading.default\">\n\t\t\t\t<div class=\"elementor-widget-container\">\n\t\t\t\t\t<p class=\"elementor-heading-title elementor-size-default\">Al\u00edvio das dores articulares<\/p>\t\t\t\t<\/div>\n\t\t\t\t<\/div>\n\t\t\t\t\t<\/div>\n\t\t\t\t<\/div>\n\t\t<div class=\"elementor-element elementor-element-e3cca7b e-con-full tb-width-plus-40 e-flex e-con e-parent\" data-id=\"e3cca7b\" data-element_type=\"container\" data-e-type=\"container\">\n\t\t<div class=\"elementor-element elementor-element-9f12bf1 e-con-full e-flex e-con e-child\" data-id=\"9f12bf1\" data-element_type=\"container\" data-e-type=\"container\">\n\t\t\t\t<div class=\"elementor-element elementor-element-9b37f8c elementor-widget elementor-widget-text-editor\" data-id=\"9b37f8c\" data-element_type=\"widget\" data-e-type=\"widget\" data-widget_type=\"text-editor.default\">\n\t\t\t\t<div class=\"elementor-widget-container\">\n\t\t\t\t\t\t\t\t\t<p>Cart Premium foi especialmente desenvolvido para proporcionar al\u00edvio das dores articulares e promover a sa\u00fade das articula\u00e7\u00f5es. Se voc\u00ea sofre com desconforto nas articula\u00e7\u00f5es e busca uma solu\u00e7\u00e3o eficaz e natural, Cart Premium \u00e9 a escolha perfeita.<\/p><h5>BENEF\u00cdCIOS:<\/h5><p><strong>Reduz dores e inflama\u00e7\u00f5es:<\/strong>Ajuda a aliviar o desconforto em articula\u00e7\u00f5es inflamadas.<\/p><p><strong>Reconstru\u00e7\u00e3o da cartilagem:<\/strong>O col\u00e1geno tipo II auxilia na regenera\u00e7\u00e3o das cartilagens danificadas.<\/p><p><strong>Melhora da mobilidade articular:<\/strong>Promove maior flexibilidade e facilita os movimentos.<\/p><p><strong>Sa\u00fade das articula\u00e7\u00f5es:<\/strong> Mant\u00e9m a integridade e a elasticidade das cartilagens.<\/p><p><strong>Qualidade de vida:<\/strong>Reduz limita\u00e7\u00f5es causadas por dores articulares, permitindo uma vida mais ativa e saud\u00e1vel.<\/p>\t\t\t\t\t\t\t\t<\/div>\n\t\t\t\t<\/div>\n\t\t\t\t<\/div>\n\t\t\t\t<\/div>\n\t\t\t\t<\/div>\n\t\t","protected":false},"excerpt":{"rendered":"<p>Cart Premium foi especialmente desenvolvido para proporcionar al\u00edvio das dores articulares e promover a sa\u00fade das articula\u00e7\u00f5es. Se voc\u00ea sofre com desconforto nas articula\u00e7\u00f5es e busca uma solu\u00e7\u00e3o eficaz e natural, Cart Premium \u00e9 a escolha perfeita.<\/p>\n<p>KIT 6 UNIDADES<\/p>\n","protected":false},"featured_media":9704,"comment_status":"open","ping_status":"closed","template":"","meta":[],"product_brand":[],"product_cat":[135,133],"product_tag":[],"class_list":{"0":"post-9556","1":"product","2":"type-product","3":"status-publish","4":"has-post-thumbnail","6":"product_cat-kit-6-unidades","7":"product_cat-kits","9":"first","10":"instock","11":"featured","12":"shipping-taxable","13":"purchasable","14":"product-type-simple"},"yoast_head":"<!-- This site is optimized with the Yoast SEO plugin v27.2 - https:\/\/yoast.com\/product\/yoast-seo-wordpress\/ -->\n<title>Carti Premium - 6 unidades - Lirius<\/title>\n<meta name=\"robots\" content=\"index, follow, max-snippet:-1, max-image-preview:large, max-video-preview:-1\" \/>\n<link rel=\"canonical\" href=\"https:\/\/agenciavicco.com.br\/Loja2\/produto\/carti-premium-6-unidades\/\" \/>\n<meta property=\"og:locale\" content=\"pt_BR\" \/>\n<meta property=\"og:type\" content=\"article\" \/>\n<meta property=\"og:title\" content=\"Carti Premium - 6 unidades - Lirius\" \/>\n<meta property=\"og:description\" content=\"Cart Premium foi especialmente desenvolvido para proporcionar al\u00edvio das dores articulares e promover a sa\u00fade das articula\u00e7\u00f5es. Se voc\u00ea sofre com desconforto nas articula\u00e7\u00f5es e busca uma solu\u00e7\u00e3o eficaz e natural, Cart Premium \u00e9 a escolha perfeita.  KIT 6 UNIDADES\" \/>\n<meta property=\"og:url\" content=\"https:\/\/agenciavicco.com.br\/Loja2\/produto\/carti-premium-6-unidades\/\" \/>\n<meta property=\"og:site_name\" content=\"Lirius\" \/>\n<meta property=\"article:modified_time\" content=\"2025-06-16T13:06:51+00:00\" \/>\n<meta property=\"og:image\" content=\"https:\/\/agenciavicco.com.br\/Loja2\/wp-content\/uploads\/2025\/06\/carti6.jpg\" \/>\n\t<meta property=\"og:image:width\" content=\"1184\" \/>\n\t<meta property=\"og:image:height\" content=\"1350\" \/>\n\t<meta property=\"og:image:type\" content=\"image\/jpeg\" \/>\n<meta name=\"twitter:card\" content=\"summary_large_image\" \/>\n<meta name=\"twitter:label1\" content=\"Est. tempo de leitura\" \/>\n\t<meta name=\"twitter:data1\" content=\"1 minuto\" \/>\n<script type=\"application\/ld+json\" class=\"yoast-schema-graph\">{\"@context\":\"https:\/\/schema.org\",\"@graph\":[{\"@type\":\"WebPage\",\"@id\":\"https:\/\/agenciavicco.com.br\/Loja2\/produto\/carti-premium-6-unidades\/\",\"url\":\"https:\/\/agenciavicco.com.br\/Loja2\/produto\/carti-premium-6-unidades\/\",\"name\":\"Carti Premium - 6 unidades - Lirius\",\"isPartOf\":{\"@id\":\"https:\/\/agenciavicco.com.br\/Loja2\/#website\"},\"primaryImageOfPage\":{\"@id\":\"https:\/\/agenciavicco.com.br\/Loja2\/produto\/carti-premium-6-unidades\/#primaryimage\"},\"image\":{\"@id\":\"https:\/\/agenciavicco.com.br\/Loja2\/produto\/carti-premium-6-unidades\/#primaryimage\"},\"thumbnailUrl\":\"https:\/\/agenciavicco.com.br\/Loja2\/wp-content\/uploads\/2025\/06\/carti6.jpg\",\"datePublished\":\"2025-06-15T19:03:57+00:00\",\"dateModified\":\"2025-06-16T13:06:51+00:00\",\"breadcrumb\":{\"@id\":\"https:\/\/agenciavicco.com.br\/Loja2\/produto\/carti-premium-6-unidades\/#breadcrumb\"},\"inLanguage\":\"pt-BR\",\"potentialAction\":[{\"@type\":\"ReadAction\",\"target\":[\"https:\/\/agenciavicco.com.br\/Loja2\/produto\/carti-premium-6-unidades\/\"]}]},{\"@type\":\"ImageObject\",\"inLanguage\":\"pt-BR\",\"@id\":\"https:\/\/agenciavicco.com.br\/Loja2\/produto\/carti-premium-6-unidades\/#primaryimage\",\"url\":\"https:\/\/agenciavicco.com.br\/Loja2\/wp-content\/uploads\/2025\/06\/carti6.jpg\",\"contentUrl\":\"https:\/\/agenciavicco.com.br\/Loja2\/wp-content\/uploads\/2025\/06\/carti6.jpg\",\"width\":1184,\"height\":1350},{\"@type\":\"BreadcrumbList\",\"@id\":\"https:\/\/agenciavicco.com.br\/Loja2\/produto\/carti-premium-6-unidades\/#breadcrumb\",\"itemListElement\":[{\"@type\":\"ListItem\",\"position\":1,\"name\":\"In\u00edcio\",\"item\":\"https:\/\/agenciavicco.com.br\/Loja2\/\"},{\"@type\":\"ListItem\",\"position\":2,\"name\":\"Loja\",\"item\":\"https:\/\/agenciavicco.com.br\/Loja2\/loja\/\"},{\"@type\":\"ListItem\",\"position\":3,\"name\":\"Carti Premium &#8211; 6 unidades\"}]},{\"@type\":\"WebSite\",\"@id\":\"https:\/\/agenciavicco.com.br\/Loja2\/#website\",\"url\":\"https:\/\/agenciavicco.com.br\/Loja2\/\",\"name\":\"Lirius\",\"description\":\"Suplementos\",\"potentialAction\":[{\"@type\":\"SearchAction\",\"target\":{\"@type\":\"EntryPoint\",\"urlTemplate\":\"https:\/\/agenciavicco.com.br\/Loja2\/?s={search_term_string}\"},\"query-input\":{\"@type\":\"PropertyValueSpecification\",\"valueRequired\":true,\"valueName\":\"search_term_string\"}}],\"inLanguage\":\"pt-BR\"}]}<\/script>\n<!-- \/ Yoast SEO plugin. -->","yoast_head_json":{"title":"Carti Premium - 6 unidades - Lirius","robots":{"index":"index","follow":"follow","max-snippet":"max-snippet:-1","max-image-preview":"max-image-preview:large","max-video-preview":"max-video-preview:-1"},"canonical":"https:\/\/agenciavicco.com.br\/Loja2\/produto\/carti-premium-6-unidades\/","og_locale":"pt_BR","og_type":"article","og_title":"Carti Premium - 6 unidades - Lirius","og_description":"Cart Premium foi especialmente desenvolvido para proporcionar al\u00edvio das dores articulares e promover a sa\u00fade das articula\u00e7\u00f5es. Se voc\u00ea sofre com desconforto nas articula\u00e7\u00f5es e busca uma solu\u00e7\u00e3o eficaz e natural, Cart Premium \u00e9 a escolha perfeita.  KIT 6 UNIDADES","og_url":"https:\/\/agenciavicco.com.br\/Loja2\/produto\/carti-premium-6-unidades\/","og_site_name":"Lirius","article_modified_time":"2025-06-16T13:06:51+00:00","og_image":[{"width":1184,"height":1350,"url":"https:\/\/agenciavicco.com.br\/Loja2\/wp-content\/uploads\/2025\/06\/carti6.jpg","type":"image\/jpeg"}],"twitter_card":"summary_large_image","twitter_misc":{"Est. tempo de leitura":"1 minuto"},"schema":{"@context":"https:\/\/schema.org","@graph":[{"@type":"WebPage","@id":"https:\/\/agenciavicco.com.br\/Loja2\/produto\/carti-premium-6-unidades\/","url":"https:\/\/agenciavicco.com.br\/Loja2\/produto\/carti-premium-6-unidades\/","name":"Carti Premium - 6 unidades - Lirius","isPartOf":{"@id":"https:\/\/agenciavicco.com.br\/Loja2\/#website"},"primaryImageOfPage":{"@id":"https:\/\/agenciavicco.com.br\/Loja2\/produto\/carti-premium-6-unidades\/#primaryimage"},"image":{"@id":"https:\/\/agenciavicco.com.br\/Loja2\/produto\/carti-premium-6-unidades\/#primaryimage"},"thumbnailUrl":"https:\/\/agenciavicco.com.br\/Loja2\/wp-content\/uploads\/2025\/06\/carti6.jpg","datePublished":"2025-06-15T19:03:57+00:00","dateModified":"2025-06-16T13:06:51+00:00","breadcrumb":{"@id":"https:\/\/agenciavicco.com.br\/Loja2\/produto\/carti-premium-6-unidades\/#breadcrumb"},"inLanguage":"pt-BR","potentialAction":[{"@type":"ReadAction","target":["https:\/\/agenciavicco.com.br\/Loja2\/produto\/carti-premium-6-unidades\/"]}]},{"@type":"ImageObject","inLanguage":"pt-BR","@id":"https:\/\/agenciavicco.com.br\/Loja2\/produto\/carti-premium-6-unidades\/#primaryimage","url":"https:\/\/agenciavicco.com.br\/Loja2\/wp-content\/uploads\/2025\/06\/carti6.jpg","contentUrl":"https:\/\/agenciavicco.com.br\/Loja2\/wp-content\/uploads\/2025\/06\/carti6.jpg","width":1184,"height":1350},{"@type":"BreadcrumbList","@id":"https:\/\/agenciavicco.com.br\/Loja2\/produto\/carti-premium-6-unidades\/#breadcrumb","itemListElement":[{"@type":"ListItem","position":1,"name":"In\u00edcio","item":"https:\/\/agenciavicco.com.br\/Loja2\/"},{"@type":"ListItem","position":2,"name":"Loja","item":"https:\/\/agenciavicco.com.br\/Loja2\/loja\/"},{"@type":"ListItem","position":3,"name":"Carti Premium &#8211; 6 unidades"}]},{"@type":"WebSite","@id":"https:\/\/agenciavicco.com.br\/Loja2\/#website","url":"https:\/\/agenciavicco.com.br\/Loja2\/","name":"Lirius","description":"Suplementos","potentialAction":[{"@type":"SearchAction","target":{"@type":"EntryPoint","urlTemplate":"https:\/\/agenciavicco.com.br\/Loja2\/?s={search_term_string}"},"query-input":{"@type":"PropertyValueSpecification","valueRequired":true,"valueName":"search_term_string"}}],"inLanguage":"pt-BR"}]}},"_links":{"self":[{"href":"https:\/\/agenciavicco.com.br\/Loja2\/wp-json\/wp\/v2\/product\/9556","targetHints":{"allow":["GET"]}}],"collection":[{"href":"https:\/\/agenciavicco.com.br\/Loja2\/wp-json\/wp\/v2\/product"}],"about":[{"href":"https:\/\/agenciavicco.com.br\/Loja2\/wp-json\/wp\/v2\/types\/product"}],"replies":[{"embeddable":true,"href":"https:\/\/agenciavicco.com.br\/Loja2\/wp-json\/wp\/v2\/comments?post=9556"}],"version-history":[{"count":5,"href":"https:\/\/agenciavicco.com.br\/Loja2\/wp-json\/wp\/v2\/product\/9556\/revisions"}],"predecessor-version":[{"id":9561,"href":"https:\/\/agenciavicco.com.br\/Loja2\/wp-json\/wp\/v2\/product\/9556\/revisions\/9561"}],"wp:featuredmedia":[{"embeddable":true,"href":"https:\/\/agenciavicco.com.br\/Loja2\/wp-json\/wp\/v2\/media\/9704"}],"wp:attachment":[{"href":"https:\/\/agenciavicco.com.br\/Loja2\/wp-json\/wp\/v2\/media?parent=9556"}],"wp:term":[{"taxonomy":"product_brand","embeddable":true,"href":"https:\/\/agenciavicco.com.br\/Loja2\/wp-json\/wp\/v2\/product_brand?post=9556"},{"taxonomy":"product_cat","embeddable":true,"href":"https:\/\/agenciavicco.com.br\/Loja2\/wp-json\/wp\/v2\/product_cat?post=9556"},{"taxonomy":"product_tag","embeddable":true,"href":"https:\/\/agenciavicco.com.br\/Loja2\/wp-json\/wp\/v2\/product_tag?post=9556"}],"curies":[{"name":"wp","href":"https:\/\/api.w.org\/{rel}","templated":true}]}}