{"id":9548,"date":"2025-06-15T15:46:14","date_gmt":"2025-06-15T18:46:14","guid":{"rendered":"https:\/\/agenciavicco.com.br\/Loja2\/?post_type=product&#038;p=9548"},"modified":"2025-06-16T10:07:01","modified_gmt":"2025-06-16T13:07:01","slug":"carti-premium","status":"publish","type":"product","link":"https:\/\/agenciavicco.com.br\/Loja2\/produto\/carti-premium\/","title":{"rendered":"Carti Premium"},"content":{"rendered":"\t\t<div data-elementor-type=\"wp-post\" data-elementor-id=\"9548\" class=\"elementor elementor-9548\" data-elementor-post-type=\"product\">\n\t\t\t\t<div class=\"elementor-element elementor-element-0ab6cce e-flex e-con-boxed e-con e-parent\" data-id=\"0ab6cce\" data-element_type=\"container\" data-e-type=\"container\">\n\t\t\t\t\t<div class=\"e-con-inner\">\n\t\t\t\t<div class=\"elementor-element elementor-element-88fd8b2 elementor-widget elementor-widget-heading\" data-id=\"88fd8b2\" data-element_type=\"widget\" data-e-type=\"widget\" data-widget_type=\"heading.default\">\n\t\t\t\t<div class=\"elementor-widget-container\">\n\t\t\t\t\t<h3 class=\"elementor-heading-title elementor-size-default\">Cart Premium<\/h3>\t\t\t\t<\/div>\n\t\t\t\t<\/div>\n\t\t\t\t<div class=\"elementor-element elementor-element-55c5e22 elementor-widget elementor-widget-heading\" data-id=\"55c5e22\" data-element_type=\"widget\" data-e-type=\"widget\" data-widget_type=\"heading.default\">\n\t\t\t\t<div class=\"elementor-widget-container\">\n\t\t\t\t\t<p class=\"elementor-heading-title elementor-size-default\">Al\u00edvio das dores articulares<\/p>\t\t\t\t<\/div>\n\t\t\t\t<\/div>\n\t\t\t\t\t<\/div>\n\t\t\t\t<\/div>\n\t\t<div class=\"elementor-element elementor-element-e3cca7b e-con-full tb-width-plus-40 e-flex e-con e-parent\" data-id=\"e3cca7b\" data-element_type=\"container\" data-e-type=\"container\">\n\t\t<div class=\"elementor-element elementor-element-9f12bf1 e-con-full e-flex e-con e-child\" data-id=\"9f12bf1\" data-element_type=\"container\" data-e-type=\"container\">\n\t\t\t\t<div class=\"elementor-element elementor-element-9b37f8c elementor-widget elementor-widget-text-editor\" data-id=\"9b37f8c\" data-element_type=\"widget\" data-e-type=\"widget\" data-widget_type=\"text-editor.default\">\n\t\t\t\t<div class=\"elementor-widget-container\">\n\t\t\t\t\t\t\t\t\t<p>Cart Premium foi especialmente desenvolvido para proporcionar al\u00edvio das dores articulares e promover a sa\u00fade das articula\u00e7\u00f5es. Se voc\u00ea sofre com desconforto nas articula\u00e7\u00f5es e busca uma solu\u00e7\u00e3o eficaz e natural, Cart Premium \u00e9 a escolha perfeita.<\/p><h5>BENEF\u00cdCIOS:<\/h5><p><strong>Reduz dores e inflama\u00e7\u00f5es:<\/strong>Ajuda a aliviar o desconforto em articula\u00e7\u00f5es inflamadas.<\/p><p><strong>Reconstru\u00e7\u00e3o da cartilagem:<\/strong>O col\u00e1geno tipo II auxilia na regenera\u00e7\u00e3o das cartilagens danificadas.<\/p><p><strong>Melhora da mobilidade articular:<\/strong>Promove maior flexibilidade e facilita os movimentos.<\/p><p><strong>Sa\u00fade das articula\u00e7\u00f5es:<\/strong> Mant\u00e9m a integridade e a elasticidade das cartilagens.<\/p><p><strong>Qualidade de vida:<\/strong>Reduz limita\u00e7\u00f5es causadas por dores articulares, permitindo uma vida mais ativa e saud\u00e1vel.<\/p>\t\t\t\t\t\t\t\t<\/div>\n\t\t\t\t<\/div>\n\t\t\t\t<\/div>\n\t\t\t\t<\/div>\n\t\t<div class=\"elementor-element elementor-element-5d1774e e-flex e-con-boxed e-con e-parent\" data-id=\"5d1774e\" data-element_type=\"container\" data-e-type=\"container\">\n\t\t\t\t\t<div class=\"e-con-inner\">\n\t\t\t\t<div class=\"elementor-element elementor-element-ef63165 elementor-widget elementor-widget-heading\" data-id=\"ef63165\" data-element_type=\"widget\" data-e-type=\"widget\" data-widget_type=\"heading.default\">\n\t\t\t\t<div class=\"elementor-widget-container\">\n\t\t\t\t\t<h3 class=\"elementor-heading-title elementor-size-default\">Compre Mais e Pague Menos<\/h3>\t\t\t\t<\/div>\n\t\t\t\t<\/div>\n\t\t\t\t<div class=\"elementor-element elementor-element-25c4fb2 elementor-widget elementor-widget-heading\" data-id=\"25c4fb2\" data-element_type=\"widget\" data-e-type=\"widget\" data-widget_type=\"heading.default\">\n\t\t\t\t<div class=\"elementor-widget-container\">\n\t\t\t\t\t<p class=\"elementor-heading-title elementor-size-default\">Conhe\u00e7a nossos Kits de Suplementos<\/p>\t\t\t\t<\/div>\n\t\t\t\t<\/div>\n\t\t\t\t<div class=\"elementor-element elementor-element-d42ef43 elementor-grid-4 elementor-grid-tablet-3 elementor-grid-mobile-2 elementor-products-grid elementor-wc-products elementor-widget elementor-widget-woocommerce-products\" data-id=\"d42ef43\" data-element_type=\"widget\" data-e-type=\"widget\" data-widget_type=\"woocommerce-products.default\">\n\t\t\t\t<div class=\"elementor-widget-container\">\n\t\t\t\t\t<div class=\"woocommerce columns-4 \"><div class=\"products row list-product-archive products-grid clearfix\">\t<div class=\"col-md-4 col-sm-4 col-xs-6 col-lg-3 product type-product post-9554 status-publish first instock product_cat-kit-3-unidades product_cat-kits has-post-thumbnail featured shipping-taxable purchasable product-type-simple\">\r\n\t\t<div class=\"product-block  grid\" data-product-id=\"9554\">\r\n    <div class=\"grid-inner\">\r\n                <div class=\"block-inner\">\r\n            <figure class=\"image product-image\">\r\n                        <a title=\"Carti Premium &#8211; 3 unidades\" href=\"https:\/\/agenciavicco.com.br\/Loja2\/produto\/carti-premium-3-unidades\/\" class=\"product-image\">\r\n            <img fetchpriority=\"high\" decoding=\"async\" width=\"480\" height=\"638\" src=\"data:image\/svg+xml;charset=utf-8,%3Csvg xmlns%3D&#039;http%3A%2F%2Fwww.w3.org%2F2000%2Fsvg&#039; viewBox%3D&#039;0 0 480 638&#039;%2F%3E\" class=\"attachment-woocommerce_thumbnail size-woocommerce_thumbnail image-no-effect unveil-image\" alt=\"\" data-src=\"https:\/\/agenciavicco.com.br\/Loja2\/wp-content\/uploads\/2025\/06\/carti3-480x638.jpg\" \/>        <\/a>\r\n        \r\n                            <\/figure>\r\n            <div class=\"clearfix swatches_list\">\r\n                             <\/div>\r\n            <div class=\"groups-button clearfix\">\r\n                <div class=\"groups-button-inner\">\r\n                                                                            <\/div>\r\n            <\/div>\r\n        <\/div>\r\n        <div class=\"metas clearfix\">\r\n            <div class=\"title-wrapper\">\r\n                <div class=\"clearfix\">\r\n                                        <h3 class=\"name\"><a href=\"https:\/\/agenciavicco.com.br\/Loja2\/produto\/carti-premium-3-unidades\/\">Carti Premium &#8211; 3 unidades<\/a><\/h3>\r\n                                        \n\t<span class=\"price\"><span class=\"woocommerce-Price-amount amount\"><bdi><span class=\"woocommerce-Price-currencySymbol\">&#82;&#36;<\/span>897,00<\/bdi><\/span><\/span>\n    \r\n                <\/div>\r\n               \r\n            <\/div>\r\n            <div class=\"add-cart\"><a href=\"\/Loja2\/wp-json\/wp\/v2\/product\/9548?add-to-cart=9554\" rel=\"nofollow\" data-product_id=\"9554\" data-product_sku=\"\" data-quantity=\"1\" class=\"button product_type_simple add_to_cart_button ajax_add_to_cart product_type_simple\">Adicionar ao carrinho<\/a><\/div>        <\/div>\r\n    <\/div>\r\n<\/div>\t<\/div>\r\n\t<div class=\"col-md-4 col-sm-4 col-xs-6 col-lg-3 product type-product post-9556 status-publish instock product_cat-kit-6-unidades product_cat-kits has-post-thumbnail featured shipping-taxable purchasable product-type-simple\">\r\n\t\t<div class=\"product-block  grid\" data-product-id=\"9556\">\r\n    <div class=\"grid-inner\">\r\n                <div class=\"block-inner\">\r\n            <figure class=\"image product-image\">\r\n                        <a title=\"Carti Premium &#8211; 6 unidades\" href=\"https:\/\/agenciavicco.com.br\/Loja2\/produto\/carti-premium-6-unidades\/\" class=\"product-image\">\r\n            <img decoding=\"async\" width=\"480\" height=\"638\" src=\"data:image\/svg+xml;charset=utf-8,%3Csvg xmlns%3D&#039;http%3A%2F%2Fwww.w3.org%2F2000%2Fsvg&#039; viewBox%3D&#039;0 0 480 638&#039;%2F%3E\" class=\"attachment-woocommerce_thumbnail size-woocommerce_thumbnail image-no-effect unveil-image\" alt=\"\" data-src=\"https:\/\/agenciavicco.com.br\/Loja2\/wp-content\/uploads\/2025\/06\/carti6-480x638.jpg\" \/>        <\/a>\r\n        \r\n                            <\/figure>\r\n            <div class=\"clearfix swatches_list\">\r\n                             <\/div>\r\n            <div class=\"groups-button clearfix\">\r\n                <div class=\"groups-button-inner\">\r\n                                                                            <\/div>\r\n            <\/div>\r\n        <\/div>\r\n        <div class=\"metas clearfix\">\r\n            <div class=\"title-wrapper\">\r\n                <div class=\"clearfix\">\r\n                                        <h3 class=\"name\"><a href=\"https:\/\/agenciavicco.com.br\/Loja2\/produto\/carti-premium-6-unidades\/\">Carti Premium &#8211; 6 unidades<\/a><\/h3>\r\n                                        \n\t<span class=\"price\"><span class=\"woocommerce-Price-amount amount\"><bdi><span class=\"woocommerce-Price-currencySymbol\">&#82;&#36;<\/span>1.194,00<\/bdi><\/span><\/span>\n    \r\n                <\/div>\r\n               \r\n            <\/div>\r\n            <div class=\"add-cart\"><a href=\"\/Loja2\/wp-json\/wp\/v2\/product\/9548?add-to-cart=9556\" rel=\"nofollow\" data-product_id=\"9556\" data-product_sku=\"\" data-quantity=\"1\" class=\"button product_type_simple add_to_cart_button ajax_add_to_cart product_type_simple\">Adicionar ao carrinho<\/a><\/div>        <\/div>\r\n    <\/div>\r\n<\/div>\t<\/div>\r\n<\/div><\/div>\t\t\t\t<\/div>\n\t\t\t\t<\/div>\n\t\t\t\t\t<\/div>\n\t\t\t\t<\/div>\n\t\t\t\t<\/div>\n\t\t","protected":false},"excerpt":{"rendered":"<p>Cart Premium foi especialmente desenvolvido para proporcionar al\u00edvio das dores articulares e promover a sa\u00fade das articula\u00e7\u00f5es. Se voc\u00ea sofre com desconforto nas articula\u00e7\u00f5es e busca uma solu\u00e7\u00e3o eficaz e natural, Cart Premium \u00e9 a escolha perfeita.<\/p>\n<p>1 UNIDADE<\/p>\n","protected":false},"featured_media":9705,"comment_status":"open","ping_status":"closed","template":"","meta":[],"product_brand":[],"product_cat":[15],"product_tag":[],"class_list":{"0":"post-9548","1":"product","2":"type-product","3":"status-publish","4":"has-post-thumbnail","6":"product_cat-suplementos","8":"first","9":"instock","10":"featured","11":"shipping-taxable","12":"purchasable","13":"product-type-simple"},"yoast_head":"<!-- This site is optimized with the Yoast SEO plugin v27.2 - https:\/\/yoast.com\/product\/yoast-seo-wordpress\/ -->\n<title>Carti Premium - Lirius<\/title>\n<meta name=\"robots\" content=\"index, follow, max-snippet:-1, max-image-preview:large, max-video-preview:-1\" \/>\n<link rel=\"canonical\" href=\"https:\/\/agenciavicco.com.br\/Loja2\/produto\/carti-premium\/\" \/>\n<meta property=\"og:locale\" content=\"pt_BR\" \/>\n<meta property=\"og:type\" content=\"article\" \/>\n<meta property=\"og:title\" content=\"Carti Premium - Lirius\" \/>\n<meta property=\"og:description\" content=\"Cart Premium foi especialmente desenvolvido para proporcionar al\u00edvio das dores articulares e promover a sa\u00fade das articula\u00e7\u00f5es. Se voc\u00ea sofre com desconforto nas articula\u00e7\u00f5es e busca uma solu\u00e7\u00e3o eficaz e natural, Cart Premium \u00e9 a escolha perfeita.  1 UNIDADE\" \/>\n<meta property=\"og:url\" content=\"https:\/\/agenciavicco.com.br\/Loja2\/produto\/carti-premium\/\" \/>\n<meta property=\"og:site_name\" content=\"Lirius\" \/>\n<meta property=\"article:modified_time\" content=\"2025-06-16T13:07:01+00:00\" \/>\n<meta property=\"og:image\" content=\"https:\/\/agenciavicco.com.br\/Loja2\/wp-content\/uploads\/2025\/06\/carti.jpg\" \/>\n\t<meta property=\"og:image:width\" content=\"1184\" \/>\n\t<meta property=\"og:image:height\" content=\"1350\" \/>\n\t<meta property=\"og:image:type\" content=\"image\/jpeg\" \/>\n<meta name=\"twitter:card\" content=\"summary_large_image\" \/>\n<meta name=\"twitter:label1\" content=\"Est. tempo de leitura\" \/>\n\t<meta name=\"twitter:data1\" content=\"1 minuto\" \/>\n<script type=\"application\/ld+json\" class=\"yoast-schema-graph\">{\"@context\":\"https:\/\/schema.org\",\"@graph\":[{\"@type\":\"WebPage\",\"@id\":\"https:\/\/agenciavicco.com.br\/Loja2\/produto\/carti-premium\/\",\"url\":\"https:\/\/agenciavicco.com.br\/Loja2\/produto\/carti-premium\/\",\"name\":\"Carti Premium - Lirius\",\"isPartOf\":{\"@id\":\"https:\/\/agenciavicco.com.br\/Loja2\/#website\"},\"primaryImageOfPage\":{\"@id\":\"https:\/\/agenciavicco.com.br\/Loja2\/produto\/carti-premium\/#primaryimage\"},\"image\":{\"@id\":\"https:\/\/agenciavicco.com.br\/Loja2\/produto\/carti-premium\/#primaryimage\"},\"thumbnailUrl\":\"https:\/\/agenciavicco.com.br\/Loja2\/wp-content\/uploads\/2025\/06\/carti.jpg\",\"datePublished\":\"2025-06-15T18:46:14+00:00\",\"dateModified\":\"2025-06-16T13:07:01+00:00\",\"breadcrumb\":{\"@id\":\"https:\/\/agenciavicco.com.br\/Loja2\/produto\/carti-premium\/#breadcrumb\"},\"inLanguage\":\"pt-BR\",\"potentialAction\":[{\"@type\":\"ReadAction\",\"target\":[\"https:\/\/agenciavicco.com.br\/Loja2\/produto\/carti-premium\/\"]}]},{\"@type\":\"ImageObject\",\"inLanguage\":\"pt-BR\",\"@id\":\"https:\/\/agenciavicco.com.br\/Loja2\/produto\/carti-premium\/#primaryimage\",\"url\":\"https:\/\/agenciavicco.com.br\/Loja2\/wp-content\/uploads\/2025\/06\/carti.jpg\",\"contentUrl\":\"https:\/\/agenciavicco.com.br\/Loja2\/wp-content\/uploads\/2025\/06\/carti.jpg\",\"width\":1184,\"height\":1350},{\"@type\":\"BreadcrumbList\",\"@id\":\"https:\/\/agenciavicco.com.br\/Loja2\/produto\/carti-premium\/#breadcrumb\",\"itemListElement\":[{\"@type\":\"ListItem\",\"position\":1,\"name\":\"In\u00edcio\",\"item\":\"https:\/\/agenciavicco.com.br\/Loja2\/\"},{\"@type\":\"ListItem\",\"position\":2,\"name\":\"Loja\",\"item\":\"https:\/\/agenciavicco.com.br\/Loja2\/loja\/\"},{\"@type\":\"ListItem\",\"position\":3,\"name\":\"Carti Premium\"}]},{\"@type\":\"WebSite\",\"@id\":\"https:\/\/agenciavicco.com.br\/Loja2\/#website\",\"url\":\"https:\/\/agenciavicco.com.br\/Loja2\/\",\"name\":\"Lirius\",\"description\":\"Suplementos\",\"potentialAction\":[{\"@type\":\"SearchAction\",\"target\":{\"@type\":\"EntryPoint\",\"urlTemplate\":\"https:\/\/agenciavicco.com.br\/Loja2\/?s={search_term_string}\"},\"query-input\":{\"@type\":\"PropertyValueSpecification\",\"valueRequired\":true,\"valueName\":\"search_term_string\"}}],\"inLanguage\":\"pt-BR\"}]}<\/script>\n<!-- \/ Yoast SEO plugin. -->","yoast_head_json":{"title":"Carti Premium - Lirius","robots":{"index":"index","follow":"follow","max-snippet":"max-snippet:-1","max-image-preview":"max-image-preview:large","max-video-preview":"max-video-preview:-1"},"canonical":"https:\/\/agenciavicco.com.br\/Loja2\/produto\/carti-premium\/","og_locale":"pt_BR","og_type":"article","og_title":"Carti Premium - Lirius","og_description":"Cart Premium foi especialmente desenvolvido para proporcionar al\u00edvio das dores articulares e promover a sa\u00fade das articula\u00e7\u00f5es. Se voc\u00ea sofre com desconforto nas articula\u00e7\u00f5es e busca uma solu\u00e7\u00e3o eficaz e natural, Cart Premium \u00e9 a escolha perfeita.  1 UNIDADE","og_url":"https:\/\/agenciavicco.com.br\/Loja2\/produto\/carti-premium\/","og_site_name":"Lirius","article_modified_time":"2025-06-16T13:07:01+00:00","og_image":[{"width":1184,"height":1350,"url":"https:\/\/agenciavicco.com.br\/Loja2\/wp-content\/uploads\/2025\/06\/carti.jpg","type":"image\/jpeg"}],"twitter_card":"summary_large_image","twitter_misc":{"Est. tempo de leitura":"1 minuto"},"schema":{"@context":"https:\/\/schema.org","@graph":[{"@type":"WebPage","@id":"https:\/\/agenciavicco.com.br\/Loja2\/produto\/carti-premium\/","url":"https:\/\/agenciavicco.com.br\/Loja2\/produto\/carti-premium\/","name":"Carti Premium - Lirius","isPartOf":{"@id":"https:\/\/agenciavicco.com.br\/Loja2\/#website"},"primaryImageOfPage":{"@id":"https:\/\/agenciavicco.com.br\/Loja2\/produto\/carti-premium\/#primaryimage"},"image":{"@id":"https:\/\/agenciavicco.com.br\/Loja2\/produto\/carti-premium\/#primaryimage"},"thumbnailUrl":"https:\/\/agenciavicco.com.br\/Loja2\/wp-content\/uploads\/2025\/06\/carti.jpg","datePublished":"2025-06-15T18:46:14+00:00","dateModified":"2025-06-16T13:07:01+00:00","breadcrumb":{"@id":"https:\/\/agenciavicco.com.br\/Loja2\/produto\/carti-premium\/#breadcrumb"},"inLanguage":"pt-BR","potentialAction":[{"@type":"ReadAction","target":["https:\/\/agenciavicco.com.br\/Loja2\/produto\/carti-premium\/"]}]},{"@type":"ImageObject","inLanguage":"pt-BR","@id":"https:\/\/agenciavicco.com.br\/Loja2\/produto\/carti-premium\/#primaryimage","url":"https:\/\/agenciavicco.com.br\/Loja2\/wp-content\/uploads\/2025\/06\/carti.jpg","contentUrl":"https:\/\/agenciavicco.com.br\/Loja2\/wp-content\/uploads\/2025\/06\/carti.jpg","width":1184,"height":1350},{"@type":"BreadcrumbList","@id":"https:\/\/agenciavicco.com.br\/Loja2\/produto\/carti-premium\/#breadcrumb","itemListElement":[{"@type":"ListItem","position":1,"name":"In\u00edcio","item":"https:\/\/agenciavicco.com.br\/Loja2\/"},{"@type":"ListItem","position":2,"name":"Loja","item":"https:\/\/agenciavicco.com.br\/Loja2\/loja\/"},{"@type":"ListItem","position":3,"name":"Carti Premium"}]},{"@type":"WebSite","@id":"https:\/\/agenciavicco.com.br\/Loja2\/#website","url":"https:\/\/agenciavicco.com.br\/Loja2\/","name":"Lirius","description":"Suplementos","potentialAction":[{"@type":"SearchAction","target":{"@type":"EntryPoint","urlTemplate":"https:\/\/agenciavicco.com.br\/Loja2\/?s={search_term_string}"},"query-input":{"@type":"PropertyValueSpecification","valueRequired":true,"valueName":"search_term_string"}}],"inLanguage":"pt-BR"}]}},"_links":{"self":[{"href":"https:\/\/agenciavicco.com.br\/Loja2\/wp-json\/wp\/v2\/product\/9548","targetHints":{"allow":["GET"]}}],"collection":[{"href":"https:\/\/agenciavicco.com.br\/Loja2\/wp-json\/wp\/v2\/product"}],"about":[{"href":"https:\/\/agenciavicco.com.br\/Loja2\/wp-json\/wp\/v2\/types\/product"}],"replies":[{"embeddable":true,"href":"https:\/\/agenciavicco.com.br\/Loja2\/wp-json\/wp\/v2\/comments?post=9548"}],"version-history":[{"count":8,"href":"https:\/\/agenciavicco.com.br\/Loja2\/wp-json\/wp\/v2\/product\/9548\/revisions"}],"predecessor-version":[{"id":9707,"href":"https:\/\/agenciavicco.com.br\/Loja2\/wp-json\/wp\/v2\/product\/9548\/revisions\/9707"}],"wp:featuredmedia":[{"embeddable":true,"href":"https:\/\/agenciavicco.com.br\/Loja2\/wp-json\/wp\/v2\/media\/9705"}],"wp:attachment":[{"href":"https:\/\/agenciavicco.com.br\/Loja2\/wp-json\/wp\/v2\/media?parent=9548"}],"wp:term":[{"taxonomy":"product_brand","embeddable":true,"href":"https:\/\/agenciavicco.com.br\/Loja2\/wp-json\/wp\/v2\/product_brand?post=9548"},{"taxonomy":"product_cat","embeddable":true,"href":"https:\/\/agenciavicco.com.br\/Loja2\/wp-json\/wp\/v2\/product_cat?post=9548"},{"taxonomy":"product_tag","embeddable":true,"href":"https:\/\/agenciavicco.com.br\/Loja2\/wp-json\/wp\/v2\/product_tag?post=9548"}],"curies":[{"name":"wp","href":"https:\/\/api.w.org\/{rel}","templated":true}]}}