{"id":9526,"date":"2025-06-15T15:30:04","date_gmt":"2025-06-15T18:30:04","guid":{"rendered":"https:\/\/agenciavicco.com.br\/Loja2\/?post_type=product&#038;p=9526"},"modified":"2025-06-16T10:07:20","modified_gmt":"2025-06-16T13:07:20","slug":"action-300","status":"publish","type":"product","link":"https:\/\/agenciavicco.com.br\/Loja2\/produto\/action-300\/","title":{"rendered":"Action 300"},"content":{"rendered":"\t\t<div data-elementor-type=\"wp-post\" data-elementor-id=\"9526\" class=\"elementor elementor-9526\" data-elementor-post-type=\"product\">\n\t\t\t\t<div class=\"elementor-element elementor-element-0ab6cce e-flex e-con-boxed e-con e-parent\" data-id=\"0ab6cce\" data-element_type=\"container\" data-e-type=\"container\">\n\t\t\t\t\t<div class=\"e-con-inner\">\n\t\t\t\t<div class=\"elementor-element elementor-element-88fd8b2 elementor-widget elementor-widget-heading\" data-id=\"88fd8b2\" data-element_type=\"widget\" data-e-type=\"widget\" data-widget_type=\"heading.default\">\n\t\t\t\t<div class=\"elementor-widget-container\">\n\t\t\t\t\t<h3 class=\"elementor-heading-title elementor-size-default\">Action 300<\/h3>\t\t\t\t<\/div>\n\t\t\t\t<\/div>\n\t\t\t\t<div class=\"elementor-element elementor-element-55c5e22 elementor-widget elementor-widget-heading\" data-id=\"55c5e22\" data-element_type=\"widget\" data-e-type=\"widget\" data-widget_type=\"heading.default\">\n\t\t\t\t<div class=\"elementor-widget-container\">\n\t\t\t\t\t<p class=\"elementor-heading-title elementor-size-default\">Bem estar r melhor qualidade de vida<\/p>\t\t\t\t<\/div>\n\t\t\t\t<\/div>\n\t\t\t\t\t<\/div>\n\t\t\t\t<\/div>\n\t\t<div class=\"elementor-element elementor-element-e3cca7b e-con-full tb-width-plus-40 e-flex e-con e-parent\" data-id=\"e3cca7b\" data-element_type=\"container\" data-e-type=\"container\">\n\t\t<div class=\"elementor-element elementor-element-9f12bf1 e-con-full e-flex e-con e-child\" data-id=\"9f12bf1\" data-element_type=\"container\" data-e-type=\"container\">\n\t\t\t\t<div class=\"elementor-element elementor-element-9b37f8c elementor-widget elementor-widget-text-editor\" data-id=\"9b37f8c\" data-element_type=\"widget\" data-e-type=\"widget\" data-widget_type=\"text-editor.default\">\n\t\t\t\t<div class=\"elementor-widget-container\">\n\t\t\t\t\t\t\t\t\t<p>Lirius 300 Action \u00e9 um suplemento avan\u00e7ado, formulado para aliviar dores cr\u00f4nicas e oferecer suporte integral \u00e0 sa\u00fade cerebral. Sua composi\u00e7\u00e3o \u00fanica combina ingredientes com propriedades anti-inflamat\u00f3rias, neuroprotetoras e antioxidantes, promovendo o bem-estar e uma melhor qualidade de vida. Ideal para quem busca um suplemento completo para dores cr\u00f4nicas e sa\u00fade cerebral.<\/p><h5>BENEF\u00cdCIOS:<\/h5><p><strong>Hidrata\u00e7\u00e3o e rejuvenescimento da pele:<\/strong> O \u00e1cido hialur\u00f4nico melhora a elasticidade e reduz linhas de express\u00e3o.<\/p><p><strong>Fortalecimento de cabelos e unhas:<\/strong>A biotina ajuda a prevenir a queda capilar e unhas quebradi\u00e7as.<\/p><p><strong>A\u00e7\u00e3o antioxidante:<\/strong>Vitaminas B5 e C, sel\u00eanio e zinco combatem os radicais livres, protegendo contra o envelhecimento precoce.<\/p><p><strong>Nutri\u00e7\u00e3o completa:<\/strong>O magn\u00e9sio, sel\u00eanio e mangan\u00eas promovem a sa\u00fade geral, fortalecendo estruturas essenciais para uma apar\u00eancia saud\u00e1vel.<\/p><p><strong>Beleza de dentro para fora:<\/strong> Melhora a elasticidade da pele, promove cabelos mais fortes e brilhantes e unhas resistentes.<\/p><h5>COMO TOMAR:<\/h5><p>Ingerir 2 c\u00e1psulas ao dia, preferencialmente junto \u00e0s refei\u00e7\u00f5es, ou conforme orienta\u00e7\u00e3o de um profissional de sa\u00fade.<\/p>\t\t\t\t\t\t\t\t<\/div>\n\t\t\t\t<\/div>\n\t\t\t\t<\/div>\n\t\t\t\t<\/div>\n\t\t<div class=\"elementor-element elementor-element-8d784ef e-flex e-con-boxed e-con e-parent\" data-id=\"8d784ef\" data-element_type=\"container\" data-e-type=\"container\">\n\t\t\t\t\t<div class=\"e-con-inner\">\n\t\t\t\t<div class=\"elementor-element elementor-element-b773fd3 elementor-widget elementor-widget-heading\" data-id=\"b773fd3\" data-element_type=\"widget\" data-e-type=\"widget\" data-widget_type=\"heading.default\">\n\t\t\t\t<div class=\"elementor-widget-container\">\n\t\t\t\t\t<h3 class=\"elementor-heading-title elementor-size-default\">Compre Mais e Pague Menos<\/h3>\t\t\t\t<\/div>\n\t\t\t\t<\/div>\n\t\t\t\t<div class=\"elementor-element elementor-element-b984050 elementor-widget elementor-widget-heading\" data-id=\"b984050\" data-element_type=\"widget\" data-e-type=\"widget\" data-widget_type=\"heading.default\">\n\t\t\t\t<div class=\"elementor-widget-container\">\n\t\t\t\t\t<p class=\"elementor-heading-title elementor-size-default\">Conhe\u00e7a nossos Kits de Suplementos<\/p>\t\t\t\t<\/div>\n\t\t\t\t<\/div>\n\t\t\t\t<div class=\"elementor-element elementor-element-2887158 elementor-grid-4 elementor-grid-tablet-3 elementor-grid-mobile-2 elementor-products-grid elementor-wc-products elementor-widget elementor-widget-woocommerce-products\" data-id=\"2887158\" data-element_type=\"widget\" data-e-type=\"widget\" data-widget_type=\"woocommerce-products.default\">\n\t\t\t\t<div class=\"elementor-widget-container\">\n\t\t\t\t\t<div class=\"woocommerce columns-4 \"><div class=\"products row list-product-archive products-grid clearfix\">\t<div class=\"col-md-4 col-sm-4 col-xs-6 col-lg-3 product type-product post-9532 status-publish first instock product_cat-kit-3-unidades product_cat-kits has-post-thumbnail featured shipping-taxable purchasable product-type-simple\">\r\n\t\t<div class=\"product-block  grid\" data-product-id=\"9532\">\r\n    <div class=\"grid-inner\">\r\n                <div class=\"block-inner\">\r\n            <figure class=\"image product-image\">\r\n                        <a title=\"Action 300 &#8211; 3 unidades\" href=\"https:\/\/agenciavicco.com.br\/Loja2\/produto\/action-300-3-unidades\/\" class=\"product-image\">\r\n            <img fetchpriority=\"high\" decoding=\"async\" width=\"480\" height=\"638\" src=\"data:image\/svg+xml;charset=utf-8,%3Csvg xmlns%3D&#039;http%3A%2F%2Fwww.w3.org%2F2000%2Fsvg&#039; viewBox%3D&#039;0 0 480 638&#039;%2F%3E\" class=\"attachment-woocommerce_thumbnail size-woocommerce_thumbnail image-no-effect unveil-image\" alt=\"\" data-src=\"https:\/\/agenciavicco.com.br\/Loja2\/wp-content\/uploads\/2025\/06\/action3-480x638.jpg\" \/>        <\/a>\r\n        \r\n                            <\/figure>\r\n            <div class=\"clearfix swatches_list\">\r\n                             <\/div>\r\n            <div class=\"groups-button clearfix\">\r\n                <div class=\"groups-button-inner\">\r\n                                                                            <\/div>\r\n            <\/div>\r\n        <\/div>\r\n        <div class=\"metas clearfix\">\r\n            <div class=\"title-wrapper\">\r\n                <div class=\"clearfix\">\r\n                                        <h3 class=\"name\"><a href=\"https:\/\/agenciavicco.com.br\/Loja2\/produto\/action-300-3-unidades\/\">Action 300 &#8211; 3 unidades<\/a><\/h3>\r\n                                        \n\t<span class=\"price\"><span class=\"woocommerce-Price-amount amount\"><bdi><span class=\"woocommerce-Price-currencySymbol\">&#82;&#36;<\/span>1.197,00<\/bdi><\/span><\/span>\n    \r\n                <\/div>\r\n               \r\n            <\/div>\r\n            <div class=\"add-cart\"><a href=\"\/Loja2\/wp-json\/wp\/v2\/product\/9526?add-to-cart=9532\" rel=\"nofollow\" data-product_id=\"9532\" data-product_sku=\"\" data-quantity=\"1\" class=\"button product_type_simple add_to_cart_button ajax_add_to_cart product_type_simple\">Adicionar ao carrinho<\/a><\/div>        <\/div>\r\n    <\/div>\r\n<\/div>\t<\/div>\r\n\t<div class=\"col-md-4 col-sm-4 col-xs-6 col-lg-3 product type-product post-9534 status-publish instock product_cat-kit-6-unidades product_cat-kits has-post-thumbnail featured shipping-taxable purchasable product-type-simple\">\r\n\t\t<div class=\"product-block  grid\" data-product-id=\"9534\">\r\n    <div class=\"grid-inner\">\r\n                <div class=\"block-inner\">\r\n            <figure class=\"image product-image\">\r\n                        <a title=\"Action 300 &#8211; 6 unidades\" href=\"https:\/\/agenciavicco.com.br\/Loja2\/produto\/action-300-6-unidades\/\" class=\"product-image\">\r\n            <img decoding=\"async\" width=\"480\" height=\"638\" src=\"data:image\/svg+xml;charset=utf-8,%3Csvg xmlns%3D&#039;http%3A%2F%2Fwww.w3.org%2F2000%2Fsvg&#039; viewBox%3D&#039;0 0 480 638&#039;%2F%3E\" class=\"attachment-woocommerce_thumbnail size-woocommerce_thumbnail image-no-effect unveil-image\" alt=\"\" data-src=\"https:\/\/agenciavicco.com.br\/Loja2\/wp-content\/uploads\/2025\/06\/action6-480x638.jpg\" \/>        <\/a>\r\n        \r\n                            <\/figure>\r\n            <div class=\"clearfix swatches_list\">\r\n                             <\/div>\r\n            <div class=\"groups-button clearfix\">\r\n                <div class=\"groups-button-inner\">\r\n                                                                            <\/div>\r\n            <\/div>\r\n        <\/div>\r\n        <div class=\"metas clearfix\">\r\n            <div class=\"title-wrapper\">\r\n                <div class=\"clearfix\">\r\n                                        <h3 class=\"name\"><a href=\"https:\/\/agenciavicco.com.br\/Loja2\/produto\/action-300-6-unidades\/\">Action 300 &#8211; 6 unidades<\/a><\/h3>\r\n                                        \n\t<span class=\"price\"><span class=\"woocommerce-Price-amount amount\"><bdi><span class=\"woocommerce-Price-currencySymbol\">&#82;&#36;<\/span>1.794,00<\/bdi><\/span><\/span>\n    \r\n                <\/div>\r\n               \r\n            <\/div>\r\n            <div class=\"add-cart\"><a href=\"\/Loja2\/wp-json\/wp\/v2\/product\/9526?add-to-cart=9534\" rel=\"nofollow\" data-product_id=\"9534\" data-product_sku=\"\" data-quantity=\"1\" class=\"button product_type_simple add_to_cart_button ajax_add_to_cart product_type_simple\">Adicionar ao carrinho<\/a><\/div>        <\/div>\r\n    <\/div>\r\n<\/div>\t<\/div>\r\n<\/div><\/div>\t\t\t\t<\/div>\n\t\t\t\t<\/div>\n\t\t\t\t\t<\/div>\n\t\t\t\t<\/div>\n\t\t\t\t<\/div>\n\t\t","protected":false},"excerpt":{"rendered":"<p>Action 300 \u00e9 um suplemento avan\u00e7ado desenvolvido para proporcionar al\u00edvio das dores cr\u00f4nicas e oferecer suporte integral \u00e0 sa\u00fade cerebral. Com uma f\u00f3rmula cuidadosamente elaborada, este produto combina ingredientes essenciais para promover uma melhor qualidade de vida, ajudando a reduzir inflama\u00e7\u00f5es e a promover o bem-estar geral.<\/p>\n<p>1 UNIDADE<\/p>\n","protected":false},"featured_media":9699,"comment_status":"open","ping_status":"closed","template":"","meta":[],"product_brand":[],"product_cat":[15],"product_tag":[],"class_list":{"0":"post-9526","1":"product","2":"type-product","3":"status-publish","4":"has-post-thumbnail","6":"product_cat-suplementos","8":"first","9":"instock","10":"featured","11":"shipping-taxable","12":"purchasable","13":"product-type-simple"},"yoast_head":"<!-- This site is optimized with the Yoast SEO plugin v27.2 - https:\/\/yoast.com\/product\/yoast-seo-wordpress\/ -->\n<title>Action 300 - Lirius<\/title>\n<meta name=\"robots\" content=\"index, follow, max-snippet:-1, max-image-preview:large, max-video-preview:-1\" \/>\n<link rel=\"canonical\" href=\"https:\/\/agenciavicco.com.br\/Loja2\/produto\/action-300\/\" \/>\n<meta property=\"og:locale\" content=\"pt_BR\" \/>\n<meta property=\"og:type\" content=\"article\" \/>\n<meta property=\"og:title\" content=\"Action 300 - Lirius\" \/>\n<meta property=\"og:description\" content=\"Action 300 \u00e9 um suplemento avan\u00e7ado desenvolvido para proporcionar al\u00edvio das dores cr\u00f4nicas e oferecer suporte integral \u00e0 sa\u00fade cerebral. Com uma f\u00f3rmula cuidadosamente elaborada, este produto combina ingredientes essenciais para promover uma melhor qualidade de vida, ajudando a reduzir inflama\u00e7\u00f5es e a promover o bem-estar geral.  1 UNIDADE\" \/>\n<meta property=\"og:url\" content=\"https:\/\/agenciavicco.com.br\/Loja2\/produto\/action-300\/\" \/>\n<meta property=\"og:site_name\" content=\"Lirius\" \/>\n<meta property=\"article:modified_time\" content=\"2025-06-16T13:07:20+00:00\" \/>\n<meta property=\"og:image\" content=\"https:\/\/agenciavicco.com.br\/Loja2\/wp-content\/uploads\/2025\/06\/action.jpg\" \/>\n\t<meta property=\"og:image:width\" content=\"1184\" \/>\n\t<meta property=\"og:image:height\" content=\"1350\" \/>\n\t<meta property=\"og:image:type\" content=\"image\/jpeg\" \/>\n<meta name=\"twitter:card\" content=\"summary_large_image\" \/>\n<meta name=\"twitter:label1\" content=\"Est. tempo de leitura\" \/>\n\t<meta name=\"twitter:data1\" content=\"2 minutos\" \/>\n<script type=\"application\/ld+json\" class=\"yoast-schema-graph\">{\"@context\":\"https:\/\/schema.org\",\"@graph\":[{\"@type\":\"WebPage\",\"@id\":\"https:\/\/agenciavicco.com.br\/Loja2\/produto\/action-300\/\",\"url\":\"https:\/\/agenciavicco.com.br\/Loja2\/produto\/action-300\/\",\"name\":\"Action 300 - Lirius\",\"isPartOf\":{\"@id\":\"https:\/\/agenciavicco.com.br\/Loja2\/#website\"},\"primaryImageOfPage\":{\"@id\":\"https:\/\/agenciavicco.com.br\/Loja2\/produto\/action-300\/#primaryimage\"},\"image\":{\"@id\":\"https:\/\/agenciavicco.com.br\/Loja2\/produto\/action-300\/#primaryimage\"},\"thumbnailUrl\":\"https:\/\/agenciavicco.com.br\/Loja2\/wp-content\/uploads\/2025\/06\/action.jpg\",\"datePublished\":\"2025-06-15T18:30:04+00:00\",\"dateModified\":\"2025-06-16T13:07:20+00:00\",\"breadcrumb\":{\"@id\":\"https:\/\/agenciavicco.com.br\/Loja2\/produto\/action-300\/#breadcrumb\"},\"inLanguage\":\"pt-BR\",\"potentialAction\":[{\"@type\":\"ReadAction\",\"target\":[\"https:\/\/agenciavicco.com.br\/Loja2\/produto\/action-300\/\"]}]},{\"@type\":\"ImageObject\",\"inLanguage\":\"pt-BR\",\"@id\":\"https:\/\/agenciavicco.com.br\/Loja2\/produto\/action-300\/#primaryimage\",\"url\":\"https:\/\/agenciavicco.com.br\/Loja2\/wp-content\/uploads\/2025\/06\/action.jpg\",\"contentUrl\":\"https:\/\/agenciavicco.com.br\/Loja2\/wp-content\/uploads\/2025\/06\/action.jpg\",\"width\":1184,\"height\":1350},{\"@type\":\"BreadcrumbList\",\"@id\":\"https:\/\/agenciavicco.com.br\/Loja2\/produto\/action-300\/#breadcrumb\",\"itemListElement\":[{\"@type\":\"ListItem\",\"position\":1,\"name\":\"In\u00edcio\",\"item\":\"https:\/\/agenciavicco.com.br\/Loja2\/\"},{\"@type\":\"ListItem\",\"position\":2,\"name\":\"Loja\",\"item\":\"https:\/\/agenciavicco.com.br\/Loja2\/loja\/\"},{\"@type\":\"ListItem\",\"position\":3,\"name\":\"Action 300\"}]},{\"@type\":\"WebSite\",\"@id\":\"https:\/\/agenciavicco.com.br\/Loja2\/#website\",\"url\":\"https:\/\/agenciavicco.com.br\/Loja2\/\",\"name\":\"Lirius\",\"description\":\"Suplementos\",\"potentialAction\":[{\"@type\":\"SearchAction\",\"target\":{\"@type\":\"EntryPoint\",\"urlTemplate\":\"https:\/\/agenciavicco.com.br\/Loja2\/?s={search_term_string}\"},\"query-input\":{\"@type\":\"PropertyValueSpecification\",\"valueRequired\":true,\"valueName\":\"search_term_string\"}}],\"inLanguage\":\"pt-BR\"}]}<\/script>\n<!-- \/ Yoast SEO plugin. -->","yoast_head_json":{"title":"Action 300 - Lirius","robots":{"index":"index","follow":"follow","max-snippet":"max-snippet:-1","max-image-preview":"max-image-preview:large","max-video-preview":"max-video-preview:-1"},"canonical":"https:\/\/agenciavicco.com.br\/Loja2\/produto\/action-300\/","og_locale":"pt_BR","og_type":"article","og_title":"Action 300 - Lirius","og_description":"Action 300 \u00e9 um suplemento avan\u00e7ado desenvolvido para proporcionar al\u00edvio das dores cr\u00f4nicas e oferecer suporte integral \u00e0 sa\u00fade cerebral. Com uma f\u00f3rmula cuidadosamente elaborada, este produto combina ingredientes essenciais para promover uma melhor qualidade de vida, ajudando a reduzir inflama\u00e7\u00f5es e a promover o bem-estar geral.  1 UNIDADE","og_url":"https:\/\/agenciavicco.com.br\/Loja2\/produto\/action-300\/","og_site_name":"Lirius","article_modified_time":"2025-06-16T13:07:20+00:00","og_image":[{"width":1184,"height":1350,"url":"https:\/\/agenciavicco.com.br\/Loja2\/wp-content\/uploads\/2025\/06\/action.jpg","type":"image\/jpeg"}],"twitter_card":"summary_large_image","twitter_misc":{"Est. tempo de leitura":"2 minutos"},"schema":{"@context":"https:\/\/schema.org","@graph":[{"@type":"WebPage","@id":"https:\/\/agenciavicco.com.br\/Loja2\/produto\/action-300\/","url":"https:\/\/agenciavicco.com.br\/Loja2\/produto\/action-300\/","name":"Action 300 - Lirius","isPartOf":{"@id":"https:\/\/agenciavicco.com.br\/Loja2\/#website"},"primaryImageOfPage":{"@id":"https:\/\/agenciavicco.com.br\/Loja2\/produto\/action-300\/#primaryimage"},"image":{"@id":"https:\/\/agenciavicco.com.br\/Loja2\/produto\/action-300\/#primaryimage"},"thumbnailUrl":"https:\/\/agenciavicco.com.br\/Loja2\/wp-content\/uploads\/2025\/06\/action.jpg","datePublished":"2025-06-15T18:30:04+00:00","dateModified":"2025-06-16T13:07:20+00:00","breadcrumb":{"@id":"https:\/\/agenciavicco.com.br\/Loja2\/produto\/action-300\/#breadcrumb"},"inLanguage":"pt-BR","potentialAction":[{"@type":"ReadAction","target":["https:\/\/agenciavicco.com.br\/Loja2\/produto\/action-300\/"]}]},{"@type":"ImageObject","inLanguage":"pt-BR","@id":"https:\/\/agenciavicco.com.br\/Loja2\/produto\/action-300\/#primaryimage","url":"https:\/\/agenciavicco.com.br\/Loja2\/wp-content\/uploads\/2025\/06\/action.jpg","contentUrl":"https:\/\/agenciavicco.com.br\/Loja2\/wp-content\/uploads\/2025\/06\/action.jpg","width":1184,"height":1350},{"@type":"BreadcrumbList","@id":"https:\/\/agenciavicco.com.br\/Loja2\/produto\/action-300\/#breadcrumb","itemListElement":[{"@type":"ListItem","position":1,"name":"In\u00edcio","item":"https:\/\/agenciavicco.com.br\/Loja2\/"},{"@type":"ListItem","position":2,"name":"Loja","item":"https:\/\/agenciavicco.com.br\/Loja2\/loja\/"},{"@type":"ListItem","position":3,"name":"Action 300"}]},{"@type":"WebSite","@id":"https:\/\/agenciavicco.com.br\/Loja2\/#website","url":"https:\/\/agenciavicco.com.br\/Loja2\/","name":"Lirius","description":"Suplementos","potentialAction":[{"@type":"SearchAction","target":{"@type":"EntryPoint","urlTemplate":"https:\/\/agenciavicco.com.br\/Loja2\/?s={search_term_string}"},"query-input":{"@type":"PropertyValueSpecification","valueRequired":true,"valueName":"search_term_string"}}],"inLanguage":"pt-BR"}]}},"_links":{"self":[{"href":"https:\/\/agenciavicco.com.br\/Loja2\/wp-json\/wp\/v2\/product\/9526","targetHints":{"allow":["GET"]}}],"collection":[{"href":"https:\/\/agenciavicco.com.br\/Loja2\/wp-json\/wp\/v2\/product"}],"about":[{"href":"https:\/\/agenciavicco.com.br\/Loja2\/wp-json\/wp\/v2\/types\/product"}],"replies":[{"embeddable":true,"href":"https:\/\/agenciavicco.com.br\/Loja2\/wp-json\/wp\/v2\/comments?post=9526"}],"version-history":[{"count":8,"href":"https:\/\/agenciavicco.com.br\/Loja2\/wp-json\/wp\/v2\/product\/9526\/revisions"}],"predecessor-version":[{"id":9701,"href":"https:\/\/agenciavicco.com.br\/Loja2\/wp-json\/wp\/v2\/product\/9526\/revisions\/9701"}],"wp:featuredmedia":[{"embeddable":true,"href":"https:\/\/agenciavicco.com.br\/Loja2\/wp-json\/wp\/v2\/media\/9699"}],"wp:attachment":[{"href":"https:\/\/agenciavicco.com.br\/Loja2\/wp-json\/wp\/v2\/media?parent=9526"}],"wp:term":[{"taxonomy":"product_brand","embeddable":true,"href":"https:\/\/agenciavicco.com.br\/Loja2\/wp-json\/wp\/v2\/product_brand?post=9526"},{"taxonomy":"product_cat","embeddable":true,"href":"https:\/\/agenciavicco.com.br\/Loja2\/wp-json\/wp\/v2\/product_cat?post=9526"},{"taxonomy":"product_tag","embeddable":true,"href":"https:\/\/agenciavicco.com.br\/Loja2\/wp-json\/wp\/v2\/product_tag?post=9526"}],"curies":[{"name":"wp","href":"https:\/\/api.w.org\/{rel}","templated":true}]}}