{"id":9996,"date":"2025-10-08T23:45:23","date_gmt":"2025-10-09T02:45:23","guid":{"rendered":"https:\/\/agenciavicco.com.br\/Arksuplementos\/?post_type=product&#038;p=9996"},"modified":"2025-10-23T16:28:19","modified_gmt":"2025-10-23T19:28:19","slug":"articulark-pomada-articulark-ice","status":"publish","type":"product","link":"https:\/\/agenciavicco.com.br\/Arksuplementos\/produto\/articulark-pomada-articulark-ice\/","title":{"rendered":"Articulark Pomada &#8211; ARTICULARK ICE"},"content":{"rendered":"\t\t<div data-elementor-type=\"wp-post\" data-elementor-id=\"9996\" class=\"elementor elementor-9996\" data-elementor-post-type=\"product\">\n\t\t\t\t<div class=\"elementor-element elementor-element-54430b7 e-flex e-con-boxed e-con e-parent\" data-id=\"54430b7\" data-element_type=\"container\" data-e-type=\"container\">\n\t\t\t\t\t<div class=\"e-con-inner\">\n\t\t\t\t<div class=\"elementor-element elementor-element-f520e3d elementor-widget elementor-widget-heading\" data-id=\"f520e3d\" data-element_type=\"widget\" data-e-type=\"widget\" data-widget_type=\"heading.default\">\n\t\t\t\t<div class=\"elementor-widget-container\">\n\t\t\t\t\t<h3 class=\"elementor-heading-title elementor-size-default\">POMADA ARTICULARK ICE<\/h3>\t\t\t\t<\/div>\n\t\t\t\t<\/div>\n\t\t\t\t\t<\/div>\n\t\t\t\t<\/div>\n\t\t<div class=\"elementor-element elementor-element-233ded9 e-con-full tb-width-plus-40 e-flex e-con e-parent\" data-id=\"233ded9\" data-element_type=\"container\" data-e-type=\"container\">\n\t\t<div class=\"elementor-element elementor-element-64c9331 e-con-full e-flex e-con e-child\" data-id=\"64c9331\" data-element_type=\"container\" data-e-type=\"container\">\n\t\t\t\t<div class=\"elementor-element elementor-element-3999eef elementor-widget elementor-widget-text-editor\" data-id=\"3999eef\" data-element_type=\"widget\" data-e-type=\"widget\" data-widget_type=\"text-editor.default\">\n\t\t\t\t<div class=\"elementor-widget-container\">\n\t\t\t\t\t\t\t\t\t<p><strong>COMPOSI\u00c7\u00c3O:<\/strong><\/p><p>\u00c1gua, Carb\u00f4mero, EDTA tetrass\u00f3dico, Mentol, C\u00e2nfora, Fenoxietano, Dimetilidantoina, Extrato da Semente de Castanha da india, Extrato da Flor de Arnica Montana, Extrato da Folha de Eucalipto, Extrato de Castanha do Par\u00e1, \u00d3leo da Semente de Andiroba, Extrato de Centela<br \/>Asi\u00e1tica, Extrato da Flor de Camomila, Extrato da Folha de Mastruz, Extrato da Folha de Hamamelis, Extrato da Flor de Malva, Extrato de Alecrim, Extrato de Aroeira, Extrato da casca do Barbatim\u00e3o, Extrato de Confrei, Pol\u00edmero de Etileno Glicol 78, Oleo Mineral, Polissorbato 80, Aminometil Propanol, Lanolina, Extrato de Carqueja, Extrato de Gengibre, Extrato de Ora Pro Nobis e o corante Azul.<\/p><p><strong>Forma de uso:<\/strong> Aplicar pouca quantidade da pomada espalhando pelos dedos at\u00e9 absor\u00e7\u00e3o total da pele 2X ao dia.<\/p>\t\t\t\t\t\t\t\t<\/div>\n\t\t\t\t<\/div>\n\t\t\t\t<\/div>\n\t\t\t\t<\/div>\n\t\t\t\t<\/div>\n\t\t","protected":false},"excerpt":{"rendered":"<p>Pomadas premium para o al\u00edvio das dores, incha\u00e7o e inflama\u00e7\u00f5es.<\/p>\n","protected":false},"featured_media":9967,"comment_status":"open","ping_status":"closed","template":"","meta":[],"product_brand":[],"product_cat":[15,134],"product_tag":[],"class_list":{"0":"post-9996","1":"product","2":"type-product","3":"status-publish","4":"has-post-thumbnail","6":"product_cat-suplementos","7":"product_cat-pomada","8":"pa_variacoes-1-frasco","9":"pa_variacoes-3-frascos","10":"pa_variacoes-6-frascos","12":"first","13":"instock","14":"featured","15":"shipping-taxable","16":"purchasable","17":"product-type-variable"},"yoast_head":"<!-- This site is optimized with the Yoast SEO plugin v27.2 - https:\/\/yoast.com\/product\/yoast-seo-wordpress\/ -->\n<title>Articulark Pomada - ARTICULARK ICE - Ark<\/title>\n<meta name=\"robots\" content=\"index, follow, max-snippet:-1, max-image-preview:large, max-video-preview:-1\" \/>\n<link rel=\"canonical\" href=\"https:\/\/agenciavicco.com.br\/Arksuplementos\/produto\/articulark-pomada-articulark-ice\/\" \/>\n<meta property=\"og:locale\" content=\"pt_BR\" \/>\n<meta property=\"og:type\" content=\"article\" \/>\n<meta property=\"og:title\" content=\"Articulark Pomada - ARTICULARK ICE - Ark\" \/>\n<meta property=\"og:description\" content=\"Pomadas premium para o al\u00edvio das dores, incha\u00e7o e inflama\u00e7\u00f5es.\" \/>\n<meta property=\"og:url\" content=\"https:\/\/agenciavicco.com.br\/Arksuplementos\/produto\/articulark-pomada-articulark-ice\/\" \/>\n<meta property=\"og:site_name\" content=\"Ark\" \/>\n<meta property=\"article:modified_time\" content=\"2025-10-23T19:28:19+00:00\" \/>\n<meta property=\"og:image\" content=\"https:\/\/agenciavicco.com.br\/Arksuplementos\/wp-content\/uploads\/2025\/10\/articulark-ice.jpg\" \/>\n\t<meta property=\"og:image:width\" content=\"1184\" \/>\n\t<meta property=\"og:image:height\" content=\"1350\" \/>\n\t<meta property=\"og:image:type\" content=\"image\/jpeg\" \/>\n<meta name=\"twitter:card\" content=\"summary_large_image\" \/>\n<meta name=\"twitter:label1\" content=\"Est. tempo de leitura\" \/>\n\t<meta name=\"twitter:data1\" content=\"1 minuto\" \/>\n<script type=\"application\/ld+json\" class=\"yoast-schema-graph\">{\"@context\":\"https:\/\/schema.org\",\"@graph\":[{\"@type\":\"WebPage\",\"@id\":\"https:\/\/agenciavicco.com.br\/Arksuplementos\/produto\/articulark-pomada-articulark-ice\/\",\"url\":\"https:\/\/agenciavicco.com.br\/Arksuplementos\/produto\/articulark-pomada-articulark-ice\/\",\"name\":\"Articulark Pomada - ARTICULARK ICE - Ark\",\"isPartOf\":{\"@id\":\"https:\/\/agenciavicco.com.br\/Arksuplementos\/#website\"},\"primaryImageOfPage\":{\"@id\":\"https:\/\/agenciavicco.com.br\/Arksuplementos\/produto\/articulark-pomada-articulark-ice\/#primaryimage\"},\"image\":{\"@id\":\"https:\/\/agenciavicco.com.br\/Arksuplementos\/produto\/articulark-pomada-articulark-ice\/#primaryimage\"},\"thumbnailUrl\":\"https:\/\/agenciavicco.com.br\/Arksuplementos\/wp-content\/uploads\/2025\/10\/articulark-ice.jpg\",\"datePublished\":\"2025-10-09T02:45:23+00:00\",\"dateModified\":\"2025-10-23T19:28:19+00:00\",\"breadcrumb\":{\"@id\":\"https:\/\/agenciavicco.com.br\/Arksuplementos\/produto\/articulark-pomada-articulark-ice\/#breadcrumb\"},\"inLanguage\":\"pt-BR\",\"potentialAction\":[{\"@type\":\"ReadAction\",\"target\":[\"https:\/\/agenciavicco.com.br\/Arksuplementos\/produto\/articulark-pomada-articulark-ice\/\"]}]},{\"@type\":\"ImageObject\",\"inLanguage\":\"pt-BR\",\"@id\":\"https:\/\/agenciavicco.com.br\/Arksuplementos\/produto\/articulark-pomada-articulark-ice\/#primaryimage\",\"url\":\"https:\/\/agenciavicco.com.br\/Arksuplementos\/wp-content\/uploads\/2025\/10\/articulark-ice.jpg\",\"contentUrl\":\"https:\/\/agenciavicco.com.br\/Arksuplementos\/wp-content\/uploads\/2025\/10\/articulark-ice.jpg\",\"width\":1184,\"height\":1350},{\"@type\":\"BreadcrumbList\",\"@id\":\"https:\/\/agenciavicco.com.br\/Arksuplementos\/produto\/articulark-pomada-articulark-ice\/#breadcrumb\",\"itemListElement\":[{\"@type\":\"ListItem\",\"position\":1,\"name\":\"In\u00edcio\",\"item\":\"https:\/\/agenciavicco.com.br\/Arksuplementos\/\"},{\"@type\":\"ListItem\",\"position\":2,\"name\":\"Loja\",\"item\":\"https:\/\/agenciavicco.com.br\/Arksuplementos\/loja\/\"},{\"@type\":\"ListItem\",\"position\":3,\"name\":\"Articulark Pomada &#8211; ARTICULARK ICE\"}]},{\"@type\":\"WebSite\",\"@id\":\"https:\/\/agenciavicco.com.br\/Arksuplementos\/#website\",\"url\":\"https:\/\/agenciavicco.com.br\/Arksuplementos\/\",\"name\":\"Ark\",\"description\":\"Suplementos\",\"potentialAction\":[{\"@type\":\"SearchAction\",\"target\":{\"@type\":\"EntryPoint\",\"urlTemplate\":\"https:\/\/agenciavicco.com.br\/Arksuplementos\/?s={search_term_string}\"},\"query-input\":{\"@type\":\"PropertyValueSpecification\",\"valueRequired\":true,\"valueName\":\"search_term_string\"}}],\"inLanguage\":\"pt-BR\"}]}<\/script>\n<!-- \/ Yoast SEO plugin. -->","yoast_head_json":{"title":"Articulark Pomada - ARTICULARK ICE - Ark","robots":{"index":"index","follow":"follow","max-snippet":"max-snippet:-1","max-image-preview":"max-image-preview:large","max-video-preview":"max-video-preview:-1"},"canonical":"https:\/\/agenciavicco.com.br\/Arksuplementos\/produto\/articulark-pomada-articulark-ice\/","og_locale":"pt_BR","og_type":"article","og_title":"Articulark Pomada - ARTICULARK ICE - Ark","og_description":"Pomadas premium para o al\u00edvio das dores, incha\u00e7o e inflama\u00e7\u00f5es.","og_url":"https:\/\/agenciavicco.com.br\/Arksuplementos\/produto\/articulark-pomada-articulark-ice\/","og_site_name":"Ark","article_modified_time":"2025-10-23T19:28:19+00:00","og_image":[{"width":1184,"height":1350,"url":"https:\/\/agenciavicco.com.br\/Arksuplementos\/wp-content\/uploads\/2025\/10\/articulark-ice.jpg","type":"image\/jpeg"}],"twitter_card":"summary_large_image","twitter_misc":{"Est. tempo de leitura":"1 minuto"},"schema":{"@context":"https:\/\/schema.org","@graph":[{"@type":"WebPage","@id":"https:\/\/agenciavicco.com.br\/Arksuplementos\/produto\/articulark-pomada-articulark-ice\/","url":"https:\/\/agenciavicco.com.br\/Arksuplementos\/produto\/articulark-pomada-articulark-ice\/","name":"Articulark Pomada - ARTICULARK ICE - Ark","isPartOf":{"@id":"https:\/\/agenciavicco.com.br\/Arksuplementos\/#website"},"primaryImageOfPage":{"@id":"https:\/\/agenciavicco.com.br\/Arksuplementos\/produto\/articulark-pomada-articulark-ice\/#primaryimage"},"image":{"@id":"https:\/\/agenciavicco.com.br\/Arksuplementos\/produto\/articulark-pomada-articulark-ice\/#primaryimage"},"thumbnailUrl":"https:\/\/agenciavicco.com.br\/Arksuplementos\/wp-content\/uploads\/2025\/10\/articulark-ice.jpg","datePublished":"2025-10-09T02:45:23+00:00","dateModified":"2025-10-23T19:28:19+00:00","breadcrumb":{"@id":"https:\/\/agenciavicco.com.br\/Arksuplementos\/produto\/articulark-pomada-articulark-ice\/#breadcrumb"},"inLanguage":"pt-BR","potentialAction":[{"@type":"ReadAction","target":["https:\/\/agenciavicco.com.br\/Arksuplementos\/produto\/articulark-pomada-articulark-ice\/"]}]},{"@type":"ImageObject","inLanguage":"pt-BR","@id":"https:\/\/agenciavicco.com.br\/Arksuplementos\/produto\/articulark-pomada-articulark-ice\/#primaryimage","url":"https:\/\/agenciavicco.com.br\/Arksuplementos\/wp-content\/uploads\/2025\/10\/articulark-ice.jpg","contentUrl":"https:\/\/agenciavicco.com.br\/Arksuplementos\/wp-content\/uploads\/2025\/10\/articulark-ice.jpg","width":1184,"height":1350},{"@type":"BreadcrumbList","@id":"https:\/\/agenciavicco.com.br\/Arksuplementos\/produto\/articulark-pomada-articulark-ice\/#breadcrumb","itemListElement":[{"@type":"ListItem","position":1,"name":"In\u00edcio","item":"https:\/\/agenciavicco.com.br\/Arksuplementos\/"},{"@type":"ListItem","position":2,"name":"Loja","item":"https:\/\/agenciavicco.com.br\/Arksuplementos\/loja\/"},{"@type":"ListItem","position":3,"name":"Articulark Pomada &#8211; ARTICULARK ICE"}]},{"@type":"WebSite","@id":"https:\/\/agenciavicco.com.br\/Arksuplementos\/#website","url":"https:\/\/agenciavicco.com.br\/Arksuplementos\/","name":"Ark","description":"Suplementos","potentialAction":[{"@type":"SearchAction","target":{"@type":"EntryPoint","urlTemplate":"https:\/\/agenciavicco.com.br\/Arksuplementos\/?s={search_term_string}"},"query-input":{"@type":"PropertyValueSpecification","valueRequired":true,"valueName":"search_term_string"}}],"inLanguage":"pt-BR"}]}},"_links":{"self":[{"href":"https:\/\/agenciavicco.com.br\/Arksuplementos\/wp-json\/wp\/v2\/product\/9996","targetHints":{"allow":["GET"]}}],"collection":[{"href":"https:\/\/agenciavicco.com.br\/Arksuplementos\/wp-json\/wp\/v2\/product"}],"about":[{"href":"https:\/\/agenciavicco.com.br\/Arksuplementos\/wp-json\/wp\/v2\/types\/product"}],"replies":[{"embeddable":true,"href":"https:\/\/agenciavicco.com.br\/Arksuplementos\/wp-json\/wp\/v2\/comments?post=9996"}],"version-history":[{"count":11,"href":"https:\/\/agenciavicco.com.br\/Arksuplementos\/wp-json\/wp\/v2\/product\/9996\/revisions"}],"predecessor-version":[{"id":10246,"href":"https:\/\/agenciavicco.com.br\/Arksuplementos\/wp-json\/wp\/v2\/product\/9996\/revisions\/10246"}],"wp:featuredmedia":[{"embeddable":true,"href":"https:\/\/agenciavicco.com.br\/Arksuplementos\/wp-json\/wp\/v2\/media\/9967"}],"wp:attachment":[{"href":"https:\/\/agenciavicco.com.br\/Arksuplementos\/wp-json\/wp\/v2\/media?parent=9996"}],"wp:term":[{"taxonomy":"product_brand","embeddable":true,"href":"https:\/\/agenciavicco.com.br\/Arksuplementos\/wp-json\/wp\/v2\/product_brand?post=9996"},{"taxonomy":"product_cat","embeddable":true,"href":"https:\/\/agenciavicco.com.br\/Arksuplementos\/wp-json\/wp\/v2\/product_cat?post=9996"},{"taxonomy":"product_tag","embeddable":true,"href":"https:\/\/agenciavicco.com.br\/Arksuplementos\/wp-json\/wp\/v2\/product_tag?post=9996"}],"curies":[{"name":"wp","href":"https:\/\/api.w.org\/{rel}","templated":true}]}}