{"id":9987,"date":"2025-10-08T23:41:55","date_gmt":"2025-10-09T02:41:55","guid":{"rendered":"https:\/\/agenciavicco.com.br\/Arksuplementos\/?post_type=product&#038;p=9987"},"modified":"2025-10-23T16:37:59","modified_gmt":"2025-10-23T19:37:59","slug":"repulse-detox","status":"publish","type":"product","link":"https:\/\/agenciavicco.com.br\/Arksuplementos\/produto\/repulse-detox\/","title":{"rendered":"Repulse Detox"},"content":{"rendered":"\t\t<div data-elementor-type=\"wp-post\" data-elementor-id=\"9987\" class=\"elementor elementor-9987\" data-elementor-post-type=\"product\">\n\t\t\t\t<div class=\"elementor-element elementor-element-54430b7 e-flex e-con-boxed e-con e-parent\" data-id=\"54430b7\" data-element_type=\"container\" data-e-type=\"container\">\n\t\t\t\t\t<div class=\"e-con-inner\">\n\t\t\t\t<div class=\"elementor-element elementor-element-f520e3d elementor-widget elementor-widget-heading\" data-id=\"f520e3d\" data-element_type=\"widget\" data-e-type=\"widget\" data-widget_type=\"heading.default\">\n\t\t\t\t<div class=\"elementor-widget-container\">\n\t\t\t\t\t<h3 class=\"elementor-heading-title elementor-size-default\">REPULSE DETOX<\/h3>\t\t\t\t<\/div>\n\t\t\t\t<\/div>\n\t\t\t\t\t<\/div>\n\t\t\t\t<\/div>\n\t\t<div class=\"elementor-element elementor-element-233ded9 e-con-full tb-width-plus-40 e-flex e-con e-parent\" data-id=\"233ded9\" data-element_type=\"container\" data-e-type=\"container\">\n\t\t<div class=\"elementor-element elementor-element-64c9331 e-con-full e-flex e-con e-child\" data-id=\"64c9331\" data-element_type=\"container\" data-e-type=\"container\">\n\t\t\t\t<div class=\"elementor-element elementor-element-3999eef elementor-widget elementor-widget-text-editor\" data-id=\"3999eef\" data-element_type=\"widget\" data-e-type=\"widget\" data-widget_type=\"text-editor.default\">\n\t\t\t\t<div class=\"elementor-widget-container\">\n\t\t\t\t\t\t\t\t\t<p><strong>INFORMA\u00c7\u00c3O NUTRICIONAL<\/strong><br \/>Por\u00e7\u00e3o por embalagem: 30<br \/>Por\u00e7\u00e3o: 1ml (20 gotas)<\/p><p>I<strong>NGREDIENTES:<\/strong><\/p><p>Extrato de pr\u00f3polis (Compostos fen\u00f3licos), Chlorella<br \/>\u2022Vulgaris, Mio-Inositol (Inositol), Acetilciste\u00edna (N-Acetil L-Ciste\u00edna), \u00c1cido f\u00f3lico, Cloridrato de tiamina (Vitamina<br \/>B1), Riboflavina (Vitamina B2), Niacinamida (Niacina), D-pantotenato de c\u00e1lcio (Vitamina B5), Cloridrato de piridoxina (Vitamina B6), Cianocobalamina (Vitamina B12), Picolinato de cromo (cromo), \u00c1cido selenioso (Sel\u00e9nio), Bisglicinato de zinco (Zinco). Agente de massa sorbitol, glicerina e \u00e1gua purificada, Aroma sint\u00e9tico de laranja id\u00eantico ao natural.<br \/>Conservantes benzoato de s\u00f3dio e Sorbato de pot\u00e1ssio. Edulcorante sucralose. N\u00c3O CONT\u00c9M GL\u00daTEN.<\/p><p><strong>Forma de uso:<\/strong> 20 gotas sublinguais ao dia.<\/p>\t\t\t\t\t\t\t\t<\/div>\n\t\t\t\t<\/div>\n\t\t\t\t<\/div>\n\t\t\t\t<\/div>\n\t\t\t\t<\/div>\n\t\t","protected":false},"excerpt":{"rendered":"<p>Suplemento alimentar sublingual, para o combate ao v\u00edcio do \u00e1lcool e do tabaco.<\/p>\n<p>&nbsp;<\/p>\n","protected":false},"featured_media":9975,"comment_status":"open","ping_status":"closed","template":"","meta":[],"product_brand":[],"product_cat":[15,135],"product_tag":[],"class_list":{"0":"post-9987","1":"product","2":"type-product","3":"status-publish","4":"has-post-thumbnail","6":"product_cat-suplementos","7":"product_cat-gotas","8":"pa_variacoes-1-frasco","9":"pa_variacoes-3-frascos","10":"pa_variacoes-6-frascos","12":"first","13":"instock","14":"featured","15":"shipping-taxable","16":"purchasable","17":"product-type-variable"},"yoast_head":"<!-- This site is optimized with the Yoast SEO plugin v27.2 - https:\/\/yoast.com\/product\/yoast-seo-wordpress\/ -->\n<title>Repulse Detox - Ark<\/title>\n<meta name=\"robots\" content=\"index, follow, max-snippet:-1, max-image-preview:large, max-video-preview:-1\" \/>\n<link rel=\"canonical\" href=\"https:\/\/agenciavicco.com.br\/Arksuplementos\/produto\/repulse-detox\/\" \/>\n<meta property=\"og:locale\" content=\"pt_BR\" \/>\n<meta property=\"og:type\" content=\"article\" \/>\n<meta property=\"og:title\" content=\"Repulse Detox - Ark\" \/>\n<meta property=\"og:description\" content=\"Suplemento alimentar sublingual, para o combate ao v\u00edcio do \u00e1lcool e do tabaco.  &nbsp;\" \/>\n<meta property=\"og:url\" content=\"https:\/\/agenciavicco.com.br\/Arksuplementos\/produto\/repulse-detox\/\" \/>\n<meta property=\"og:site_name\" content=\"Ark\" \/>\n<meta property=\"article:modified_time\" content=\"2025-10-23T19:37:59+00:00\" \/>\n<meta property=\"og:image\" content=\"https:\/\/agenciavicco.com.br\/Arksuplementos\/wp-content\/uploads\/2025\/10\/repulse.jpg\" \/>\n\t<meta property=\"og:image:width\" content=\"1184\" \/>\n\t<meta property=\"og:image:height\" content=\"1350\" \/>\n\t<meta property=\"og:image:type\" content=\"image\/jpeg\" \/>\n<meta name=\"twitter:card\" content=\"summary_large_image\" \/>\n<meta name=\"twitter:label1\" content=\"Est. tempo de leitura\" \/>\n\t<meta name=\"twitter:data1\" content=\"1 minuto\" \/>\n<script type=\"application\/ld+json\" class=\"yoast-schema-graph\">{\"@context\":\"https:\/\/schema.org\",\"@graph\":[{\"@type\":\"WebPage\",\"@id\":\"https:\/\/agenciavicco.com.br\/Arksuplementos\/produto\/repulse-detox\/\",\"url\":\"https:\/\/agenciavicco.com.br\/Arksuplementos\/produto\/repulse-detox\/\",\"name\":\"Repulse Detox - Ark\",\"isPartOf\":{\"@id\":\"https:\/\/agenciavicco.com.br\/Arksuplementos\/#website\"},\"primaryImageOfPage\":{\"@id\":\"https:\/\/agenciavicco.com.br\/Arksuplementos\/produto\/repulse-detox\/#primaryimage\"},\"image\":{\"@id\":\"https:\/\/agenciavicco.com.br\/Arksuplementos\/produto\/repulse-detox\/#primaryimage\"},\"thumbnailUrl\":\"https:\/\/agenciavicco.com.br\/Arksuplementos\/wp-content\/uploads\/2025\/10\/repulse.jpg\",\"datePublished\":\"2025-10-09T02:41:55+00:00\",\"dateModified\":\"2025-10-23T19:37:59+00:00\",\"breadcrumb\":{\"@id\":\"https:\/\/agenciavicco.com.br\/Arksuplementos\/produto\/repulse-detox\/#breadcrumb\"},\"inLanguage\":\"pt-BR\",\"potentialAction\":[{\"@type\":\"ReadAction\",\"target\":[\"https:\/\/agenciavicco.com.br\/Arksuplementos\/produto\/repulse-detox\/\"]}]},{\"@type\":\"ImageObject\",\"inLanguage\":\"pt-BR\",\"@id\":\"https:\/\/agenciavicco.com.br\/Arksuplementos\/produto\/repulse-detox\/#primaryimage\",\"url\":\"https:\/\/agenciavicco.com.br\/Arksuplementos\/wp-content\/uploads\/2025\/10\/repulse.jpg\",\"contentUrl\":\"https:\/\/agenciavicco.com.br\/Arksuplementos\/wp-content\/uploads\/2025\/10\/repulse.jpg\",\"width\":1184,\"height\":1350},{\"@type\":\"BreadcrumbList\",\"@id\":\"https:\/\/agenciavicco.com.br\/Arksuplementos\/produto\/repulse-detox\/#breadcrumb\",\"itemListElement\":[{\"@type\":\"ListItem\",\"position\":1,\"name\":\"In\u00edcio\",\"item\":\"https:\/\/agenciavicco.com.br\/Arksuplementos\/\"},{\"@type\":\"ListItem\",\"position\":2,\"name\":\"Loja\",\"item\":\"https:\/\/agenciavicco.com.br\/Arksuplementos\/loja\/\"},{\"@type\":\"ListItem\",\"position\":3,\"name\":\"Repulse Detox\"}]},{\"@type\":\"WebSite\",\"@id\":\"https:\/\/agenciavicco.com.br\/Arksuplementos\/#website\",\"url\":\"https:\/\/agenciavicco.com.br\/Arksuplementos\/\",\"name\":\"Ark\",\"description\":\"Suplementos\",\"potentialAction\":[{\"@type\":\"SearchAction\",\"target\":{\"@type\":\"EntryPoint\",\"urlTemplate\":\"https:\/\/agenciavicco.com.br\/Arksuplementos\/?s={search_term_string}\"},\"query-input\":{\"@type\":\"PropertyValueSpecification\",\"valueRequired\":true,\"valueName\":\"search_term_string\"}}],\"inLanguage\":\"pt-BR\"}]}<\/script>\n<!-- \/ Yoast SEO plugin. -->","yoast_head_json":{"title":"Repulse Detox - Ark","robots":{"index":"index","follow":"follow","max-snippet":"max-snippet:-1","max-image-preview":"max-image-preview:large","max-video-preview":"max-video-preview:-1"},"canonical":"https:\/\/agenciavicco.com.br\/Arksuplementos\/produto\/repulse-detox\/","og_locale":"pt_BR","og_type":"article","og_title":"Repulse Detox - Ark","og_description":"Suplemento alimentar sublingual, para o combate ao v\u00edcio do \u00e1lcool e do tabaco.  &nbsp;","og_url":"https:\/\/agenciavicco.com.br\/Arksuplementos\/produto\/repulse-detox\/","og_site_name":"Ark","article_modified_time":"2025-10-23T19:37:59+00:00","og_image":[{"width":1184,"height":1350,"url":"https:\/\/agenciavicco.com.br\/Arksuplementos\/wp-content\/uploads\/2025\/10\/repulse.jpg","type":"image\/jpeg"}],"twitter_card":"summary_large_image","twitter_misc":{"Est. tempo de leitura":"1 minuto"},"schema":{"@context":"https:\/\/schema.org","@graph":[{"@type":"WebPage","@id":"https:\/\/agenciavicco.com.br\/Arksuplementos\/produto\/repulse-detox\/","url":"https:\/\/agenciavicco.com.br\/Arksuplementos\/produto\/repulse-detox\/","name":"Repulse Detox - Ark","isPartOf":{"@id":"https:\/\/agenciavicco.com.br\/Arksuplementos\/#website"},"primaryImageOfPage":{"@id":"https:\/\/agenciavicco.com.br\/Arksuplementos\/produto\/repulse-detox\/#primaryimage"},"image":{"@id":"https:\/\/agenciavicco.com.br\/Arksuplementos\/produto\/repulse-detox\/#primaryimage"},"thumbnailUrl":"https:\/\/agenciavicco.com.br\/Arksuplementos\/wp-content\/uploads\/2025\/10\/repulse.jpg","datePublished":"2025-10-09T02:41:55+00:00","dateModified":"2025-10-23T19:37:59+00:00","breadcrumb":{"@id":"https:\/\/agenciavicco.com.br\/Arksuplementos\/produto\/repulse-detox\/#breadcrumb"},"inLanguage":"pt-BR","potentialAction":[{"@type":"ReadAction","target":["https:\/\/agenciavicco.com.br\/Arksuplementos\/produto\/repulse-detox\/"]}]},{"@type":"ImageObject","inLanguage":"pt-BR","@id":"https:\/\/agenciavicco.com.br\/Arksuplementos\/produto\/repulse-detox\/#primaryimage","url":"https:\/\/agenciavicco.com.br\/Arksuplementos\/wp-content\/uploads\/2025\/10\/repulse.jpg","contentUrl":"https:\/\/agenciavicco.com.br\/Arksuplementos\/wp-content\/uploads\/2025\/10\/repulse.jpg","width":1184,"height":1350},{"@type":"BreadcrumbList","@id":"https:\/\/agenciavicco.com.br\/Arksuplementos\/produto\/repulse-detox\/#breadcrumb","itemListElement":[{"@type":"ListItem","position":1,"name":"In\u00edcio","item":"https:\/\/agenciavicco.com.br\/Arksuplementos\/"},{"@type":"ListItem","position":2,"name":"Loja","item":"https:\/\/agenciavicco.com.br\/Arksuplementos\/loja\/"},{"@type":"ListItem","position":3,"name":"Repulse Detox"}]},{"@type":"WebSite","@id":"https:\/\/agenciavicco.com.br\/Arksuplementos\/#website","url":"https:\/\/agenciavicco.com.br\/Arksuplementos\/","name":"Ark","description":"Suplementos","potentialAction":[{"@type":"SearchAction","target":{"@type":"EntryPoint","urlTemplate":"https:\/\/agenciavicco.com.br\/Arksuplementos\/?s={search_term_string}"},"query-input":{"@type":"PropertyValueSpecification","valueRequired":true,"valueName":"search_term_string"}}],"inLanguage":"pt-BR"}]}},"_links":{"self":[{"href":"https:\/\/agenciavicco.com.br\/Arksuplementos\/wp-json\/wp\/v2\/product\/9987","targetHints":{"allow":["GET"]}}],"collection":[{"href":"https:\/\/agenciavicco.com.br\/Arksuplementos\/wp-json\/wp\/v2\/product"}],"about":[{"href":"https:\/\/agenciavicco.com.br\/Arksuplementos\/wp-json\/wp\/v2\/types\/product"}],"replies":[{"embeddable":true,"href":"https:\/\/agenciavicco.com.br\/Arksuplementos\/wp-json\/wp\/v2\/comments?post=9987"}],"version-history":[{"count":8,"href":"https:\/\/agenciavicco.com.br\/Arksuplementos\/wp-json\/wp\/v2\/product\/9987\/revisions"}],"predecessor-version":[{"id":10253,"href":"https:\/\/agenciavicco.com.br\/Arksuplementos\/wp-json\/wp\/v2\/product\/9987\/revisions\/10253"}],"wp:featuredmedia":[{"embeddable":true,"href":"https:\/\/agenciavicco.com.br\/Arksuplementos\/wp-json\/wp\/v2\/media\/9975"}],"wp:attachment":[{"href":"https:\/\/agenciavicco.com.br\/Arksuplementos\/wp-json\/wp\/v2\/media?parent=9987"}],"wp:term":[{"taxonomy":"product_brand","embeddable":true,"href":"https:\/\/agenciavicco.com.br\/Arksuplementos\/wp-json\/wp\/v2\/product_brand?post=9987"},{"taxonomy":"product_cat","embeddable":true,"href":"https:\/\/agenciavicco.com.br\/Arksuplementos\/wp-json\/wp\/v2\/product_cat?post=9987"},{"taxonomy":"product_tag","embeddable":true,"href":"https:\/\/agenciavicco.com.br\/Arksuplementos\/wp-json\/wp\/v2\/product_tag?post=9987"}],"curies":[{"name":"wp","href":"https:\/\/api.w.org\/{rel}","templated":true}]}}