{"id":9962,"date":"2025-10-08T19:27:24","date_gmt":"2025-10-08T22:27:24","guid":{"rendered":"https:\/\/agenciavicco.com.br\/Arksuplementos\/?post_type=product&#038;p=9962"},"modified":"2025-10-23T16:32:55","modified_gmt":"2025-10-23T19:32:55","slug":"glico-vision","status":"publish","type":"product","link":"https:\/\/agenciavicco.com.br\/Arksuplementos\/produto\/glico-vision\/","title":{"rendered":"Glico Vision"},"content":{"rendered":"\t\t<div data-elementor-type=\"wp-post\" data-elementor-id=\"9962\" class=\"elementor elementor-9962\" data-elementor-post-type=\"product\">\n\t\t\t\t<div class=\"elementor-element elementor-element-54430b7 e-flex e-con-boxed e-con e-parent\" data-id=\"54430b7\" data-element_type=\"container\" data-e-type=\"container\">\n\t\t\t\t\t<div class=\"e-con-inner\">\n\t\t\t\t<div class=\"elementor-element elementor-element-f520e3d elementor-widget elementor-widget-heading\" data-id=\"f520e3d\" data-element_type=\"widget\" data-e-type=\"widget\" data-widget_type=\"heading.default\">\n\t\t\t\t<div class=\"elementor-widget-container\">\n\t\t\t\t\t<h3 class=\"elementor-heading-title elementor-size-default\">GLICO VISION<\/h3>\t\t\t\t<\/div>\n\t\t\t\t<\/div>\n\t\t\t\t\t<\/div>\n\t\t\t\t<\/div>\n\t\t<div class=\"elementor-element elementor-element-233ded9 e-con-full tb-width-plus-40 e-flex e-con e-parent\" data-id=\"233ded9\" data-element_type=\"container\" data-e-type=\"container\">\n\t\t<div class=\"elementor-element elementor-element-64c9331 e-con-full e-flex e-con e-child\" data-id=\"64c9331\" data-element_type=\"container\" data-e-type=\"container\">\n\t\t\t\t<div class=\"elementor-element elementor-element-3999eef elementor-widget elementor-widget-text-editor\" data-id=\"3999eef\" data-element_type=\"widget\" data-e-type=\"widget\" data-widget_type=\"text-editor.default\">\n\t\t\t\t<div class=\"elementor-widget-container\">\n\t\t\t\t\t\t\t\t\t<p>Por\u00e7\u00f5es por embalagem: 30 por\u00e7\u00f5es<br \/>Por\u00e7\u00e3o: 2 c\u00e1psulas (1 grama)<\/p><p>INFORMA\u00c7\u00c3O NUTRICIONAL<br \/>N\u00e3o cont\u00e9m quantidade significativa de carboidratos gorduras totais. gorduras saturadas, gorduras trans,<br \/>colesterol e s\u00f3dio.<br \/>gorduras monoinsaturadas, gorduras polinsaturadas,<br \/>&#8220;Percentual de valores di\u00e1rios fornecidas pela por\u00e7\u00e3o.<\/p><p><br \/>INGREDIENTES: Luteina Da Flor Tagetes Erecto, Inosto Trans Resveratrol, Esteres De Astaxantina De Haematococous Pluvialis, Zeaxantina, Aceteto De Retinol<br \/>*Cromo Bisglicinato, Olicalciferol, Estearato De Magness Silicato De Magn\u00e9sio, Di\u00f3xido De Silicio: Capsula Gelatina, Agua E Corantes. N\u00c3O CONT\u00c9M GL\u00dcTEN.<\/p>\t\t\t\t\t\t\t\t<\/div>\n\t\t\t\t<\/div>\n\t\t\t\t<\/div>\n\t\t\t\t<\/div>\n\t\t\t\t<\/div>\n\t\t","protected":false},"excerpt":{"rendered":"<p>Suplemento alimentar em c\u00e1psulas para combate \u00e0 degenera\u00e7\u00e3o macular, vis\u00e3o emba\u00e7ada entre outros, e tamb\u00e9m para auxiliar no controle do diabetes.<\/p>\n","protected":false},"featured_media":9976,"comment_status":"open","ping_status":"closed","template":"","meta":[],"product_brand":[],"product_cat":[15,133],"product_tag":[],"class_list":{"0":"post-9962","1":"product","2":"type-product","3":"status-publish","4":"has-post-thumbnail","6":"product_cat-suplementos","7":"product_cat-capsulas","8":"pa_variacoes-1-frasco","9":"pa_variacoes-3-frascos","10":"pa_variacoes-6-frascos","12":"first","13":"instock","14":"featured","15":"shipping-taxable","16":"purchasable","17":"product-type-variable"},"yoast_head":"<!-- This site is optimized with the Yoast SEO plugin v27.2 - https:\/\/yoast.com\/product\/yoast-seo-wordpress\/ -->\n<title>Glico Vision - Ark<\/title>\n<meta name=\"robots\" content=\"index, follow, max-snippet:-1, max-image-preview:large, max-video-preview:-1\" \/>\n<link rel=\"canonical\" href=\"https:\/\/agenciavicco.com.br\/Arksuplementos\/produto\/glico-vision\/\" \/>\n<meta property=\"og:locale\" content=\"pt_BR\" \/>\n<meta property=\"og:type\" content=\"article\" \/>\n<meta property=\"og:title\" content=\"Glico Vision - Ark\" \/>\n<meta property=\"og:description\" content=\"Suplemento alimentar em c\u00e1psulas para combate \u00e0 degenera\u00e7\u00e3o macular, vis\u00e3o emba\u00e7ada entre outros, e tamb\u00e9m para auxiliar no controle do diabetes.\" \/>\n<meta property=\"og:url\" content=\"https:\/\/agenciavicco.com.br\/Arksuplementos\/produto\/glico-vision\/\" \/>\n<meta property=\"og:site_name\" content=\"Ark\" \/>\n<meta property=\"article:modified_time\" content=\"2025-10-23T19:32:55+00:00\" \/>\n<meta property=\"og:image\" content=\"https:\/\/agenciavicco.com.br\/Arksuplementos\/wp-content\/uploads\/2025\/10\/vision.jpg\" \/>\n\t<meta property=\"og:image:width\" content=\"1184\" \/>\n\t<meta property=\"og:image:height\" content=\"1350\" \/>\n\t<meta property=\"og:image:type\" content=\"image\/jpeg\" \/>\n<meta name=\"twitter:card\" content=\"summary_large_image\" \/>\n<meta name=\"twitter:label1\" content=\"Est. tempo de leitura\" \/>\n\t<meta name=\"twitter:data1\" content=\"1 minuto\" \/>\n<script type=\"application\/ld+json\" class=\"yoast-schema-graph\">{\"@context\":\"https:\/\/schema.org\",\"@graph\":[{\"@type\":\"WebPage\",\"@id\":\"https:\/\/agenciavicco.com.br\/Arksuplementos\/produto\/glico-vision\/\",\"url\":\"https:\/\/agenciavicco.com.br\/Arksuplementos\/produto\/glico-vision\/\",\"name\":\"Glico Vision - Ark\",\"isPartOf\":{\"@id\":\"https:\/\/agenciavicco.com.br\/Arksuplementos\/#website\"},\"primaryImageOfPage\":{\"@id\":\"https:\/\/agenciavicco.com.br\/Arksuplementos\/produto\/glico-vision\/#primaryimage\"},\"image\":{\"@id\":\"https:\/\/agenciavicco.com.br\/Arksuplementos\/produto\/glico-vision\/#primaryimage\"},\"thumbnailUrl\":\"https:\/\/agenciavicco.com.br\/Arksuplementos\/wp-content\/uploads\/2025\/10\/vision.jpg\",\"datePublished\":\"2025-10-08T22:27:24+00:00\",\"dateModified\":\"2025-10-23T19:32:55+00:00\",\"breadcrumb\":{\"@id\":\"https:\/\/agenciavicco.com.br\/Arksuplementos\/produto\/glico-vision\/#breadcrumb\"},\"inLanguage\":\"pt-BR\",\"potentialAction\":[{\"@type\":\"ReadAction\",\"target\":[\"https:\/\/agenciavicco.com.br\/Arksuplementos\/produto\/glico-vision\/\"]}]},{\"@type\":\"ImageObject\",\"inLanguage\":\"pt-BR\",\"@id\":\"https:\/\/agenciavicco.com.br\/Arksuplementos\/produto\/glico-vision\/#primaryimage\",\"url\":\"https:\/\/agenciavicco.com.br\/Arksuplementos\/wp-content\/uploads\/2025\/10\/vision.jpg\",\"contentUrl\":\"https:\/\/agenciavicco.com.br\/Arksuplementos\/wp-content\/uploads\/2025\/10\/vision.jpg\",\"width\":1184,\"height\":1350},{\"@type\":\"BreadcrumbList\",\"@id\":\"https:\/\/agenciavicco.com.br\/Arksuplementos\/produto\/glico-vision\/#breadcrumb\",\"itemListElement\":[{\"@type\":\"ListItem\",\"position\":1,\"name\":\"In\u00edcio\",\"item\":\"https:\/\/agenciavicco.com.br\/Arksuplementos\/\"},{\"@type\":\"ListItem\",\"position\":2,\"name\":\"Loja\",\"item\":\"https:\/\/agenciavicco.com.br\/Arksuplementos\/loja\/\"},{\"@type\":\"ListItem\",\"position\":3,\"name\":\"Glico Vision\"}]},{\"@type\":\"WebSite\",\"@id\":\"https:\/\/agenciavicco.com.br\/Arksuplementos\/#website\",\"url\":\"https:\/\/agenciavicco.com.br\/Arksuplementos\/\",\"name\":\"Ark\",\"description\":\"Suplementos\",\"potentialAction\":[{\"@type\":\"SearchAction\",\"target\":{\"@type\":\"EntryPoint\",\"urlTemplate\":\"https:\/\/agenciavicco.com.br\/Arksuplementos\/?s={search_term_string}\"},\"query-input\":{\"@type\":\"PropertyValueSpecification\",\"valueRequired\":true,\"valueName\":\"search_term_string\"}}],\"inLanguage\":\"pt-BR\"}]}<\/script>\n<!-- \/ Yoast SEO plugin. -->","yoast_head_json":{"title":"Glico Vision - Ark","robots":{"index":"index","follow":"follow","max-snippet":"max-snippet:-1","max-image-preview":"max-image-preview:large","max-video-preview":"max-video-preview:-1"},"canonical":"https:\/\/agenciavicco.com.br\/Arksuplementos\/produto\/glico-vision\/","og_locale":"pt_BR","og_type":"article","og_title":"Glico Vision - Ark","og_description":"Suplemento alimentar em c\u00e1psulas para combate \u00e0 degenera\u00e7\u00e3o macular, vis\u00e3o emba\u00e7ada entre outros, e tamb\u00e9m para auxiliar no controle do diabetes.","og_url":"https:\/\/agenciavicco.com.br\/Arksuplementos\/produto\/glico-vision\/","og_site_name":"Ark","article_modified_time":"2025-10-23T19:32:55+00:00","og_image":[{"width":1184,"height":1350,"url":"https:\/\/agenciavicco.com.br\/Arksuplementos\/wp-content\/uploads\/2025\/10\/vision.jpg","type":"image\/jpeg"}],"twitter_card":"summary_large_image","twitter_misc":{"Est. tempo de leitura":"1 minuto"},"schema":{"@context":"https:\/\/schema.org","@graph":[{"@type":"WebPage","@id":"https:\/\/agenciavicco.com.br\/Arksuplementos\/produto\/glico-vision\/","url":"https:\/\/agenciavicco.com.br\/Arksuplementos\/produto\/glico-vision\/","name":"Glico Vision - Ark","isPartOf":{"@id":"https:\/\/agenciavicco.com.br\/Arksuplementos\/#website"},"primaryImageOfPage":{"@id":"https:\/\/agenciavicco.com.br\/Arksuplementos\/produto\/glico-vision\/#primaryimage"},"image":{"@id":"https:\/\/agenciavicco.com.br\/Arksuplementos\/produto\/glico-vision\/#primaryimage"},"thumbnailUrl":"https:\/\/agenciavicco.com.br\/Arksuplementos\/wp-content\/uploads\/2025\/10\/vision.jpg","datePublished":"2025-10-08T22:27:24+00:00","dateModified":"2025-10-23T19:32:55+00:00","breadcrumb":{"@id":"https:\/\/agenciavicco.com.br\/Arksuplementos\/produto\/glico-vision\/#breadcrumb"},"inLanguage":"pt-BR","potentialAction":[{"@type":"ReadAction","target":["https:\/\/agenciavicco.com.br\/Arksuplementos\/produto\/glico-vision\/"]}]},{"@type":"ImageObject","inLanguage":"pt-BR","@id":"https:\/\/agenciavicco.com.br\/Arksuplementos\/produto\/glico-vision\/#primaryimage","url":"https:\/\/agenciavicco.com.br\/Arksuplementos\/wp-content\/uploads\/2025\/10\/vision.jpg","contentUrl":"https:\/\/agenciavicco.com.br\/Arksuplementos\/wp-content\/uploads\/2025\/10\/vision.jpg","width":1184,"height":1350},{"@type":"BreadcrumbList","@id":"https:\/\/agenciavicco.com.br\/Arksuplementos\/produto\/glico-vision\/#breadcrumb","itemListElement":[{"@type":"ListItem","position":1,"name":"In\u00edcio","item":"https:\/\/agenciavicco.com.br\/Arksuplementos\/"},{"@type":"ListItem","position":2,"name":"Loja","item":"https:\/\/agenciavicco.com.br\/Arksuplementos\/loja\/"},{"@type":"ListItem","position":3,"name":"Glico Vision"}]},{"@type":"WebSite","@id":"https:\/\/agenciavicco.com.br\/Arksuplementos\/#website","url":"https:\/\/agenciavicco.com.br\/Arksuplementos\/","name":"Ark","description":"Suplementos","potentialAction":[{"@type":"SearchAction","target":{"@type":"EntryPoint","urlTemplate":"https:\/\/agenciavicco.com.br\/Arksuplementos\/?s={search_term_string}"},"query-input":{"@type":"PropertyValueSpecification","valueRequired":true,"valueName":"search_term_string"}}],"inLanguage":"pt-BR"}]}},"_links":{"self":[{"href":"https:\/\/agenciavicco.com.br\/Arksuplementos\/wp-json\/wp\/v2\/product\/9962","targetHints":{"allow":["GET"]}}],"collection":[{"href":"https:\/\/agenciavicco.com.br\/Arksuplementos\/wp-json\/wp\/v2\/product"}],"about":[{"href":"https:\/\/agenciavicco.com.br\/Arksuplementos\/wp-json\/wp\/v2\/types\/product"}],"replies":[{"embeddable":true,"href":"https:\/\/agenciavicco.com.br\/Arksuplementos\/wp-json\/wp\/v2\/comments?post=9962"}],"version-history":[{"count":8,"href":"https:\/\/agenciavicco.com.br\/Arksuplementos\/wp-json\/wp\/v2\/product\/9962\/revisions"}],"predecessor-version":[{"id":10250,"href":"https:\/\/agenciavicco.com.br\/Arksuplementos\/wp-json\/wp\/v2\/product\/9962\/revisions\/10250"}],"wp:featuredmedia":[{"embeddable":true,"href":"https:\/\/agenciavicco.com.br\/Arksuplementos\/wp-json\/wp\/v2\/media\/9976"}],"wp:attachment":[{"href":"https:\/\/agenciavicco.com.br\/Arksuplementos\/wp-json\/wp\/v2\/media?parent=9962"}],"wp:term":[{"taxonomy":"product_brand","embeddable":true,"href":"https:\/\/agenciavicco.com.br\/Arksuplementos\/wp-json\/wp\/v2\/product_brand?post=9962"},{"taxonomy":"product_cat","embeddable":true,"href":"https:\/\/agenciavicco.com.br\/Arksuplementos\/wp-json\/wp\/v2\/product_cat?post=9962"},{"taxonomy":"product_tag","embeddable":true,"href":"https:\/\/agenciavicco.com.br\/Arksuplementos\/wp-json\/wp\/v2\/product_tag?post=9962"}],"curies":[{"name":"wp","href":"https:\/\/api.w.org\/{rel}","templated":true}]}}