{"id":10282,"date":"2025-10-24T15:06:34","date_gmt":"2025-10-24T18:06:34","guid":{"rendered":"https:\/\/agenciavicco.com.br\/Arksuplementos\/?post_type=product&#038;p=10282"},"modified":"2025-10-24T16:11:03","modified_gmt":"2025-10-24T19:11:03","slug":"vitta-form","status":"publish","type":"product","link":"https:\/\/agenciavicco.com.br\/Arksuplementos\/produto\/vitta-form\/","title":{"rendered":"Vitta Form"},"content":{"rendered":"\t\t<div data-elementor-type=\"wp-post\" data-elementor-id=\"10282\" class=\"elementor elementor-10282\" data-elementor-post-type=\"product\">\n\t\t\t\t<div class=\"elementor-element elementor-element-54430b7 e-con-full e-flex e-con e-parent\" data-id=\"54430b7\" data-element_type=\"container\" data-e-type=\"container\">\n\t\t\t\t<div class=\"elementor-element elementor-element-f520e3d elementor-widget elementor-widget-heading\" data-id=\"f520e3d\" data-element_type=\"widget\" data-e-type=\"widget\" data-widget_type=\"heading.default\">\n\t\t\t\t<div class=\"elementor-widget-container\">\n\t\t\t\t\t<h3 class=\"elementor-heading-title elementor-size-default\">VITTA FORM<\/h3>\t\t\t\t<\/div>\n\t\t\t\t<\/div>\n\t\t\t\t<\/div>\n\t\t<div class=\"elementor-element elementor-element-233ded9 e-con-full tb-width-plus-40 e-flex e-con e-parent\" data-id=\"233ded9\" data-element_type=\"container\" data-e-type=\"container\">\n\t\t<div class=\"elementor-element elementor-element-64c9331 e-con-full e-flex e-con e-child\" data-id=\"64c9331\" data-element_type=\"container\" data-e-type=\"container\">\n\t\t\t\t<div class=\"elementor-element elementor-element-3999eef elementor-widget elementor-widget-text-editor\" data-id=\"3999eef\" data-element_type=\"widget\" data-e-type=\"widget\" data-widget_type=\"text-editor.default\">\n\t\t\t\t<div class=\"elementor-widget-container\">\n\t\t\t\t\t\t\t\t\t<p>Com sua f\u00f3rmula premium que cont\u00e9m laranja moro, picolinato de cromo, guaran\u00e1 cafe\u00edna, vitaminas e minerais.<br \/>Um produto para voc\u00ea perder muito peso, por\u00e9m de forma natural e saud\u00e1vel .<br \/><br \/>Frasco com 60 c\u00e1psulas<\/p><p><strong>INGREDIENTES: <\/strong><\/p><p>Laranja moro, picolinato de cromo, guaran\u00e1 cafe\u00edna, vitaminas e minerais. N\u00c3O CONT\u00c9M GL\u00daTEN.<\/p><p><strong>Forma de uso :<\/strong> 2 c\u00e1psulas ao dia.<\/p>\t\t\t\t\t\t\t\t<\/div>\n\t\t\t\t<\/div>\n\t\t\t\t<\/div>\n\t\t\t\t<\/div>\n\t\t\t\t<\/div>\n\t\t","protected":false},"excerpt":{"rendered":"<p>Produto natural premium para emagrecimento.<\/p>\n","protected":false},"featured_media":10286,"comment_status":"open","ping_status":"closed","template":"","meta":[],"product_brand":[],"product_cat":[15,133],"product_tag":[],"class_list":{"0":"post-10282","1":"product","2":"type-product","3":"status-publish","4":"has-post-thumbnail","6":"product_cat-suplementos","7":"product_cat-capsulas","8":"pa_variacoes-1-frasco","9":"pa_variacoes-3-frascos","10":"pa_variacoes-6-frascos","12":"first","13":"instock","14":"featured","15":"shipping-taxable","16":"purchasable","17":"product-type-variable"},"yoast_head":"<!-- This site is optimized with the Yoast SEO plugin v27.2 - https:\/\/yoast.com\/product\/yoast-seo-wordpress\/ -->\n<title>Vitta Form - Ark<\/title>\n<meta name=\"robots\" content=\"index, follow, max-snippet:-1, max-image-preview:large, max-video-preview:-1\" \/>\n<link rel=\"canonical\" href=\"https:\/\/agenciavicco.com.br\/Arksuplementos\/produto\/vitta-form\/\" \/>\n<meta property=\"og:locale\" content=\"pt_BR\" \/>\n<meta property=\"og:type\" content=\"article\" \/>\n<meta property=\"og:title\" content=\"Vitta Form - Ark\" \/>\n<meta property=\"og:description\" content=\"Produto natural premium para emagrecimento.\" \/>\n<meta property=\"og:url\" content=\"https:\/\/agenciavicco.com.br\/Arksuplementos\/produto\/vitta-form\/\" \/>\n<meta property=\"og:site_name\" content=\"Ark\" \/>\n<meta property=\"article:modified_time\" content=\"2025-10-24T19:11:03+00:00\" \/>\n<meta property=\"og:image\" content=\"https:\/\/agenciavicco.com.br\/Arksuplementos\/wp-content\/uploads\/2025\/10\/vittaform.jpg\" \/>\n\t<meta property=\"og:image:width\" content=\"1184\" \/>\n\t<meta property=\"og:image:height\" content=\"1350\" \/>\n\t<meta property=\"og:image:type\" content=\"image\/jpeg\" \/>\n<meta name=\"twitter:card\" content=\"summary_large_image\" \/>\n<meta name=\"twitter:label1\" content=\"Est. tempo de leitura\" \/>\n\t<meta name=\"twitter:data1\" content=\"1 minuto\" \/>\n<script type=\"application\/ld+json\" class=\"yoast-schema-graph\">{\"@context\":\"https:\/\/schema.org\",\"@graph\":[{\"@type\":\"WebPage\",\"@id\":\"https:\/\/agenciavicco.com.br\/Arksuplementos\/produto\/vitta-form\/\",\"url\":\"https:\/\/agenciavicco.com.br\/Arksuplementos\/produto\/vitta-form\/\",\"name\":\"Vitta Form - Ark\",\"isPartOf\":{\"@id\":\"https:\/\/agenciavicco.com.br\/Arksuplementos\/#website\"},\"primaryImageOfPage\":{\"@id\":\"https:\/\/agenciavicco.com.br\/Arksuplementos\/produto\/vitta-form\/#primaryimage\"},\"image\":{\"@id\":\"https:\/\/agenciavicco.com.br\/Arksuplementos\/produto\/vitta-form\/#primaryimage\"},\"thumbnailUrl\":\"https:\/\/agenciavicco.com.br\/Arksuplementos\/wp-content\/uploads\/2025\/10\/vittaform.jpg\",\"datePublished\":\"2025-10-24T18:06:34+00:00\",\"dateModified\":\"2025-10-24T19:11:03+00:00\",\"breadcrumb\":{\"@id\":\"https:\/\/agenciavicco.com.br\/Arksuplementos\/produto\/vitta-form\/#breadcrumb\"},\"inLanguage\":\"pt-BR\",\"potentialAction\":[{\"@type\":\"ReadAction\",\"target\":[\"https:\/\/agenciavicco.com.br\/Arksuplementos\/produto\/vitta-form\/\"]}]},{\"@type\":\"ImageObject\",\"inLanguage\":\"pt-BR\",\"@id\":\"https:\/\/agenciavicco.com.br\/Arksuplementos\/produto\/vitta-form\/#primaryimage\",\"url\":\"https:\/\/agenciavicco.com.br\/Arksuplementos\/wp-content\/uploads\/2025\/10\/vittaform.jpg\",\"contentUrl\":\"https:\/\/agenciavicco.com.br\/Arksuplementos\/wp-content\/uploads\/2025\/10\/vittaform.jpg\",\"width\":1184,\"height\":1350},{\"@type\":\"BreadcrumbList\",\"@id\":\"https:\/\/agenciavicco.com.br\/Arksuplementos\/produto\/vitta-form\/#breadcrumb\",\"itemListElement\":[{\"@type\":\"ListItem\",\"position\":1,\"name\":\"In\u00edcio\",\"item\":\"https:\/\/agenciavicco.com.br\/Arksuplementos\/\"},{\"@type\":\"ListItem\",\"position\":2,\"name\":\"Loja\",\"item\":\"https:\/\/agenciavicco.com.br\/Arksuplementos\/loja\/\"},{\"@type\":\"ListItem\",\"position\":3,\"name\":\"Vitta Form\"}]},{\"@type\":\"WebSite\",\"@id\":\"https:\/\/agenciavicco.com.br\/Arksuplementos\/#website\",\"url\":\"https:\/\/agenciavicco.com.br\/Arksuplementos\/\",\"name\":\"Ark\",\"description\":\"Suplementos\",\"potentialAction\":[{\"@type\":\"SearchAction\",\"target\":{\"@type\":\"EntryPoint\",\"urlTemplate\":\"https:\/\/agenciavicco.com.br\/Arksuplementos\/?s={search_term_string}\"},\"query-input\":{\"@type\":\"PropertyValueSpecification\",\"valueRequired\":true,\"valueName\":\"search_term_string\"}}],\"inLanguage\":\"pt-BR\"}]}<\/script>\n<!-- \/ Yoast SEO plugin. -->","yoast_head_json":{"title":"Vitta Form - Ark","robots":{"index":"index","follow":"follow","max-snippet":"max-snippet:-1","max-image-preview":"max-image-preview:large","max-video-preview":"max-video-preview:-1"},"canonical":"https:\/\/agenciavicco.com.br\/Arksuplementos\/produto\/vitta-form\/","og_locale":"pt_BR","og_type":"article","og_title":"Vitta Form - Ark","og_description":"Produto natural premium para emagrecimento.","og_url":"https:\/\/agenciavicco.com.br\/Arksuplementos\/produto\/vitta-form\/","og_site_name":"Ark","article_modified_time":"2025-10-24T19:11:03+00:00","og_image":[{"width":1184,"height":1350,"url":"https:\/\/agenciavicco.com.br\/Arksuplementos\/wp-content\/uploads\/2025\/10\/vittaform.jpg","type":"image\/jpeg"}],"twitter_card":"summary_large_image","twitter_misc":{"Est. tempo de leitura":"1 minuto"},"schema":{"@context":"https:\/\/schema.org","@graph":[{"@type":"WebPage","@id":"https:\/\/agenciavicco.com.br\/Arksuplementos\/produto\/vitta-form\/","url":"https:\/\/agenciavicco.com.br\/Arksuplementos\/produto\/vitta-form\/","name":"Vitta Form - Ark","isPartOf":{"@id":"https:\/\/agenciavicco.com.br\/Arksuplementos\/#website"},"primaryImageOfPage":{"@id":"https:\/\/agenciavicco.com.br\/Arksuplementos\/produto\/vitta-form\/#primaryimage"},"image":{"@id":"https:\/\/agenciavicco.com.br\/Arksuplementos\/produto\/vitta-form\/#primaryimage"},"thumbnailUrl":"https:\/\/agenciavicco.com.br\/Arksuplementos\/wp-content\/uploads\/2025\/10\/vittaform.jpg","datePublished":"2025-10-24T18:06:34+00:00","dateModified":"2025-10-24T19:11:03+00:00","breadcrumb":{"@id":"https:\/\/agenciavicco.com.br\/Arksuplementos\/produto\/vitta-form\/#breadcrumb"},"inLanguage":"pt-BR","potentialAction":[{"@type":"ReadAction","target":["https:\/\/agenciavicco.com.br\/Arksuplementos\/produto\/vitta-form\/"]}]},{"@type":"ImageObject","inLanguage":"pt-BR","@id":"https:\/\/agenciavicco.com.br\/Arksuplementos\/produto\/vitta-form\/#primaryimage","url":"https:\/\/agenciavicco.com.br\/Arksuplementos\/wp-content\/uploads\/2025\/10\/vittaform.jpg","contentUrl":"https:\/\/agenciavicco.com.br\/Arksuplementos\/wp-content\/uploads\/2025\/10\/vittaform.jpg","width":1184,"height":1350},{"@type":"BreadcrumbList","@id":"https:\/\/agenciavicco.com.br\/Arksuplementos\/produto\/vitta-form\/#breadcrumb","itemListElement":[{"@type":"ListItem","position":1,"name":"In\u00edcio","item":"https:\/\/agenciavicco.com.br\/Arksuplementos\/"},{"@type":"ListItem","position":2,"name":"Loja","item":"https:\/\/agenciavicco.com.br\/Arksuplementos\/loja\/"},{"@type":"ListItem","position":3,"name":"Vitta Form"}]},{"@type":"WebSite","@id":"https:\/\/agenciavicco.com.br\/Arksuplementos\/#website","url":"https:\/\/agenciavicco.com.br\/Arksuplementos\/","name":"Ark","description":"Suplementos","potentialAction":[{"@type":"SearchAction","target":{"@type":"EntryPoint","urlTemplate":"https:\/\/agenciavicco.com.br\/Arksuplementos\/?s={search_term_string}"},"query-input":{"@type":"PropertyValueSpecification","valueRequired":true,"valueName":"search_term_string"}}],"inLanguage":"pt-BR"}]}},"_links":{"self":[{"href":"https:\/\/agenciavicco.com.br\/Arksuplementos\/wp-json\/wp\/v2\/product\/10282","targetHints":{"allow":["GET"]}}],"collection":[{"href":"https:\/\/agenciavicco.com.br\/Arksuplementos\/wp-json\/wp\/v2\/product"}],"about":[{"href":"https:\/\/agenciavicco.com.br\/Arksuplementos\/wp-json\/wp\/v2\/types\/product"}],"replies":[{"embeddable":true,"href":"https:\/\/agenciavicco.com.br\/Arksuplementos\/wp-json\/wp\/v2\/comments?post=10282"}],"version-history":[{"count":9,"href":"https:\/\/agenciavicco.com.br\/Arksuplementos\/wp-json\/wp\/v2\/product\/10282\/revisions"}],"predecessor-version":[{"id":10310,"href":"https:\/\/agenciavicco.com.br\/Arksuplementos\/wp-json\/wp\/v2\/product\/10282\/revisions\/10310"}],"wp:featuredmedia":[{"embeddable":true,"href":"https:\/\/agenciavicco.com.br\/Arksuplementos\/wp-json\/wp\/v2\/media\/10286"}],"wp:attachment":[{"href":"https:\/\/agenciavicco.com.br\/Arksuplementos\/wp-json\/wp\/v2\/media?parent=10282"}],"wp:term":[{"taxonomy":"product_brand","embeddable":true,"href":"https:\/\/agenciavicco.com.br\/Arksuplementos\/wp-json\/wp\/v2\/product_brand?post=10282"},{"taxonomy":"product_cat","embeddable":true,"href":"https:\/\/agenciavicco.com.br\/Arksuplementos\/wp-json\/wp\/v2\/product_cat?post=10282"},{"taxonomy":"product_tag","embeddable":true,"href":"https:\/\/agenciavicco.com.br\/Arksuplementos\/wp-json\/wp\/v2\/product_tag?post=10282"}],"curies":[{"name":"wp","href":"https:\/\/api.w.org\/{rel}","templated":true}]}}