{"id":10022,"date":"2025-10-09T00:16:57","date_gmt":"2025-10-09T03:16:57","guid":{"rendered":"https:\/\/agenciavicco.com.br\/Arksuplementos\/?post_type=product&#038;p=10022"},"modified":"2025-10-23T17:19:32","modified_gmt":"2025-10-23T20:19:32","slug":"balsamo-gold","status":"publish","type":"product","link":"https:\/\/agenciavicco.com.br\/Arksuplementos\/produto\/balsamo-gold\/","title":{"rendered":"B\u00e1lsamo Gold"},"content":{"rendered":"\t\t<div data-elementor-type=\"wp-post\" data-elementor-id=\"10022\" class=\"elementor elementor-10022\" data-elementor-post-type=\"product\">\n\t\t\t\t<div class=\"elementor-element elementor-element-54430b7 e-flex e-con-boxed e-con e-parent\" data-id=\"54430b7\" data-element_type=\"container\" data-e-type=\"container\">\n\t\t\t\t\t<div class=\"e-con-inner\">\n\t\t\t\t<div class=\"elementor-element elementor-element-f520e3d elementor-widget elementor-widget-heading\" data-id=\"f520e3d\" data-element_type=\"widget\" data-e-type=\"widget\" data-widget_type=\"heading.default\">\n\t\t\t\t<div class=\"elementor-widget-container\">\n\t\t\t\t\t<h3 class=\"elementor-heading-title elementor-size-default\">B\u00c1LSAMO GOLD<\/h3>\t\t\t\t<\/div>\n\t\t\t\t<\/div>\n\t\t\t\t\t<\/div>\n\t\t\t\t<\/div>\n\t\t<div class=\"elementor-element elementor-element-233ded9 e-con-full tb-width-plus-40 e-flex e-con e-parent\" data-id=\"233ded9\" data-element_type=\"container\" data-e-type=\"container\">\n\t\t<div class=\"elementor-element elementor-element-64c9331 e-con-full e-flex e-con e-child\" data-id=\"64c9331\" data-element_type=\"container\" data-e-type=\"container\">\n\t\t\t\t<div class=\"elementor-element elementor-element-3999eef elementor-widget elementor-widget-text-editor\" data-id=\"3999eef\" data-element_type=\"widget\" data-e-type=\"widget\" data-widget_type=\"text-editor.default\">\n\t\t\t\t<div class=\"elementor-widget-container\">\n\t\t\t\t\t\t\t\t\t<p><strong>Composi\u00e7\u00e3o:<\/strong><\/p><p>\u00c1gua, Alcool Etilico, Glicerol, C\u00e2nfora, Carb\u00f4mer, Methyl Salicylate, Mentol, \u00f3leo de Folha de Hortel\u0103 Doce, Aminometilpropanol, Ededato Diss\u00f3dico, Fenoxietanol, Polissorbato 20, Etilexeyiglicerina, Extrato da Casca Castanheiro da \u00cdndia, Extrato da Folha de Aloe Vera, Extrato da Flor\/Folha\/ Caule de Aquilegia<br \/>Sibrica, Extrato da Semente da Bardana, Extrato de Flor de Arnica, Extrato da Semente de Castanha do Par\u00e1, Extrato do Galho de B\u00e9tula Prata, Extrato da Folha de Ch\u00e1 da \u00cdndia, Extrato de Centella Asi\u00e1tica, Extrato de Folha de Erva de Santa Maria, Extrato de Resina de Mirra, Extrato de Capim Santo, Extrato de Cavalinha, Extrato da Folha de Eucalipto, Extrato da Folha de Ginko Biloba, Extrato de Mutamba, Extrato de Noni, Extrato de Agri\u00e3o, Extrato da Folha de Manjeri\u00e7\u00e3o, Extrato da Folha de Alecrim. Extrato da Folha da Arruda, Extrato da Semente de Aroeira, Extrato de Malva, Extrato da Raiz de Salsaparilha, Extrato da Casca de Barbatim\u00e3o, Extrato da Folha do Confrei, Extrato de Gengibre, \u00f3leo da Semente de Andiroba, Resina de Copaiba, \u00f3leo da Flor de Cravo da \u00cdndia, Dimetilidantoina, Corante Amarelo.<\/p><p><strong>Modo de Uso: <\/strong><\/p><p>Aplique uma quantidade suficiente do gel na \u00e1rea desejada. Massageie suavemente com movimentos circulares, at\u00e9 que o produto seja completamente absorvido pela pele. Para intensificar a sensa\u00e7\u00e3o de bem-estar, continue a massagem por alguns minutos, permitindo que os ativos penetrem profundamente na pele. Use diariamente ou conforme necess\u00e1rio, principalmente ap\u00f3s atividades f\u00edsicas ou momentos de tens\u00e3o muscular.<\/p>\t\t\t\t\t\t\t\t<\/div>\n\t\t\t\t<\/div>\n\t\t\t\t<\/div>\n\t\t\t\t<\/div>\n\t\t\t\t<\/div>\n\t\t","protected":false},"excerpt":{"rendered":"<p>B\u00e1lsamo Gold<\/p>\n","protected":false},"featured_media":9969,"comment_status":"open","ping_status":"closed","template":"","meta":[],"product_brand":[],"product_cat":[15,134],"product_tag":[],"class_list":{"0":"post-10022","1":"product","2":"type-product","3":"status-publish","4":"has-post-thumbnail","6":"product_cat-suplementos","7":"product_cat-pomada","8":"pa_variacoes-1-frasco","9":"pa_variacoes-3-frascos","10":"pa_variacoes-6-frascos","12":"first","13":"instock","14":"featured","15":"shipping-taxable","16":"purchasable","17":"product-type-variable"},"yoast_head":"<!-- This site is optimized with the Yoast SEO plugin v27.2 - https:\/\/yoast.com\/product\/yoast-seo-wordpress\/ -->\n<title>B\u00e1lsamo Gold - Ark<\/title>\n<meta name=\"robots\" content=\"index, follow, max-snippet:-1, max-image-preview:large, max-video-preview:-1\" \/>\n<link rel=\"canonical\" href=\"https:\/\/agenciavicco.com.br\/Arksuplementos\/produto\/balsamo-gold\/\" \/>\n<meta property=\"og:locale\" content=\"pt_BR\" \/>\n<meta property=\"og:type\" content=\"article\" \/>\n<meta property=\"og:title\" content=\"B\u00e1lsamo Gold - Ark\" \/>\n<meta property=\"og:description\" content=\"B\u00e1lsamo Gold\" \/>\n<meta property=\"og:url\" content=\"https:\/\/agenciavicco.com.br\/Arksuplementos\/produto\/balsamo-gold\/\" \/>\n<meta property=\"og:site_name\" content=\"Ark\" \/>\n<meta property=\"article:modified_time\" content=\"2025-10-23T20:19:32+00:00\" \/>\n<meta property=\"og:image\" content=\"https:\/\/agenciavicco.com.br\/Arksuplementos\/wp-content\/uploads\/2025\/10\/balsamo.jpg\" \/>\n\t<meta property=\"og:image:width\" content=\"1184\" \/>\n\t<meta property=\"og:image:height\" content=\"1350\" \/>\n\t<meta property=\"og:image:type\" content=\"image\/jpeg\" \/>\n<meta name=\"twitter:card\" content=\"summary_large_image\" \/>\n<meta name=\"twitter:label1\" content=\"Est. tempo de leitura\" \/>\n\t<meta name=\"twitter:data1\" content=\"2 minutos\" \/>\n<script type=\"application\/ld+json\" class=\"yoast-schema-graph\">{\"@context\":\"https:\/\/schema.org\",\"@graph\":[{\"@type\":\"WebPage\",\"@id\":\"https:\/\/agenciavicco.com.br\/Arksuplementos\/produto\/balsamo-gold\/\",\"url\":\"https:\/\/agenciavicco.com.br\/Arksuplementos\/produto\/balsamo-gold\/\",\"name\":\"B\u00e1lsamo Gold - Ark\",\"isPartOf\":{\"@id\":\"https:\/\/agenciavicco.com.br\/Arksuplementos\/#website\"},\"primaryImageOfPage\":{\"@id\":\"https:\/\/agenciavicco.com.br\/Arksuplementos\/produto\/balsamo-gold\/#primaryimage\"},\"image\":{\"@id\":\"https:\/\/agenciavicco.com.br\/Arksuplementos\/produto\/balsamo-gold\/#primaryimage\"},\"thumbnailUrl\":\"https:\/\/agenciavicco.com.br\/Arksuplementos\/wp-content\/uploads\/2025\/10\/balsamo.jpg\",\"datePublished\":\"2025-10-09T03:16:57+00:00\",\"dateModified\":\"2025-10-23T20:19:32+00:00\",\"breadcrumb\":{\"@id\":\"https:\/\/agenciavicco.com.br\/Arksuplementos\/produto\/balsamo-gold\/#breadcrumb\"},\"inLanguage\":\"pt-BR\",\"potentialAction\":[{\"@type\":\"ReadAction\",\"target\":[\"https:\/\/agenciavicco.com.br\/Arksuplementos\/produto\/balsamo-gold\/\"]}]},{\"@type\":\"ImageObject\",\"inLanguage\":\"pt-BR\",\"@id\":\"https:\/\/agenciavicco.com.br\/Arksuplementos\/produto\/balsamo-gold\/#primaryimage\",\"url\":\"https:\/\/agenciavicco.com.br\/Arksuplementos\/wp-content\/uploads\/2025\/10\/balsamo.jpg\",\"contentUrl\":\"https:\/\/agenciavicco.com.br\/Arksuplementos\/wp-content\/uploads\/2025\/10\/balsamo.jpg\",\"width\":1184,\"height\":1350},{\"@type\":\"BreadcrumbList\",\"@id\":\"https:\/\/agenciavicco.com.br\/Arksuplementos\/produto\/balsamo-gold\/#breadcrumb\",\"itemListElement\":[{\"@type\":\"ListItem\",\"position\":1,\"name\":\"In\u00edcio\",\"item\":\"https:\/\/agenciavicco.com.br\/Arksuplementos\/\"},{\"@type\":\"ListItem\",\"position\":2,\"name\":\"Loja\",\"item\":\"https:\/\/agenciavicco.com.br\/Arksuplementos\/loja\/\"},{\"@type\":\"ListItem\",\"position\":3,\"name\":\"B\u00e1lsamo Gold\"}]},{\"@type\":\"WebSite\",\"@id\":\"https:\/\/agenciavicco.com.br\/Arksuplementos\/#website\",\"url\":\"https:\/\/agenciavicco.com.br\/Arksuplementos\/\",\"name\":\"Ark\",\"description\":\"Suplementos\",\"potentialAction\":[{\"@type\":\"SearchAction\",\"target\":{\"@type\":\"EntryPoint\",\"urlTemplate\":\"https:\/\/agenciavicco.com.br\/Arksuplementos\/?s={search_term_string}\"},\"query-input\":{\"@type\":\"PropertyValueSpecification\",\"valueRequired\":true,\"valueName\":\"search_term_string\"}}],\"inLanguage\":\"pt-BR\"}]}<\/script>\n<!-- \/ Yoast SEO plugin. -->","yoast_head_json":{"title":"B\u00e1lsamo Gold - Ark","robots":{"index":"index","follow":"follow","max-snippet":"max-snippet:-1","max-image-preview":"max-image-preview:large","max-video-preview":"max-video-preview:-1"},"canonical":"https:\/\/agenciavicco.com.br\/Arksuplementos\/produto\/balsamo-gold\/","og_locale":"pt_BR","og_type":"article","og_title":"B\u00e1lsamo Gold - Ark","og_description":"B\u00e1lsamo Gold","og_url":"https:\/\/agenciavicco.com.br\/Arksuplementos\/produto\/balsamo-gold\/","og_site_name":"Ark","article_modified_time":"2025-10-23T20:19:32+00:00","og_image":[{"width":1184,"height":1350,"url":"https:\/\/agenciavicco.com.br\/Arksuplementos\/wp-content\/uploads\/2025\/10\/balsamo.jpg","type":"image\/jpeg"}],"twitter_card":"summary_large_image","twitter_misc":{"Est. tempo de leitura":"2 minutos"},"schema":{"@context":"https:\/\/schema.org","@graph":[{"@type":"WebPage","@id":"https:\/\/agenciavicco.com.br\/Arksuplementos\/produto\/balsamo-gold\/","url":"https:\/\/agenciavicco.com.br\/Arksuplementos\/produto\/balsamo-gold\/","name":"B\u00e1lsamo Gold - Ark","isPartOf":{"@id":"https:\/\/agenciavicco.com.br\/Arksuplementos\/#website"},"primaryImageOfPage":{"@id":"https:\/\/agenciavicco.com.br\/Arksuplementos\/produto\/balsamo-gold\/#primaryimage"},"image":{"@id":"https:\/\/agenciavicco.com.br\/Arksuplementos\/produto\/balsamo-gold\/#primaryimage"},"thumbnailUrl":"https:\/\/agenciavicco.com.br\/Arksuplementos\/wp-content\/uploads\/2025\/10\/balsamo.jpg","datePublished":"2025-10-09T03:16:57+00:00","dateModified":"2025-10-23T20:19:32+00:00","breadcrumb":{"@id":"https:\/\/agenciavicco.com.br\/Arksuplementos\/produto\/balsamo-gold\/#breadcrumb"},"inLanguage":"pt-BR","potentialAction":[{"@type":"ReadAction","target":["https:\/\/agenciavicco.com.br\/Arksuplementos\/produto\/balsamo-gold\/"]}]},{"@type":"ImageObject","inLanguage":"pt-BR","@id":"https:\/\/agenciavicco.com.br\/Arksuplementos\/produto\/balsamo-gold\/#primaryimage","url":"https:\/\/agenciavicco.com.br\/Arksuplementos\/wp-content\/uploads\/2025\/10\/balsamo.jpg","contentUrl":"https:\/\/agenciavicco.com.br\/Arksuplementos\/wp-content\/uploads\/2025\/10\/balsamo.jpg","width":1184,"height":1350},{"@type":"BreadcrumbList","@id":"https:\/\/agenciavicco.com.br\/Arksuplementos\/produto\/balsamo-gold\/#breadcrumb","itemListElement":[{"@type":"ListItem","position":1,"name":"In\u00edcio","item":"https:\/\/agenciavicco.com.br\/Arksuplementos\/"},{"@type":"ListItem","position":2,"name":"Loja","item":"https:\/\/agenciavicco.com.br\/Arksuplementos\/loja\/"},{"@type":"ListItem","position":3,"name":"B\u00e1lsamo Gold"}]},{"@type":"WebSite","@id":"https:\/\/agenciavicco.com.br\/Arksuplementos\/#website","url":"https:\/\/agenciavicco.com.br\/Arksuplementos\/","name":"Ark","description":"Suplementos","potentialAction":[{"@type":"SearchAction","target":{"@type":"EntryPoint","urlTemplate":"https:\/\/agenciavicco.com.br\/Arksuplementos\/?s={search_term_string}"},"query-input":{"@type":"PropertyValueSpecification","valueRequired":true,"valueName":"search_term_string"}}],"inLanguage":"pt-BR"}]}},"_links":{"self":[{"href":"https:\/\/agenciavicco.com.br\/Arksuplementos\/wp-json\/wp\/v2\/product\/10022","targetHints":{"allow":["GET"]}}],"collection":[{"href":"https:\/\/agenciavicco.com.br\/Arksuplementos\/wp-json\/wp\/v2\/product"}],"about":[{"href":"https:\/\/agenciavicco.com.br\/Arksuplementos\/wp-json\/wp\/v2\/types\/product"}],"replies":[{"embeddable":true,"href":"https:\/\/agenciavicco.com.br\/Arksuplementos\/wp-json\/wp\/v2\/comments?post=10022"}],"version-history":[{"count":13,"href":"https:\/\/agenciavicco.com.br\/Arksuplementos\/wp-json\/wp\/v2\/product\/10022\/revisions"}],"predecessor-version":[{"id":10278,"href":"https:\/\/agenciavicco.com.br\/Arksuplementos\/wp-json\/wp\/v2\/product\/10022\/revisions\/10278"}],"wp:featuredmedia":[{"embeddable":true,"href":"https:\/\/agenciavicco.com.br\/Arksuplementos\/wp-json\/wp\/v2\/media\/9969"}],"wp:attachment":[{"href":"https:\/\/agenciavicco.com.br\/Arksuplementos\/wp-json\/wp\/v2\/media?parent=10022"}],"wp:term":[{"taxonomy":"product_brand","embeddable":true,"href":"https:\/\/agenciavicco.com.br\/Arksuplementos\/wp-json\/wp\/v2\/product_brand?post=10022"},{"taxonomy":"product_cat","embeddable":true,"href":"https:\/\/agenciavicco.com.br\/Arksuplementos\/wp-json\/wp\/v2\/product_cat?post=10022"},{"taxonomy":"product_tag","embeddable":true,"href":"https:\/\/agenciavicco.com.br\/Arksuplementos\/wp-json\/wp\/v2\/product_tag?post=10022"}],"curies":[{"name":"wp","href":"https:\/\/api.w.org\/{rel}","templated":true}]}}